{"id":1348,"date":"2020-05-14T13:38:17","date_gmt":"2020-05-14T09:38:17","guid":{"rendered":"https:\/\/karchershop.az\/?post_type=product&#038;p=1348"},"modified":"2026-05-01T21:35:25","modified_gmt":"2026-05-01T17:35:25","slug":"sanitpro-ca-10-c-eco-perform-1-l","status":"publish","type":"product","link":"https:\/\/karchershop.az\/az\/home-garden\/moyushhie-sredstva-karcher\/sanitpro-ca-10-c-eco-perform-1-l","title":{"rendered":"SanitPro CA 10 C eco!perform, 1 L"},"content":{"rendered":"","protected":false},"excerpt":{"rendered":"<p>Xo\u015f bir t\u0259z\u0259 qoxu il\u0259 y\u00fcks\u0259k aktiv, viskoz konsentrat. Sanitariya obyektl\u0259rind\u0259 \u00e7ox \u00e7irkl\u0259nmi\u015f s\u0259thl\u0259ri t\u0259mizl\u0259m\u0259k \u00fc\u00e7\u00fcn uy\u011fundur.<\/p>","protected":false},"featured_media":1357,"comment_status":"open","ping_status":"closed","template":"","meta":[],"product_cat":[15,186],"product_tag":[253],"class_list":{"0":"post-1348","1":"product","2":"type-product","3":"status-publish","4":"has-post-thumbnail","6":"product_cat-home-garden","7":"product_cat-moyushhie-sredstva-karcher","8":"product_tag-moyushhie-sredstva-ruchnogo-primeneniya","10":"first","11":"instock","12":"shipping-taxable","13":"purchasable","14":"product-type-simple"},"_links":{"self":[{"href":"https:\/\/karchershop.az\/az\/wp-json\/wp\/v2\/product\/1348","targetHints":{"allow":["GET"]}}],"collection":[{"href":"https:\/\/karchershop.az\/az\/wp-json\/wp\/v2\/product"}],"about":[{"href":"https:\/\/karchershop.az\/az\/wp-json\/wp\/v2\/types\/product"}],"replies":[{"embeddable":true,"href":"https:\/\/karchershop.az\/az\/wp-json\/wp\/v2\/comments?post=1348"}],"wp:featuredmedia":[{"embeddable":true,"href":"https:\/\/karchershop.az\/az\/wp-json\/wp\/v2\/media\/1357"}],"wp:attachment":[{"href":"https:\/\/karchershop.az\/az\/wp-json\/wp\/v2\/media?parent=1348"}],"wp:term":[{"taxonomy":"product_cat","embeddable":true,"href":"https:\/\/karchershop.az\/az\/wp-json\/wp\/v2\/product_cat?post=1348"},{"taxonomy":"product_tag","embeddable":true,"href":"https:\/\/karchershop.az\/az\/wp-json\/wp\/v2\/product_tag?post=1348"}],"curies":[{"name":"wp","href":"https:\/\/api.w.org\/{rel}","templated":true}]}}