{"id":13587,"date":"2024-12-26T15:14:13","date_gmt":"2024-12-26T11:14:13","guid":{"rendered":"https:\/\/karchershop.az\/?post_type=product&#038;p=13587"},"modified":"2026-05-01T21:36:08","modified_gmt":"2026-05-01T17:36:08","slug":"rm-530","status":"publish","type":"product","link":"https:\/\/karchershop.az\/az\/home-garden\/moyushhie-sredstva-karcher\/rm-530","title":{"rendered":"D\u00f6\u015f\u0259m\u0259 bax\u0131m\u0131 mumlu parket RM 530"},"content":{"rendered":"","protected":false},"excerpt":{"rendered":"<p>Mumlu parket d\u00f6\u015f\u0259m\u0259 bax\u0131m\u0131 RM 530, mum hopdurmas\u0131 v\u0259 ya ya\u011f-mum qoruyucu \u00f6rt\u00fckl\u00fc s\u0259rt d\u00f6\u015f\u0259m\u0259l\u0259r \u00fc\u00e7\u00fcn optimal qulluq v\u0259 qoruma vasit\u0259sidir.<\/p>","protected":false},"featured_media":13588,"comment_status":"open","ping_status":"closed","template":"","meta":[],"product_cat":[15,186],"product_tag":[],"class_list":{"0":"post-13587","1":"product","2":"type-product","3":"status-publish","4":"has-post-thumbnail","6":"product_cat-home-garden","7":"product_cat-moyushhie-sredstva-karcher","9":"first","10":"instock","11":"shipping-taxable","12":"purchasable","13":"product-type-simple"},"_links":{"self":[{"href":"https:\/\/karchershop.az\/az\/wp-json\/wp\/v2\/product\/13587","targetHints":{"allow":["GET"]}}],"collection":[{"href":"https:\/\/karchershop.az\/az\/wp-json\/wp\/v2\/product"}],"about":[{"href":"https:\/\/karchershop.az\/az\/wp-json\/wp\/v2\/types\/product"}],"replies":[{"embeddable":true,"href":"https:\/\/karchershop.az\/az\/wp-json\/wp\/v2\/comments?post=13587"}],"wp:featuredmedia":[{"embeddable":true,"href":"https:\/\/karchershop.az\/az\/wp-json\/wp\/v2\/media\/13588"}],"wp:attachment":[{"href":"https:\/\/karchershop.az\/az\/wp-json\/wp\/v2\/media?parent=13587"}],"wp:term":[{"taxonomy":"product_cat","embeddable":true,"href":"https:\/\/karchershop.az\/az\/wp-json\/wp\/v2\/product_cat?post=13587"},{"taxonomy":"product_tag","embeddable":true,"href":"https:\/\/karchershop.az\/az\/wp-json\/wp\/v2\/product_tag?post=13587"}],"curies":[{"name":"wp","href":"https:\/\/api.w.org\/{rel}","templated":true}]}}