{"id":1360,"date":"2020-05-12T16:40:40","date_gmt":"2020-05-12T12:40:40","guid":{"rendered":"https:\/\/karchershop.az\/?post_type=product&#038;p=1360"},"modified":"2026-05-01T21:35:26","modified_gmt":"2026-05-01T17:35:26","slug":"sanitpro-ca-20-c-eco-perform-1-l","status":"publish","type":"product","link":"https:\/\/karchershop.az\/az\/home-garden\/moyushhie-sredstva-karcher\/sanitpro-ca-20-c-eco-perform-1-l","title":{"rendered":"SanitPro CA 20 C eco!perform, 1 L"},"content":{"rendered":"","protected":false},"excerpt":{"rendered":"<p>Ekoloji c\u0259h\u0259td\u0259n t\u0259miz g\u00fcnd\u0259lik t\u0259mizlik \u00fc\u00e7\u00fcn. Konsentrant. Sanitariya qur\u011fular\u0131n\u0131n m\u00fcnt\u0259z\u0259m t\u0259mizl\u0259nm\u0259si \u00fc\u00e7\u00fcn ideald\u0131r.<\/p>","protected":false},"featured_media":1361,"comment_status":"open","ping_status":"closed","template":"","meta":[],"product_cat":[15,186],"product_tag":[253],"class_list":{"0":"post-1360","1":"product","2":"type-product","3":"status-publish","4":"has-post-thumbnail","6":"product_cat-home-garden","7":"product_cat-moyushhie-sredstva-karcher","8":"product_tag-moyushhie-sredstva-ruchnogo-primeneniya","10":"first","11":"instock","12":"shipping-taxable","13":"purchasable","14":"product-type-simple"},"_links":{"self":[{"href":"https:\/\/karchershop.az\/az\/wp-json\/wp\/v2\/product\/1360","targetHints":{"allow":["GET"]}}],"collection":[{"href":"https:\/\/karchershop.az\/az\/wp-json\/wp\/v2\/product"}],"about":[{"href":"https:\/\/karchershop.az\/az\/wp-json\/wp\/v2\/types\/product"}],"replies":[{"embeddable":true,"href":"https:\/\/karchershop.az\/az\/wp-json\/wp\/v2\/comments?post=1360"}],"wp:featuredmedia":[{"embeddable":true,"href":"https:\/\/karchershop.az\/az\/wp-json\/wp\/v2\/media\/1361"}],"wp:attachment":[{"href":"https:\/\/karchershop.az\/az\/wp-json\/wp\/v2\/media?parent=1360"}],"wp:term":[{"taxonomy":"product_cat","embeddable":true,"href":"https:\/\/karchershop.az\/az\/wp-json\/wp\/v2\/product_cat?post=1360"},{"taxonomy":"product_tag","embeddable":true,"href":"https:\/\/karchershop.az\/az\/wp-json\/wp\/v2\/product_tag?post=1360"}],"curies":[{"name":"wp","href":"https:\/\/api.w.org\/{rel}","templated":true}]}}