{"id":13740,"date":"2025-02-01T08:01:12","date_gmt":"2025-02-01T04:01:12","guid":{"rendered":"https:\/\/karchershop.az\/?post_type=product&#038;p=13740"},"modified":"2026-05-01T21:36:09","modified_gmt":"2026-05-01T17:36:09","slug":"battery-power-vacuum-cleaner-vc-4-cordless-myhome-car","status":"publish","type":"product","link":"https:\/\/karchershop.az\/az\/home-garden\/pylesosy\/vertikalnye-pylesosy\/battery-power-vacuum-cleaner-vc-4-cordless-myhome-car","title":{"rendered":"Battery-power vacuum cleaner VC 4 Cordless myHome Car"},"content":{"rendered":"<p>Laz\u0131m olan anda h\u0259mi\u015f\u0259 yan\u0131n\u0131zdad\u0131r: VC 4 Cordless myHome avtomobil tozsoran\u0131 y\u00fcng\u00fcl \u00e7\u0259kisi v\u0259 h\u0259r\u0259k\u0259t azadl\u0131\u011f\u0131 say\u0259sind\u0259 x\u00fcsusil\u0259 \u00e7oxfunksiyal\u0131 v\u0259 istifad\u0259si asand\u0131r. \u018fg\u0259r sorucu borunu \u00e7\u0131xarsan\u0131z, o, avtomobil salonunun t\u0259mizl\u0259nm\u0259si \u00fc\u00e7\u00fcn ideal olan kompakt \u0259l tozsoran\u0131na \u00e7evrilir. Avtomobil salonunun t\u0259mizliyi \u00fc\u00e7\u00fcn ideal olan aksessuarlar da d\u0259st\u0259y\u0259 daxildir: dar yerl\u0259r \u00fc\u00e7\u00fcn ba\u015fl\u0131q, uzad\u0131lm\u0131\u015f v\u0259 elastik dar ba\u015fl\u0131q, h\u0259ssas s\u0259thl\u0259r \u00fc\u00e7\u00fcn yum\u015faq 2-i-1 ba\u015fl\u0131q, daha geni\u015f f\u0259aliyy\u0259t radiusu \u00fc\u00e7\u00fcn uzad\u0131c\u0131 \u015flanq v\u0259 iri d\u00f6\u015f\u0259m\u0259 ba\u015fl\u0131\u011f\u0131. Cihaz tam doldurulduqda 30 d\u0259qiq\u0259y\u0259 q\u0259d\u0259r i\u015fl\u0259y\u0259 bil\u0259r. Avadanl\u0131\u011f\u0131n praktik x\u00fcsusiyy\u0259tl\u0259ri tozsoranla t\u0259mizliyi daha asan edir. Bunlara s\u0259rt d\u00f6\u015f\u0259m\u0259l\u0259rd\u0259n v\u0259 xal\u00e7alardan kirl\u0259rin effektiv toplanmas\u0131n\u0131 t\u0259min ed\u0259n aktiv d\u00f6\u015f\u0259m\u0259 ba\u015fl\u0131\u011f\u0131, \u0259lav\u0259 g\u00fcc \u00fc\u00e7\u00fcn g\u00fcc art\u0131rma funksiyas\u0131, toz qab\u0131n\u0131n t\u0259k toxunu\u015fla bo\u015fald\u0131lmas\u0131 v\u0259 i\u015fl\u0259m\u0259 zaman\u0131 d\u00fcym\u0259ni bas\u0131b saxlama\u011fa ehtiyac\u0131 aradan qald\u0131ran kilid d\u00fcym\u0259si daxildir. Tozsoran\u0131 az yer tutmaqla s\u0259liq\u0259li \u015f\u0259kild\u0259 saxlamaq \u00fc\u00e7\u00fcn divar asq\u0131s\u0131 d\u0259std\u0259 verilir.<\/p>","protected":false},"excerpt":{"rendered":"<p>Kompakt, y\u00fcng\u00fcl v\u0259 h\u0259r zaman \u0259linizin alt\u0131nda: tozsuz filtrli VC 4 Cordless myHome Car dik tozsoran ki\u00e7ik evl\u0259r v\u0259 avtomobil salonlar\u0131n\u0131n t\u0259mizl\u0259nm\u0259si \u00fc\u00e7\u00fcn ideal se\u00e7imdir.<\/p>","protected":false},"featured_media":13741,"comment_status":"open","ping_status":"closed","template":"","meta":[],"product_cat":[15,89,93],"product_tag":[],"class_list":{"0":"post-13740","1":"product","2":"type-product","3":"status-publish","4":"has-post-thumbnail","6":"product_cat-home-garden","7":"product_cat-pylesosy","8":"product_cat-vertikalnye-pylesosy","10":"first","11":"outofstock","12":"shipping-taxable","13":"purchasable","14":"product-type-simple"},"_links":{"self":[{"href":"https:\/\/karchershop.az\/az\/wp-json\/wp\/v2\/product\/13740","targetHints":{"allow":["GET"]}}],"collection":[{"href":"https:\/\/karchershop.az\/az\/wp-json\/wp\/v2\/product"}],"about":[{"href":"https:\/\/karchershop.az\/az\/wp-json\/wp\/v2\/types\/product"}],"replies":[{"embeddable":true,"href":"https:\/\/karchershop.az\/az\/wp-json\/wp\/v2\/comments?post=13740"}],"wp:featuredmedia":[{"embeddable":true,"href":"https:\/\/karchershop.az\/az\/wp-json\/wp\/v2\/media\/13741"}],"wp:attachment":[{"href":"https:\/\/karchershop.az\/az\/wp-json\/wp\/v2\/media?parent=13740"}],"wp:term":[{"taxonomy":"product_cat","embeddable":true,"href":"https:\/\/karchershop.az\/az\/wp-json\/wp\/v2\/product_cat?post=13740"},{"taxonomy":"product_tag","embeddable":true,"href":"https:\/\/karchershop.az\/az\/wp-json\/wp\/v2\/product_tag?post=13740"}],"curies":[{"name":"wp","href":"https:\/\/api.w.org\/{rel}","templated":true}]}}