{"id":13787,"date":"2025-02-05T12:26:58","date_gmt":"2025-02-05T08:26:58","guid":{"rendered":"https:\/\/karchershop.az\/?post_type=product&#038;p=13787"},"modified":"2026-05-04T13:57:36","modified_gmt":"2026-05-04T09:57:36","slug":"sc-5-easyfix-iron-plug","status":"publish","type":"product","link":"https:\/\/karchershop.az\/az\/home-garden\/paroochistiteli\/sc-5-easyfix-iron-plug","title":{"rendered":"SC 5 EasyFix Iron Plug"},"content":{"rendered":"<p>T\u0259mizlik v\u0259 \u00fct\u00fcl\u0259m\u0259? Tam g\u00fcc! K\u00e4rcher SC 5 \u00fc\u00e7\u00fcn.\u00a0<span class=\"fix-spelling\">EasyFix<\/span>\u00a0Bu problem deyil. Bunun s\u0259b\u0259bi, \u00f6z sinfind\u0259 \u0259n g\u00fccl\u00fc buxar t\u0259mizl\u0259yicisi (4,2 bar buxar t\u0259zyiqi) h\u0259m\u00e7inin buxar \u00fct\u00fcs\u00fcn\u00fcn qo\u015fulma imkan\u0131na malik olmas\u0131d\u0131r. K\u00e4rcher buxar t\u0259mizl\u0259yicisi il\u0259 diqq\u0259tli t\u0259mizlik adi s\u0259rt m\u0259i\u015f\u0259t s\u0259thl\u0259rind\u0259n viruslar\u0131n* 99,999%-ni v\u0259 m\u0259i\u015f\u0259td\u0259 geni\u015f yay\u0131lm\u0131\u015f bakteriyalar\u0131n** 99,99%-ni aradan qald\u0131r\u0131r. M\u00fcxt\u0259lif aksesuarlar\u0131n k\u00f6m\u0259yi il\u0259 plit\u0259, bi\u015firm\u0259 paneli, aspirator v\u0259 h\u0259tta \u0259n ki\u00e7ik \u00e7atlar asanl\u0131qla v\u0259 m\u00fck\u0259mm\u0259l t\u0259mizl\u0259nir \u2014 ist\u0259r y\u00fcng\u00fcl, ist\u0259rs\u0259 d\u0259 inadc\u0131l \u00e7irkl\u0259r olsun.\n\nD\u00f6\u015f\u0259m\u0259 ba\u015fl\u0131\u011f\u0131:\u00a0<span class=\"fix-spelling\">EasyFix<\/span>\u00a0\u00c7evik \u015farnirli d\u00f6\u015f\u0259m\u0259 ba\u015fl\u0131\u011f\u0131 erqonomik i\u015f rahatl\u0131\u011f\u0131n\u0131 t\u0259min edir. Lamelli texnologiya is\u0259 ideal t\u0259mizlik n\u0259tic\u0259l\u0259rini z\u0259man\u0259t alt\u0131na al\u0131r. D\u00f6\u015f\u0259m\u0259 t\u0259mizl\u0259m\u0259 salfetini ba\u015fl\u0131\u011fa asanl\u0131qla b\u0259rkidib, \u00e7irk\u0259 toxunmadan yenid\u0259n \u00e7\u0131xarmaq m\u00fcmk\u00fcnd\u00fcr. Funksiya\u00a0<span class=\"fix-spelling\">VapoHydro<\/span>\u00a0\u0130sti su \u0259lav\u0259 etm\u0259kl\u0259 daha asanl\u0131qla inadc\u0131l \u00e7irkl\u0259ri t\u0259mizl\u0259yir. Buxar\u0131n intensivliyini s\u0259th\u0259 v\u0259 \u00e7irkl\u0259nm\u0259nin s\u0259viyy\u0259sin\u0259 uy\u011fun t\u0259nziml\u0259m\u0259k m\u00fcmk\u00fcnd\u00fcr. \u00c7\u0131xar\u0131la bil\u0259n su \u00e7\u0259ni fasil\u0259siz t\u0259mizlik \u00fc\u00e7\u00fcn davaml\u0131 doldurula bil\u0259r. \u018flav\u0259 aksesuarlar: kabelin saxlanmas\u0131 \u00fc\u00e7\u00fcn daxili b\u00f6lm\u0259, aksesuarlar\u0131n saxlanmas\u0131 \u00fc\u00e7\u00fcn b\u00f6lm\u0259, d\u00f6\u015f\u0259m\u0259 ba\u015fl\u0131\u011f\u0131n\u0131n park v\u0259ziyy\u0259ti.<\/p>","protected":false},"excerpt":{"rendered":"<p>G\u00fccl\u00fc v\u0259 \u00e7oxfunksiyal\u0131: SC 5 buxar t\u0259mizl\u0259yicisi\u00a0<span class=\"fix-spelling\">EasyFix<\/span>\u00a0(4,2 bar t\u0259zyiqi il\u0259) \u00fct\u00fcn\u00fcn qo\u015fulma imkan\u0131. Funksiya\u00a0<span class=\"fix-spelling\">VapoHydro<\/span>, fasil\u0259siz doldurulan su \u00e7\u0259ni v\u0259 d\u00f6\u015f\u0259m\u0259 ba\u015fl\u0131\u011f\u0131\u00a0<span class=\"fix-spelling\">EasyFix<\/span>.<\/p>","protected":false},"featured_media":13788,"comment_status":"open","ping_status":"closed","template":"","meta":[],"product_cat":[15,184],"product_tag":[],"class_list":{"0":"post-13787","1":"product","2":"type-product","3":"status-publish","4":"has-post-thumbnail","6":"product_cat-home-garden","7":"product_cat-paroochistiteli","9":"first","10":"instock","11":"shipping-taxable","12":"purchasable","13":"product-type-simple"},"_links":{"self":[{"href":"https:\/\/karchershop.az\/az\/wp-json\/wp\/v2\/product\/13787","targetHints":{"allow":["GET"]}}],"collection":[{"href":"https:\/\/karchershop.az\/az\/wp-json\/wp\/v2\/product"}],"about":[{"href":"https:\/\/karchershop.az\/az\/wp-json\/wp\/v2\/types\/product"}],"replies":[{"embeddable":true,"href":"https:\/\/karchershop.az\/az\/wp-json\/wp\/v2\/comments?post=13787"}],"wp:featuredmedia":[{"embeddable":true,"href":"https:\/\/karchershop.az\/az\/wp-json\/wp\/v2\/media\/13788"}],"wp:attachment":[{"href":"https:\/\/karchershop.az\/az\/wp-json\/wp\/v2\/media?parent=13787"}],"wp:term":[{"taxonomy":"product_cat","embeddable":true,"href":"https:\/\/karchershop.az\/az\/wp-json\/wp\/v2\/product_cat?post=13787"},{"taxonomy":"product_tag","embeddable":true,"href":"https:\/\/karchershop.az\/az\/wp-json\/wp\/v2\/product_tag?post=13787"}],"curies":[{"name":"wp","href":"https:\/\/api.w.org\/{rel}","templated":true}]}}