{"id":1388,"date":"2020-05-07T16:53:34","date_gmt":"2020-05-07T12:53:34","guid":{"rendered":"https:\/\/karchershop.az\/?post_type=product&#038;p=1388"},"modified":"2026-05-01T21:35:27","modified_gmt":"2026-05-01T17:35:27","slug":"surfacepro-ca-40-r-eco-perform-5-l","status":"publish","type":"product","link":"https:\/\/karchershop.az\/az\/home-garden\/moyushhie-sredstva-karcher\/surfacepro-ca-40-r-eco-perform-5-l","title":{"rendered":"SurfacePro CA 40 R eco!perform, 5 L"},"content":{"rendered":"","protected":false},"excerpt":{"rendered":"<p>\u0130stifad\u0259y\u0259 haz\u0131r \u015f\u00fc\u015f\u0259 t\u0259mizl\u0259yici, tez quruyur v\u0259 iz buraxm\u0131r - plastik s\u0259thl\u0259r \u00fc\u00e7\u00fcn d\u0259 uy\u011fundur.<\/p>","protected":false},"featured_media":1390,"comment_status":"open","ping_status":"closed","template":"","meta":[],"product_cat":[15,186],"product_tag":[253],"class_list":{"0":"post-1388","1":"product","2":"type-product","3":"status-publish","4":"has-post-thumbnail","6":"product_cat-home-garden","7":"product_cat-moyushhie-sredstva-karcher","8":"product_tag-moyushhie-sredstva-ruchnogo-primeneniya","10":"first","11":"instock","12":"shipping-taxable","13":"purchasable","14":"product-type-simple"},"_links":{"self":[{"href":"https:\/\/karchershop.az\/az\/wp-json\/wp\/v2\/product\/1388","targetHints":{"allow":["GET"]}}],"collection":[{"href":"https:\/\/karchershop.az\/az\/wp-json\/wp\/v2\/product"}],"about":[{"href":"https:\/\/karchershop.az\/az\/wp-json\/wp\/v2\/types\/product"}],"replies":[{"embeddable":true,"href":"https:\/\/karchershop.az\/az\/wp-json\/wp\/v2\/comments?post=1388"}],"wp:featuredmedia":[{"embeddable":true,"href":"https:\/\/karchershop.az\/az\/wp-json\/wp\/v2\/media\/1390"}],"wp:attachment":[{"href":"https:\/\/karchershop.az\/az\/wp-json\/wp\/v2\/media?parent=1388"}],"wp:term":[{"taxonomy":"product_cat","embeddable":true,"href":"https:\/\/karchershop.az\/az\/wp-json\/wp\/v2\/product_cat?post=1388"},{"taxonomy":"product_tag","embeddable":true,"href":"https:\/\/karchershop.az\/az\/wp-json\/wp\/v2\/product_tag?post=1388"}],"curies":[{"name":"wp","href":"https:\/\/api.w.org\/{rel}","templated":true}]}}