{"id":13905,"date":"2025-03-04T10:03:53","date_gmt":"2025-03-04T06:03:53","guid":{"rendered":"https:\/\/karchershop.az\/?post_type=product&#038;p=13905"},"modified":"2026-05-06T12:16:25","modified_gmt":"2026-05-06T08:16:25","slug":"air-purifier-af-20","status":"publish","type":"product","link":"https:\/\/karchershop.az\/az\/home-garden\/vozduhoochistitel-home-garden\/air-purifier-af-20","title":{"rendered":"AF 20"},"content":{"rendered":"<p>Ki\u00e7ik otaqlar, u\u015faq otaqlar\u0131 v\u0259 ya f\u0259rdi i\u015f yerl\u0259ri \u00fc\u00e7\u00fcn m\u00fck\u0259mm\u0259l hava t\u0259mizl\u0259yici: AF 20 aparat\u0131 \u00e7oxpill\u0259li filtrasiya sistemi il\u0259 havan\u0131 allergenl\u0259rd\u0259n, z\u0259r\u0259rli madd\u0259l\u0259rd\u0259n v\u0259 x\u0259st\u0259likt\u00f6r\u0259dici mikroorqanizml\u0259rd\u0259n t\u0259mizl\u0259yir. Onun dig\u0259r x\u00fcsusiyy\u0259tl\u0259rin\u0259 aktivl\u0259\u015fdirilmi\u015f k\u00f6m\u00fcr filtri v\u0259 havadak\u0131 \u00e7irkl\u0259nm\u0259 s\u0259viyy\u0259sini (PM2,5 sinifli hiss\u0259cikl\u0259rin miqdar\u0131, mkg\/m\u00b3) g\u00f6st\u0259r\u0259n h\u0259rf-r\u0259q\u0259m ekran\u0131, h\u0259m\u00e7inin havan\u0131n keyfiyy\u0259tin\u0259 g\u00f6r\u0259 r\u0259ng g\u00f6st\u0259ricisi daxildir. Bundan \u0259lav\u0259, hava t\u0259mizl\u0259yici taymer funksiyas\u0131, u\u015faqdan qoruma (kilidl\u0259m\u0259 funksiyas\u0131), gec\u0259 rejimi v\u0259 \u00e7ox sakit i\u015fl\u0259m\u0259si il\u0259 se\u00e7ilir. 0,3 mkm \u00f6l\u00e7\u00fcl\u00fc hiss\u0259cikl\u0259rin filtrasiyas\u0131 \u00fczr\u0259 effektivliyi 99,95 % t\u0259\u015fkil edir. Avtomatik rejimd\u0259 i\u015fl\u0259m\u0259si \u00fc\u00e7\u00fcn aparat y\u00fcks\u0259k keyfiyy\u0259tli lazer sensoru il\u0259 t\u0259chiz olunub ki, bu zaman onun m\u0259hsuldarl\u0131\u011f\u0131 havan\u0131n \u00e7irkl\u0259nm\u0259 d\u0259r\u0259c\u0259sin\u0259 uy\u011fun olaraq avtomatik t\u0259nziml\u0259nir. Filtrl\u0259rin istifad\u0259 m\u00fcdd\u0259ti t\u0259xmin\u0259n 1 ildir (havan\u0131n \u00e7irkl\u0259nm\u0259 s\u0259viyy\u0259si v\u0259 cihazdan istifad\u0259 intensivliyind\u0259n as\u0131l\u0131 olaraq).<\/p>","protected":false},"excerpt":{"rendered":"<p>20\u201340 m\u00b2* sah\u0259si olan otaqlarda havan\u0131 s\u00fcr\u0259tli \u015f\u0259kild\u0259 t\u0259mizl\u0259m\u0259k \u00fc\u00e7\u00fcn h\u0259ll: H13 filtri v\u0259 k\u00f6m\u00fcr filtri il\u0259 t\u0259chiz edilmi\u015f kompakt AF 20 hava t\u0259mizl\u0259yicisi x\u0259st\u0259likt\u00f6r\u0259dici mikroorqanizml\u0259ri, x\u0131rda toz hiss\u0259cikl\u0259rini, allergenl\u0259ri v\u0259 qoxulu madd\u0259l\u0259ri etibarl\u0131 \u015f\u0259kild\u0259 tutur.<\/p>","protected":false},"featured_media":13906,"comment_status":"open","ping_status":"closed","template":"","meta":[],"product_cat":[15,573],"product_tag":[],"class_list":{"0":"post-13905","1":"product","2":"type-product","3":"status-publish","4":"has-post-thumbnail","6":"product_cat-home-garden","7":"product_cat-vozduhoochistitel-home-garden","9":"first","10":"instock","11":"shipping-taxable","12":"purchasable","13":"product-type-simple"},"_links":{"self":[{"href":"https:\/\/karchershop.az\/az\/wp-json\/wp\/v2\/product\/13905","targetHints":{"allow":["GET"]}}],"collection":[{"href":"https:\/\/karchershop.az\/az\/wp-json\/wp\/v2\/product"}],"about":[{"href":"https:\/\/karchershop.az\/az\/wp-json\/wp\/v2\/types\/product"}],"replies":[{"embeddable":true,"href":"https:\/\/karchershop.az\/az\/wp-json\/wp\/v2\/comments?post=13905"}],"wp:featuredmedia":[{"embeddable":true,"href":"https:\/\/karchershop.az\/az\/wp-json\/wp\/v2\/media\/13906"}],"wp:attachment":[{"href":"https:\/\/karchershop.az\/az\/wp-json\/wp\/v2\/media?parent=13905"}],"wp:term":[{"taxonomy":"product_cat","embeddable":true,"href":"https:\/\/karchershop.az\/az\/wp-json\/wp\/v2\/product_cat?post=13905"},{"taxonomy":"product_tag","embeddable":true,"href":"https:\/\/karchershop.az\/az\/wp-json\/wp\/v2\/product_tag?post=13905"}],"curies":[{"name":"wp","href":"https:\/\/api.w.org\/{rel}","templated":true}]}}