{"id":13953,"date":"2025-03-13T10:10:55","date_gmt":"2025-03-13T06:10:55","guid":{"rendered":"https:\/\/karchershop.az\/?post_type=product&#038;p=13953"},"modified":"2026-05-01T21:36:10","modified_gmt":"2026-05-01T17:36:10","slug":"kwd-3-s-v-17-4-20-anniversary-edition","status":"publish","type":"product","link":"https:\/\/karchershop.az\/az\/home-garden\/hozyajstvennye-pylesosy\/hozyajstvenny-pylesos\/kwd-3-s-v-17-4-20-anniversary-edition","title":{"rendered":"KWD 3 S V-17\/4\/20 Anniversary Edition"},"content":{"rendered":"<p>Kompaniyan\u0131n 90 illik yubileyi m\u00fcnasib\u0259til\u0259 x\u00fcsusi m\u0259hdud burax\u0131l\u0131\u015fda t\u0259qdim olunan **KWD 3 S V-17\/4\/20 Anniversary Edition** t\u0259s\u0259rr\u00fcfat tozsoran\u0131 unikal r\u0259ng h\u0259lli v\u0259 x\u00fcsusi komplektasiyas\u0131 il\u0259 se\u00e7ilir. Elegant qara korpusda haz\u0131rlanan bu model\u0259 avtomobil ba\u015fl\u0131\u011f\u0131 v\u0259 4 \u0259d\u0259d toxunmam\u0131\u015f materialdan haz\u0131rlanm\u0131\u015f filtr-torba daxildir.\n\nNominal g\u00fcc\u00fc 1000 Vt olan aparat y\u00fcks\u0259k sorucu g\u00fcc v\u0259 enerji s\u0259m\u0259r\u0259liliyini t\u0259min edir. Cihaz, sorucu \u015flanq v\u0259 d\u0259yi\u015fdiril\u0259 bil\u0259n i\u00e7likl\u0259r\u0259 malik d\u00f6\u015f\u0259m\u0259 ba\u015fl\u0131\u011f\u0131n\u0131n optimal kombinasiyas\u0131 say\u0259sind\u0259 quru v\u0259 ya\u015f, iri v\u0259 x\u0131rda tullant\u0131lar\u0131n effektiv toplanmas\u0131n\u0131 z\u0259man\u0259t alt\u0131na al\u0131r.\n\nKompakt qurulu\u015f, paslanmayan poladdan haz\u0131rlanm\u0131\u015f 17 litrlik tullant\u0131 qab\u0131, 4 metrlik kabel v\u0259 2 metr uzunlu\u011funda sorucu \u015flanq tozsoran\u0131n universal imkanlar\u0131n\u0131 art\u0131r\u0131r. \u00dcf\u00fcrm\u0259 funksiyas\u0131 \u00e7\u0259tin \u00e7at\u0131lan yerl\u0259rd\u0259 tullant\u0131lar\u0131n asan t\u0259mizl\u0259nm\u0259sini t\u0259min edir.\n\nT\u0259mizl\u0259m\u0259 i\u015find\u0259n sonra \u015flanq v\u0259 ki\u00e7ik \u00f6l\u00e7\u00fcl\u00fc istifad\u0259 olunmu\u015f al\u0259tl\u0259r tozsoran\u0131n yuxar\u0131 hiss\u0259sind\u0259 yerl\u0259\u015fdiril\u0259, kabel is\u0259 x\u00fcsusi qarma\u011fa as\u0131la bil\u0259r. Bundan \u0259lav\u0259, aparat\u0131n buferind\u0259 uzad\u0131c\u0131 borular v\u0259 d\u00f6\u015f\u0259m\u0259 ba\u015fl\u0131qlar\u0131 \u00fc\u00e7\u00fcn saxlanma yerl\u0259ri m\u00f6vcuddur.\n\nErqonomik v\u0259 \u00e7\u0131xar\u0131la bil\u0259n tutacaq vasit\u0259sil\u0259 aksesuarlar birba\u015fa sorucu \u015flanqa qo\u015fula bil\u0259r. D\u00fc\u015f\u00fcn\u00fclm\u00fc\u015f **Pull &amp; Push** kilid sistemi tullant\u0131 qab\u0131n\u0131n asanl\u0131qla qo\u015fulub-ayr\u0131lmas\u0131n\u0131 t\u0259min edir.<\/p>","protected":false},"excerpt":{"rendered":"<p>M\u0259hdud sayda burax\u0131lan KWD 3 S V-17\/4\/20 Anniversary Edition tozsoran\u0131 \u015firk\u0259tin 90 illik yubileyi m\u00fcnasib\u0259til\u0259 x\u00fcsusi komplekt variant\u0131nda istehsal olunub. O, y\u00fcks\u0259k sorucu g\u00fcc\u00fc v\u0259 enerji s\u0259m\u0259r\u0259liliyi il\u0259 se\u00e7ilir.<\/p>","protected":false},"featured_media":13954,"comment_status":"open","ping_status":"closed","template":"","meta":[],"product_cat":[15,553,90],"product_tag":[],"class_list":{"0":"post-13953","1":"product","2":"type-product","3":"status-publish","4":"has-post-thumbnail","6":"product_cat-home-garden","7":"product_cat-hozyajstvennye-pylesosy","8":"product_cat-hozyajstvenny-pylesos","10":"first","11":"outofstock","12":"shipping-taxable","13":"purchasable","14":"product-type-simple"},"_links":{"self":[{"href":"https:\/\/karchershop.az\/az\/wp-json\/wp\/v2\/product\/13953","targetHints":{"allow":["GET"]}}],"collection":[{"href":"https:\/\/karchershop.az\/az\/wp-json\/wp\/v2\/product"}],"about":[{"href":"https:\/\/karchershop.az\/az\/wp-json\/wp\/v2\/types\/product"}],"replies":[{"embeddable":true,"href":"https:\/\/karchershop.az\/az\/wp-json\/wp\/v2\/comments?post=13953"}],"wp:featuredmedia":[{"embeddable":true,"href":"https:\/\/karchershop.az\/az\/wp-json\/wp\/v2\/media\/13954"}],"wp:attachment":[{"href":"https:\/\/karchershop.az\/az\/wp-json\/wp\/v2\/media?parent=13953"}],"wp:term":[{"taxonomy":"product_cat","embeddable":true,"href":"https:\/\/karchershop.az\/az\/wp-json\/wp\/v2\/product_cat?post=13953"},{"taxonomy":"product_tag","embeddable":true,"href":"https:\/\/karchershop.az\/az\/wp-json\/wp\/v2\/product_tag?post=13953"}],"curies":[{"name":"wp","href":"https:\/\/api.w.org\/{rel}","templated":true}]}}