{"id":14114,"date":"2025-04-15T12:28:09","date_gmt":"2025-04-15T08:28:09","guid":{"rendered":"https:\/\/karchershop.az\/?post_type=product&#038;p=14114"},"modified":"2026-05-02T22:04:51","modified_gmt":"2026-05-02T18:04:51","slug":"robot-pylesos-s-funktsiej-vlazhnoj-uborki-rcv-5-comfort","status":"publish","type":"product","link":"https:\/\/karchershop.az\/az\/home-garden\/roboty-pylesosy\/robot-pylesos-s-funktsiej-vlazhnoj-uborki-rcv-5-comfort","title":{"rendered":"RCV 5 robot tozsoran\u0131 + \u00d6z\u00fcn\u00fc t\u0259mizl\u0259m\u0259 stansiyas\u0131"},"content":{"rendered":"<p>RCV 5 a\u011f\u0131ll\u0131 robot tozsoran s\u0259rt d\u00f6\u015f\u0259m\u0259l\u0259ri v\u0259 al\u00e7aq t\u00fckl\u00fc xal\u00e7alar\u0131 tam avtomatik rejimd\u0259 t\u0259mizl\u0259yir.\nF\u0131rlanan \u0259sas f\u0131r\u00e7a v\u0259 k\u0259nar t\u0259mizl\u0259m\u0259 \u00fc\u00e7\u00fcn yan f\u0131r\u00e7a il\u0259 toplanan quru \u00e7irk tozsoran t\u0259r\u0259find\u0259n sorularaq daxili toz qab\u0131na \u00f6t\u00fcr\u00fcl\u00fcr. Xal\u00e7alar\u0131 tan\u0131maq \u00fc\u00e7\u00fcn ultras\u0259s sensoru m\u00f6vcuddur v\u0259 onlar\u0131n \u00fcz\u0259rind\u0259 maksimum sorucu g\u00fcc rejimi avtomatik aktivl\u0259\u015fdirilir.\n\nRCV 5 h\u0259m\u00e7inin ya\u015f t\u0259mizl\u0259m\u0259 funksiyas\u0131na da malikdir. Bu rejimd\u0259 i\u015fl\u0259y\u0259rk\u0259n, cihaz xal\u00e7alar\u0131 avtomatik olaraq k\u0259nar ke\u00e7ir. Mobil t\u0259tbiq vasit\u0259sil\u0259 robot tozsoran ilk g\u0259zintisin\u0259 g\u00f6nd\u0259rilir v\u0259 bu zaman onun lidar naviqasiya sistemi otaqlar\u0131n x\u0259rit\u0259sini avtomatik qurur. H\u0259r otaq \u00fc\u00e7\u00fcn f\u0259rdi t\u0259mizlik parametrl\u0259ri t\u0259yin etm\u0259k m\u00fcmk\u00fcnd\u00fcr \u2013 quru v\u0259 ya\u015f t\u0259mizl\u0259m\u0259 zonalar\u0131, h\u0259m\u00e7inin t\u0259mizl\u0259nm\u0259m\u0259li olan \u0259razil\u0259r ayr\u0131ca g\u00f6st\u0259ril\u0259 bil\u0259r.\n\nRCV 5 top-modeli ikiqat lazer sistemi v\u0259 kamera il\u0259 t\u0259chiz olunub, bu da ona a\u015fa\u011f\u0131 h\u00fcnd\u00fcrl\u00fckl\u00fc mane\u0259l\u0259ri \u2013 m\u0259s\u0259l\u0259n, kabell\u0259r, corablar v\u0259 ya ayaqqab\u0131lar \u2013 tan\u0131y\u0131b onlardan yan ke\u00e7m\u0259y\u0259 imkan verir. H\u00fcnd\u00fcrl\u00fck f\u0259rqini a\u015fkar ed\u0259n sensorlar robotun pill\u0259k\u0259nl\u0259rd\u0259n y\u0131x\u0131lmas\u0131n\u0131n qar\u015f\u0131s\u0131n\u0131 al\u0131r.\n\nCihaz\u0131 asanl\u0131qla korpus \u00fcz\u0259rind\u0259ki d\u00fcym\u0259 il\u0259 v\u0259 ya smartfondan t\u0259mizlik \u0259mri g\u00f6nd\u0259rm\u0259kl\u0259 i\u015f\u0259 salmaq olar. T\u0259tbiqd\u0259 f\u0259rdi t\u0259mizlik c\u0259dv\u0259li d\u0259 \u0259vv\u0259lc\u0259d\u0259n t\u0259rtib edil\u0259 bil\u0259r. Robotun i\u015fin\u0259 sahibin m\u00fcdaxil\u0259si laz\u0131m olduqda bu bar\u0259d\u0259 m\u0259lumat \u00e7ox hallarda s\u0259sli bildiri\u015fl\u0259 \u00e7atd\u0131r\u0131l\u0131r.<\/p>","protected":false},"excerpt":{"rendered":"<p>RCV 5 Comfort robot tozsoran\u0131 avtomatik \u00f6z\u00fcn\u00fc t\u0259mizl\u0259m\u0259 stansiyas\u0131 il\u0259 birlikd\u0259 evinizin t\u0259mizliyi \u00fc\u00e7\u00fcn tam avtomatla\u015fd\u0131r\u0131lm\u0131\u015f bir h\u0259ll t\u0259klif edir. T\u0259kmill\u0259\u015fdirilmi\u015f naviqasiya sistemi v\u0259 s\u00fcni intellekt say\u0259sind\u0259 o, h\u0259m quru, h\u0259m d\u0259 ya\u015f t\u0259mizliyi yerin\u0259 yetirir v\u0259 h\u0259r i\u015f d\u00f6vr\u00fcnd\u0259n sonra toz konteynerini avtomatik \u015f\u0259kild\u0259 t\u0259mizl\u0259yir.<\/p>","protected":false},"featured_media":14115,"comment_status":"open","ping_status":"closed","template":"","meta":[],"product_cat":[15,564],"product_tag":[],"class_list":{"0":"post-14114","1":"product","2":"type-product","3":"status-publish","4":"has-post-thumbnail","6":"product_cat-home-garden","7":"product_cat-roboty-pylesosy","9":"first","10":"instock","11":"shipping-taxable","12":"purchasable","13":"product-type-simple"},"_links":{"self":[{"href":"https:\/\/karchershop.az\/az\/wp-json\/wp\/v2\/product\/14114","targetHints":{"allow":["GET"]}}],"collection":[{"href":"https:\/\/karchershop.az\/az\/wp-json\/wp\/v2\/product"}],"about":[{"href":"https:\/\/karchershop.az\/az\/wp-json\/wp\/v2\/types\/product"}],"replies":[{"embeddable":true,"href":"https:\/\/karchershop.az\/az\/wp-json\/wp\/v2\/comments?post=14114"}],"wp:featuredmedia":[{"embeddable":true,"href":"https:\/\/karchershop.az\/az\/wp-json\/wp\/v2\/media\/14115"}],"wp:attachment":[{"href":"https:\/\/karchershop.az\/az\/wp-json\/wp\/v2\/media?parent=14114"}],"wp:term":[{"taxonomy":"product_cat","embeddable":true,"href":"https:\/\/karchershop.az\/az\/wp-json\/wp\/v2\/product_cat?post=14114"},{"taxonomy":"product_tag","embeddable":true,"href":"https:\/\/karchershop.az\/az\/wp-json\/wp\/v2\/product_tag?post=14114"}],"curies":[{"name":"wp","href":"https:\/\/api.w.org\/{rel}","templated":true}]}}