{"id":14128,"date":"2025-04-15T14:48:47","date_gmt":"2025-04-15T10:48:47","guid":{"rendered":"https:\/\/karchershop.az\/?post_type=product&#038;p=14128"},"modified":"2026-04-13T15:25:28","modified_gmt":"2026-04-13T11:25:28","slug":"vozduhoochistitel-karcher-af-30","status":"publish","type":"product","link":"https:\/\/karchershop.az\/az\/home-garden\/vozduhoochistitel-home-garden\/vozduhoochistitel-karcher-af-30","title":{"rendered":"Hava t\u0259mizl\u0259yici Karcher AF 30"},"content":{"rendered":"<p>Orta \u00f6l\u00e7\u00fcl\u00fc otaqlarda, m\u0259s\u0259l\u0259n, ya\u015fay\u0131\u015f sah\u0259l\u0259ri v\u0259 ofisl\u0259rd\u0259 hava t\u0259mizl\u0259nm\u0259si \u00fc\u00e7\u00fcn m\u00fck\u0259mm\u0259l bir h\u0259ll: \u00e7oxm\u0259rh\u0259l\u0259li filtrasiya sistemi il\u0259 t\u0259chiz olunmu\u015f AF 30 cihaz\u0131 havadak\u0131 allergenl\u0259ri, z\u0259r\u0259rli madd\u0259l\u0259ri v\u0259 x\u0259st\u0259lik t\u00f6r\u0259d\u0259n \u00e7irkl\u0259ndiricil\u0259ri effektiv \u015f\u0259kild\u0259 aradan qald\u0131r\u0131r. T\u0259mizl\u0259yici cihaz 3 m tavan h\u00fcnd\u00fcrl\u00fcy\u00fcnd\u0259 30 m\u00b2-y\u0259 v\u0259 ya 2,6 m tavan h\u00fcnd\u00fcrl\u00fcy\u00fcnd\u0259 40 m\u00b2-y\u0259 q\u0259d\u0259r olan otaqlarda havan\u0131 etibarl\u0131 \u015f\u0259kild\u0259 t\u0259mizl\u0259yir. Cihaz\u0131n dig\u0259r x\u00fcsusiyy\u0259tl\u0259rin\u0259 aktivl\u0259\u015fdirilmi\u015f k\u00f6m\u00fcr filtri v\u0259 bir ne\u00e7\u0259 displey daxildir. Bu displeyl\u0259r havadak\u0131 \u00e7irkl\u0259ndiricil\u0259rin miqdar\u0131n\u0131 (PM 2.5 sinfin\u0259 aid hiss\u0259cikl\u0259r, mkq\/m\u00b3 il\u0259), temperaturu v\u0259 nisbi r\u00fctub\u0259ti g\u00f6st\u0259rir, el\u0259c\u0259 d\u0259 hava keyfiyy\u0259tini r\u0259ng g\u00f6st\u0259ricisi il\u0259 vizual \u015f\u0259kild\u0259 bildirir.\n\nBundan \u0259lav\u0259, hava t\u0259mizl\u0259yicid\u0259 taymer gecikdirm\u0259 funksiyas\u0131, u\u015faq t\u0259hl\u00fck\u0259sizlik kilidi (bloklama funksiyas\u0131), gec\u0259 rejimi v\u0259 \u00e7ox s\u0259ssiz i\u015fl\u0259m\u0259 x\u00fcsusiyy\u0259ti m\u00f6vcuddur. 0,3 mikron \u00f6l\u00e7\u00fcs\u00fcnd\u0259ki hiss\u0259cikl\u0259rin filtrasiyas\u0131 99,95 % effektivlikl\u0259 h\u0259yata ke\u00e7irilir. Cihaz, avtomatik rejimd\u0259 i\u015fl\u0259m\u0259k \u00fc\u00e7\u00fcn y\u00fcks\u0259k keyfiyy\u0259tli lazer sensoru il\u0259 t\u0259chiz olunub. Bu rejimd\u0259 cihaz\u0131n m\u0259hsuldarl\u0131\u011f\u0131 hava \u00e7irkl\u0259nm\u0259si s\u0259viyy\u0259sin\u0259 uy\u011fun olaraq avtomatik t\u0259nziml\u0259nir. Filtrl\u0259rin xidm\u0259t m\u00fcdd\u0259ti t\u0259xmin\u0259n 1 ildir (havan\u0131n \u00e7irkl\u0259nm\u0259 d\u0259r\u0259c\u0259sind\u0259n v\u0259 istifad\u0259 intensivliyind\u0259n as\u0131l\u0131 olaraq).<\/p>","protected":false},"excerpt":{"rendered":"<p>Avtomatik rejiml\u0259 i\u015fl\u0259y\u0259 bil\u0259n, lazer sensoru, displey, H13 filtri v\u0259 k\u00f6m\u00fcr filtri il\u0259 t\u0259chiz olunmu\u015f AF 30 hava t\u0259mizl\u0259yicisi 30*-dan 60 m\u00b2-y\u0259 q\u0259d\u0259r olan otaqlarda havan\u0131 x\u0131rda tozlardan, allergenl\u0259rd\u0259n, x\u0259st\u0259lik t\u00f6r\u0259d\u0259n mikroorqanizml\u0259rd\u0259n v\u0259 pis qoxulardan t\u0259mizl\u0259yir.<\/p>","protected":false},"featured_media":14129,"comment_status":"open","ping_status":"closed","template":"","meta":[],"product_cat":[15,573],"product_tag":[],"class_list":{"0":"post-14128","1":"product","2":"type-product","3":"status-publish","4":"has-post-thumbnail","6":"product_cat-home-garden","7":"product_cat-vozduhoochistitel-home-garden","9":"first","10":"instock","11":"sale","12":"shipping-taxable","13":"purchasable","14":"product-type-simple"},"_links":{"self":[{"href":"https:\/\/karchershop.az\/az\/wp-json\/wp\/v2\/product\/14128","targetHints":{"allow":["GET"]}}],"collection":[{"href":"https:\/\/karchershop.az\/az\/wp-json\/wp\/v2\/product"}],"about":[{"href":"https:\/\/karchershop.az\/az\/wp-json\/wp\/v2\/types\/product"}],"replies":[{"embeddable":true,"href":"https:\/\/karchershop.az\/az\/wp-json\/wp\/v2\/comments?post=14128"}],"wp:featuredmedia":[{"embeddable":true,"href":"https:\/\/karchershop.az\/az\/wp-json\/wp\/v2\/media\/14129"}],"wp:attachment":[{"href":"https:\/\/karchershop.az\/az\/wp-json\/wp\/v2\/media?parent=14128"}],"wp:term":[{"taxonomy":"product_cat","embeddable":true,"href":"https:\/\/karchershop.az\/az\/wp-json\/wp\/v2\/product_cat?post=14128"},{"taxonomy":"product_tag","embeddable":true,"href":"https:\/\/karchershop.az\/az\/wp-json\/wp\/v2\/product_tag?post=14128"}],"curies":[{"name":"wp","href":"https:\/\/api.w.org\/{rel}","templated":true}]}}