{"id":14135,"date":"2025-04-15T15:13:53","date_gmt":"2025-04-15T11:13:53","guid":{"rendered":"https:\/\/karchershop.az\/?post_type=product&#038;p=14135"},"modified":"2026-05-01T21:36:13","modified_gmt":"2026-05-01T17:36:13","slug":"hozyajstvennyj-pylesos-wd-3-s-v-15-4-20","status":"publish","type":"product","link":"https:\/\/karchershop.az\/az\/home-garden\/hozyajstvennye-pylesosy\/hozyajstvenny-pylesos\/hozyajstvennyj-pylesos-wd-3-s-v-15-4-20","title":{"rendered":"\u0425\u043e\u0437\u044f\u0439\u0441\u0442\u0432\u0435\u043d\u043d\u044b\u0439 \u043f\u044b\u043b\u0435\u0441\u043e\u0441 WD 3 S V-15\/4\/20"},"content":{"rendered":"<p>Enerji bax\u0131m\u0131ndan s\u0259m\u0259r\u0259li olan **WD 3 S V-15\/4\/20** t\u0259s\u0259rr\u00fcfat tozsoran\u0131 c\u0259mi 1000 Vt enerji s\u0259rf etm\u0259kl\u0259 y\u00fcks\u0259k sorucu g\u00fcc yarad\u0131r. Sorucu \u015flanq v\u0259 i\u00e7likl\u0259rl\u0259 t\u0259chiz olunmu\u015f d\u00f6\u015f\u0259m\u0259 ba\u015fl\u0131\u011f\u0131 il\u0259 birlikd\u0259 quru v\u0259 ya\u015f, iri v\u0259 x\u0131rda tullant\u0131lar\u0131n toplanmas\u0131nda m\u00fck\u0259mm\u0259l n\u0259tic\u0259 g\u00f6st\u0259rir.\n\nKompakt \u00f6l\u00e7\u00fcl\u0259ri il\u0259 se\u00e7il\u0259n bu model paslanmayan poladdan haz\u0131rlanm\u0131\u015f dayan\u0131ql\u0131 15 litrlik tullant\u0131 qab\u0131, 4 metrlik kabel, 2 metrlik sorucu \u015flanq v\u0259 toxunmam\u0131\u015f materialdan haz\u0131rlanm\u0131\u015f filtr-torba il\u0259 t\u0259chiz olunub. \u00c7\u0131xar\u0131lmayan patron filtr say\u0259sind\u0259 quru v\u0259 ya\u015f t\u0259mizl\u0259m\u0259 rejiml\u0259ri aras\u0131nda filtr d\u0259yi\u015fikliyi olmadan rahat ke\u00e7id m\u00fcmk\u00fcnd\u00fcr.\n\n\u00dcf\u00fcrm\u0259 funksiyas\u0131 \u00e7\u0259tin \u0259l\u00e7atan yerl\u0259rin t\u0259mizl\u0259nm\u0259sini asanla\u015fd\u0131r\u0131r. Kompakt \u015f\u0259kild\u0259 saxlanma \u00fc\u00e7\u00fcn \u015flanq m\u00fch\u0259rrik hiss\u0259sin\u0259 as\u0131l\u0131r, kabel x\u00fcsusi qarma\u011fa dolan\u0131r, uzad\u0131c\u0131 borular v\u0259 d\u00f6\u015f\u0259m\u0259 \u00fc\u00e7\u00fcn ba\u015fl\u0131q is\u0259 bufer hiss\u0259d\u0259 yerl\u0259\u015fdirilir. **Pull &amp; Push** kilidl\u0259m\u0259 sistemi tullant\u0131 qab\u0131n\u0131n tez v\u0259 asan \u00e7\u0131xar\u0131l\u0131b-tax\u0131lmas\u0131na imkan verir.\n\nTutacaq sorucu \u015flanqdan \u00e7\u0131xar\u0131laraq ba\u015fl\u0131qlar birba\u015fa \u015flanqa tax\u0131la bil\u0259r. M\u00fch\u0259rrik hiss\u0259sinin d\u00fcz s\u0259thi al\u0259tl\u0259rin v\u0259 x\u0131rda detallar\u0131n (m\u0259s\u0259l\u0259n, vintl\u0259rin) saxlanmas\u0131 \u00fc\u00e7\u00fcn uy\u011fundur. Da\u015f\u0131ma \u00fc\u00e7\u00fcn n\u0259z\u0259rd\u0259 tutulmu\u015f erqonomik tutacaq is\u0259 rahat istifad\u0259ni t\u0259min edir.<\/p>","protected":false},"excerpt":{"rendered":"<p>Y\u00fcks\u0259k effektivlik: **WD 3 S V-15\/4\/20** tozsoran\u0131 say\u0259sind\u0259 dem\u0259k olar ki, b\u00fct\u00fcn n\u00f6v \u00e7irkl\u0259ri d\u0259rhal t\u0259mizl\u0259m\u0259k m\u00fcmk\u00fcnd\u00fcr. Bu kompakt model paslanmayan poladdan haz\u0131rlanm\u0131\u015f 15 litrlik konteyner, 4 metrlik kabel, 2 metrlik sorucu \u015flanq v\u0259 patron filtr il\u0259 t\u0259chiz olunub.<\/p>","protected":false},"featured_media":14136,"comment_status":"open","ping_status":"closed","template":"","meta":[],"product_cat":[15,553,90],"product_tag":[],"class_list":{"0":"post-14135","1":"product","2":"type-product","3":"status-publish","4":"has-post-thumbnail","6":"product_cat-home-garden","7":"product_cat-hozyajstvennye-pylesosy","8":"product_cat-hozyajstvenny-pylesos","10":"first","11":"outofstock","12":"shipping-taxable","13":"purchasable","14":"product-type-simple"},"_links":{"self":[{"href":"https:\/\/karchershop.az\/az\/wp-json\/wp\/v2\/product\/14135","targetHints":{"allow":["GET"]}}],"collection":[{"href":"https:\/\/karchershop.az\/az\/wp-json\/wp\/v2\/product"}],"about":[{"href":"https:\/\/karchershop.az\/az\/wp-json\/wp\/v2\/types\/product"}],"replies":[{"embeddable":true,"href":"https:\/\/karchershop.az\/az\/wp-json\/wp\/v2\/comments?post=14135"}],"wp:featuredmedia":[{"embeddable":true,"href":"https:\/\/karchershop.az\/az\/wp-json\/wp\/v2\/media\/14136"}],"wp:attachment":[{"href":"https:\/\/karchershop.az\/az\/wp-json\/wp\/v2\/media?parent=14135"}],"wp:term":[{"taxonomy":"product_cat","embeddable":true,"href":"https:\/\/karchershop.az\/az\/wp-json\/wp\/v2\/product_cat?post=14135"},{"taxonomy":"product_tag","embeddable":true,"href":"https:\/\/karchershop.az\/az\/wp-json\/wp\/v2\/product_tag?post=14135"}],"curies":[{"name":"wp","href":"https:\/\/api.w.org\/{rel}","templated":true}]}}