{"id":14188,"date":"2025-04-22T12:14:32","date_gmt":"2025-04-22T08:14:32","guid":{"rendered":"https:\/\/karchershop.az\/?post_type=product&#038;p=14188"},"modified":"2026-05-01T21:36:13","modified_gmt":"2026-05-01T17:36:13","slug":"sredstvo-dlya-moek-vysokogo-davleniya-rm-806-asf-5-l","status":"publish","type":"product","link":"https:\/\/karchershop.az\/az\/home-garden\/moyushhie-sredstva-karcher\/sredstvo-dlya-moek-vysokogo-davleniya-rm-806-asf-5-l","title":{"rendered":"Y\u00fcks\u0259k t\u0259zyiqli t\u0259mizl\u0259yici \u00fc\u00e7\u00fcn vasit\u0259 RM 806 ASF, 5 l"},"content":{"rendered":"","protected":false},"excerpt":{"rendered":"","protected":false},"featured_media":14189,"comment_status":"open","ping_status":"closed","template":"","meta":[],"product_cat":[15,186],"product_tag":[],"class_list":{"0":"post-14188","1":"product","2":"type-product","3":"status-publish","4":"has-post-thumbnail","6":"product_cat-home-garden","7":"product_cat-moyushhie-sredstva-karcher","9":"first","10":"outofstock","11":"shipping-taxable","12":"purchasable","13":"product-type-simple"},"_links":{"self":[{"href":"https:\/\/karchershop.az\/az\/wp-json\/wp\/v2\/product\/14188","targetHints":{"allow":["GET"]}}],"collection":[{"href":"https:\/\/karchershop.az\/az\/wp-json\/wp\/v2\/product"}],"about":[{"href":"https:\/\/karchershop.az\/az\/wp-json\/wp\/v2\/types\/product"}],"replies":[{"embeddable":true,"href":"https:\/\/karchershop.az\/az\/wp-json\/wp\/v2\/comments?post=14188"}],"wp:featuredmedia":[{"embeddable":true,"href":"https:\/\/karchershop.az\/az\/wp-json\/wp\/v2\/media\/14189"}],"wp:attachment":[{"href":"https:\/\/karchershop.az\/az\/wp-json\/wp\/v2\/media?parent=14188"}],"wp:term":[{"taxonomy":"product_cat","embeddable":true,"href":"https:\/\/karchershop.az\/az\/wp-json\/wp\/v2\/product_cat?post=14188"},{"taxonomy":"product_tag","embeddable":true,"href":"https:\/\/karchershop.az\/az\/wp-json\/wp\/v2\/product_tag?post=14188"}],"curies":[{"name":"wp","href":"https:\/\/api.w.org\/{rel}","templated":true}]}}