{"id":14262,"date":"2025-05-07T15:13:47","date_gmt":"2025-05-07T11:13:47","guid":{"rendered":"https:\/\/karchershop.az\/?post_type=product&#038;p=14262"},"modified":"2026-05-01T21:36:15","modified_gmt":"2026-05-01T17:36:15","slug":"poroshkovoe-sredstvo-dlya-kristallizatsii-s-pridaniem-bleska-rm-775-5kg","status":"publish","type":"product","link":"https:\/\/karchershop.az\/az\/home-garden\/moyushhie-sredstva-karcher\/poroshkovoe-sredstvo-dlya-kristallizatsii-s-pridaniem-bleska-rm-775-5kg","title":{"rendered":"Par\u0131lt\u0131l\u0131 toz kristalla\u015fd\u0131r\u0131c\u0131 \u0259lav\u0259 parlaql\u0131qla RM 775, 5 kq"},"content":{"rendered":"<p>\u041f\u0440\u0435\u043a\u0440\u0430\u0441\u043d\u044b\u0439 \u0432\u044b\u0431\u043e\u0440 \u0434\u043b\u044f \u043a\u043b\u0438\u043d\u0438\u043d\u0433\u043e\u0432\u044b\u0445 \u043a\u043e\u043c\u043f\u0430\u043d\u0438\u0439, \u0432\u044b\u043f\u043e\u043b\u043d\u044f\u044e\u0449\u0438\u0445 \u0440\u0430\u0431\u043e\u0442\u044b \u043f\u043e \u043e\u0431\u0449\u0435\u0439 \u0447\u0438\u0441\u0442\u043a\u0435 \u0443\u0442\u0440\u0430\u0442\u0438\u0432\u0448\u0438\u0445 \u0431\u043b\u0435\u0441\u043a \u043d\u0430\u043f\u043e\u043b\u044c\u043d\u044b\u0445 \u043f\u043e\u043a\u0440\u044b\u0442\u0438\u0439 \u0441 \u0441\u043e\u0434\u0435\u0440\u0436\u0430\u043d\u0438\u0435\u043c \u043a\u0430\u0440\u0431\u043e\u043d\u0430\u0442\u0430 \u043a\u0430\u043b\u044c\u0446\u0438\u044f (\u043d\u0430\u043f\u0440\u0438\u043c\u0435\u0440, \u043c\u0440\u0430\u043c\u043e\u0440\u0430, \u0442\u0435\u0440\u0440\u0430\u0446\u0446\u043e \u0438\u043b\u0438 \u0444\u0430\u043a\u0442\u0443\u0440\u043d\u044b\u0445 \u0431\u0435\u0442\u043e\u043d\u043d\u044b\u0445 \u0431\u043b\u043e\u043a\u043e\u0432): \u043f\u043e\u0440\u043e\u0448\u043a\u043e\u0432\u043e\u0435 \u0441\u0440\u0435\u0434\u0441\u0442\u0432\u043e \u0434\u043b\u044f \u043a\u0440\u0438\u0441\u0442\u0430\u043b\u043b\u0438\u0437\u0430\u0446\u0438\u0438 \u0441 \u043f\u0440\u0438\u0434\u0430\u043d\u0438\u0435\u043c \u0431\u043b\u0435\u0441\u043a\u0430 RM 775. \u042d\u0442\u043e\u0442 \u0441\u0438\u043b\u044c\u043d\u043e\u043a\u0438\u0441\u043b\u044b\u0439 \u043f\u0440\u043e\u0434\u0443\u043a\u0442 \u0434\u043b\u044f \u0432\u043b\u0430\u0436\u043d\u043e\u0439 \u043a\u0440\u0438\u0441\u0442\u0430\u043b\u043b\u0438\u0437\u0430\u0446\u0438\u0438 \u0440\u0430\u0441\u0442\u0432\u043e\u0440\u044f\u0435\u0442 \u0441\u0432\u044f\u0437\u0430\u043d\u043d\u044b\u0439 \u043a\u0430\u0440\u0431\u043e\u043d\u0430\u0442 \u043a\u0430\u043b\u044c\u0446\u0438\u044f \u0432 \u043f\u043e\u0432\u0435\u0440\u0445\u043d\u043e\u0441\u0442\u043d\u043e\u043c \u0441\u043b\u043e\u0435 \u043c\u0430\u0442\u0435\u0440\u0438\u0430\u043b\u0430. \u0421\u043e\u0447\u0435\u0442\u0430\u043d\u0438\u0435 \u0445\u0438\u043c\u0438\u0447\u0435\u0441\u043a\u043e\u0439 \u0440\u0435\u0430\u043a\u0446\u0438\u0438 \u0441 \u043c\u0435\u0445\u0430\u043d\u0438\u0447\u0435\u0441\u043a\u0438\u043c \u0432\u043e\u0437\u0434\u0435\u0439\u0441\u0442\u0432\u0438\u0435\u043c \u043e\u0434\u043d\u043e\u0434\u0438\u0441\u043a\u043e\u0432\u043e\u0439 \u0443\u0431\u043e\u0440\u043e\u0447\u043d\u043e\u0439 \u043c\u0430\u0448\u0438\u043d\u044b \u043e\u0431\u0435\u0441\u043f\u0435\u0447\u0438\u0432\u0430\u0435\u0442 \u0443\u043f\u043b\u043e\u0442\u043d\u0435\u043d\u0438\u0435 \u043f\u043e\u0432\u0435\u0440\u0445\u043d\u043e\u0441\u0442\u0438, \u043f\u043e\u0432\u044b\u0448\u0435\u043d\u0438\u0435 \u0435\u0435 \u043f\u0440\u043e\u0447\u043d\u043e\u0441\u0442\u0438 \u0438 \u0438\u0437\u043d\u043e\u0441\u043e\u0441\u0442\u043e\u0439\u043a\u043e\u0441\u0442\u0438, \u0430 \u0442\u0430\u043a\u0436\u0435 \u043f\u043e\u044f\u0432\u043b\u0435\u043d\u0438\u0435 \u0438\u043d\u0442\u0435\u043d\u0441\u0438\u0432\u043d\u043e\u0433\u043e \u0431\u043b\u0435\u0441\u043a\u0430. \u041a\u0440\u043e\u043c\u0435 \u0442\u043e\u0433\u043e, \u0441\u0440\u0435\u0434\u0441\u0442\u0432\u043e \u0434\u043b\u044f \u043a\u0440\u0438\u0441\u0442\u0430\u043b\u043b\u0438\u0437\u0430\u0446\u0438\u0438 \u0437\u0430\u043c\u0435\u0434\u043b\u044f\u0435\u0442 \u043f\u043e\u0432\u0442\u043e\u0440\u043d\u043e\u0435 \u0437\u0430\u0433\u0440\u044f\u0437\u043d\u0435\u043d\u0438\u0435 \u043f\u043e\u043b\u0430 \u0438 \u043e\u0431\u043b\u0435\u0433\u0447\u0430\u0435\u0442 \u0435\u0433\u043e \u043f\u043e\u0441\u043b\u0435\u0434\u0443\u044e\u0449\u0443\u044e \u043f\u043e\u0434\u0434\u0435\u0440\u0436\u0438\u0432\u0430\u044e\u0449\u0443\u044e \u0443\u0431\u043e\u0440\u043a\u0443.<\/p>","protected":false},"excerpt":{"rendered":"<p>M\u0259rm\u0259r v\u0259 terrazzo d\u00f6\u015f\u0259m\u0259l\u0259rini emal etm\u0259k v\u0259 m\u00f6hk\u0259ml\u0259ndirm\u0259k \u00fc\u00e7\u00fcn m\u0259hsuldur, onlara intensiv par\u0131lt\u0131 verir.<\/p>","protected":false},"featured_media":14263,"comment_status":"open","ping_status":"closed","template":"","meta":[],"product_cat":[15,186],"product_tag":[],"class_list":{"0":"post-14262","1":"product","2":"type-product","3":"status-publish","4":"has-post-thumbnail","6":"product_cat-home-garden","7":"product_cat-moyushhie-sredstva-karcher","9":"first","10":"instock","11":"shipping-taxable","12":"purchasable","13":"product-type-simple"},"_links":{"self":[{"href":"https:\/\/karchershop.az\/az\/wp-json\/wp\/v2\/product\/14262","targetHints":{"allow":["GET"]}}],"collection":[{"href":"https:\/\/karchershop.az\/az\/wp-json\/wp\/v2\/product"}],"about":[{"href":"https:\/\/karchershop.az\/az\/wp-json\/wp\/v2\/types\/product"}],"replies":[{"embeddable":true,"href":"https:\/\/karchershop.az\/az\/wp-json\/wp\/v2\/comments?post=14262"}],"wp:featuredmedia":[{"embeddable":true,"href":"https:\/\/karchershop.az\/az\/wp-json\/wp\/v2\/media\/14263"}],"wp:attachment":[{"href":"https:\/\/karchershop.az\/az\/wp-json\/wp\/v2\/media?parent=14262"}],"wp:term":[{"taxonomy":"product_cat","embeddable":true,"href":"https:\/\/karchershop.az\/az\/wp-json\/wp\/v2\/product_cat?post=14262"},{"taxonomy":"product_tag","embeddable":true,"href":"https:\/\/karchershop.az\/az\/wp-json\/wp\/v2\/product_tag?post=14262"}],"curies":[{"name":"wp","href":"https:\/\/api.w.org\/{rel}","templated":true}]}}