{"id":14264,"date":"2025-05-07T15:18:01","date_gmt":"2025-05-07T11:18:01","guid":{"rendered":"https:\/\/karchershop.az\/?post_type=product&#038;p=14264"},"modified":"2026-05-01T21:36:15","modified_gmt":"2026-05-01T17:36:15","slug":"poroshkovoe-sredstvo-dlya-chistki-kovrov-carpetpro-rm-760-10kg","status":"publish","type":"product","link":"https:\/\/karchershop.az\/az\/home-garden\/moyushhie-sredstva-karcher\/poroshkovoe-sredstvo-dlya-chistki-kovrov-carpetpro-rm-760-10kg","title":{"rendered":"Xal\u00e7a t\u0259mizl\u0259yici toz CarpetPro RM 760 Classic, 10 kq"},"content":{"rendered":"<p>Yuyucu tozsoranlar\u0131 yumaq \u00fc\u00e7\u00fcn y\u00fcks\u0259k effektiv toz t\u0259mizl\u0259yicisi, iCapsol encapsulation texnologiyas\u0131na \u0259saslanan v\u0259 qoxular\u0131 aradan qald\u0131ran bir t\u0259rkib hiss\u0259sidir. Son anda durulama t\u0259l\u0259b etmir.<\/p>","protected":false},"excerpt":{"rendered":"<p>Yuyucu tozsoranlar\u0131 yumaq \u00fc\u00e7\u00fcn y\u00fcks\u0259k effektiv toz t\u0259mizl\u0259yicisi, iCapsol encapsulation texnologiyas\u0131na \u0259saslanan v\u0259 qoxular\u0131 aradan qald\u0131ran bir t\u0259rkib hiss\u0259sidir. Son anda durulama t\u0259l\u0259b etmir.<\/p>","protected":false},"featured_media":14265,"comment_status":"open","ping_status":"closed","template":"","meta":[],"product_cat":[15,186],"product_tag":[],"class_list":{"0":"post-14264","1":"product","2":"type-product","3":"status-publish","4":"has-post-thumbnail","6":"product_cat-home-garden","7":"product_cat-moyushhie-sredstva-karcher","9":"first","10":"instock","11":"shipping-taxable","12":"purchasable","13":"product-type-simple"},"_links":{"self":[{"href":"https:\/\/karchershop.az\/az\/wp-json\/wp\/v2\/product\/14264","targetHints":{"allow":["GET"]}}],"collection":[{"href":"https:\/\/karchershop.az\/az\/wp-json\/wp\/v2\/product"}],"about":[{"href":"https:\/\/karchershop.az\/az\/wp-json\/wp\/v2\/types\/product"}],"replies":[{"embeddable":true,"href":"https:\/\/karchershop.az\/az\/wp-json\/wp\/v2\/comments?post=14264"}],"wp:featuredmedia":[{"embeddable":true,"href":"https:\/\/karchershop.az\/az\/wp-json\/wp\/v2\/media\/14265"}],"wp:attachment":[{"href":"https:\/\/karchershop.az\/az\/wp-json\/wp\/v2\/media?parent=14264"}],"wp:term":[{"taxonomy":"product_cat","embeddable":true,"href":"https:\/\/karchershop.az\/az\/wp-json\/wp\/v2\/product_cat?post=14264"},{"taxonomy":"product_tag","embeddable":true,"href":"https:\/\/karchershop.az\/az\/wp-json\/wp\/v2\/product_tag?post=14264"}],"curies":[{"name":"wp","href":"https:\/\/api.w.org\/{rel}","templated":true}]}}