{"id":14268,"date":"2025-05-07T16:33:19","date_gmt":"2025-05-07T12:33:19","guid":{"rendered":"https:\/\/karchershop.az\/?post_type=product&#038;p=14268"},"modified":"2026-04-17T06:01:14","modified_gmt":"2026-04-17T02:01:14","slug":"k-4-fj-bb","status":"publish","type":"product","link":"https:\/\/karchershop.az\/az\/home-garden\/mojki-vysokogo-davleniya\/k-4-fj-bb","title":{"rendered":"K 4 FJ BB"},"content":{"rendered":"<p>Y\u00fcks\u0259k t\u0259zyiqli t\u0259mizl\u0259yici K 4 FJ \u2014 n\u0259qliyyat vasit\u0259l\u0259rinin v\u0259 ev \u0259traf\u0131ndak\u0131 orta \u00f6l\u00e7\u00fcl\u00fc s\u0259thl\u0259rin y\u00fcng\u00fcl \u00e7irkl\u0259rd\u0259n m\u00fct\u0259madi t\u0259mizl\u0259nm\u0259si \u00fc\u00e7\u00fcn ideal k\u00f6m\u0259k\u00e7idir. T\u0259chizat d\u0259stin\u0259 tapan\u00e7a, 6 metrlik y\u00fcks\u0259k t\u0259zyiqli \u015flanq, t\u0259nziml\u0259n\u0259 bil\u0259n Vario Power (VPS) i\u015f nasosu, inadkar \u00e7irkl\u0259ri aradan qald\u0131rmaq \u00fc\u00e7\u00fcn f\u0131rlanan ba\u015fl\u0131q v\u0259 nasosu ki\u00e7ik \u00e7irk hiss\u0259cikl\u0259rind\u0259n qorumaq \u00fc\u00e7\u00fcn etibarl\u0131 su filtri daxildir. VPS-d\u0259 t\u0259zyiqi sad\u0259 bir d\u00f6nd\u00fcrm\u0259 il\u0259 asanl\u0131qla t\u0259nziml\u0259m\u0259k m\u00fcmk\u00fcnd\u00fcr ki, bu da s\u0259thl\u0259r\u0259 qar\u015f\u0131 h\u0259ssas yana\u015fma il\u0259 d\u0259qiq t\u0259mizl\u0259m\u0259 t\u0259min edir. D\u00f6n\u0259n n\u00f6qt\u0259 \u015f\u0131rnaql\u0131 kir t\u0259mizl\u0259yici ba\u015fl\u0131q h\u0259tta inadkar \u00e7irkl\u0259ri d\u0259 d\u0259rind\u0259n t\u0259mizl\u0259yir. B\u00fct\u00fcn aksessuarlar cihaz\u0131n \u00f6z\u00fcnd\u0259 saxlan\u0131la bil\u0259r. D\u0259st \u0259lav\u0259 olaraq k\u00f6p\u00fck yaradan ba\u015fl\u0131q v\u0259 maksimum \u00e7irkin h\u0259ll olunmas\u0131 \u00fc\u00e7\u00fcn 1 litr avtomobil \u015fampunu il\u0259 t\u0259min olunur.<\/p>","protected":false},"excerpt":{"rendered":"<p>K 4 FJ avtomobill\u0259rd\u0259 y\u00fcng\u00fcl \u00e7irkl\u0259rin m\u00fcnt\u0259z\u0259m t\u0259mizl\u0259nm\u0259si, h\u0259m\u00e7inin evin \u0259traf\u0131ndak\u0131 yollar v\u0259 dig\u0259r s\u0259thl\u0259r \u00fc\u00e7\u00fcn ideal \u015f\u0259kild\u0259 uy\u011fundur. D\u0259st\u0259y\u0259 k\u00f6p\u00fck ba\u015fl\u0131\u011f\u0131 daxildir.<\/p>","protected":false},"featured_media":14270,"comment_status":"open","ping_status":"closed","template":"","meta":[],"product_cat":[15,20],"product_tag":[],"class_list":{"0":"post-14268","1":"product","2":"type-product","3":"status-publish","4":"has-post-thumbnail","6":"product_cat-home-garden","7":"product_cat-mojki-vysokogo-davleniya","9":"first","10":"instock","11":"sale","12":"shipping-taxable","13":"purchasable","14":"product-type-simple"},"_links":{"self":[{"href":"https:\/\/karchershop.az\/az\/wp-json\/wp\/v2\/product\/14268","targetHints":{"allow":["GET"]}}],"collection":[{"href":"https:\/\/karchershop.az\/az\/wp-json\/wp\/v2\/product"}],"about":[{"href":"https:\/\/karchershop.az\/az\/wp-json\/wp\/v2\/types\/product"}],"replies":[{"embeddable":true,"href":"https:\/\/karchershop.az\/az\/wp-json\/wp\/v2\/comments?post=14268"}],"wp:featuredmedia":[{"embeddable":true,"href":"https:\/\/karchershop.az\/az\/wp-json\/wp\/v2\/media\/14270"}],"wp:attachment":[{"href":"https:\/\/karchershop.az\/az\/wp-json\/wp\/v2\/media?parent=14268"}],"wp:term":[{"taxonomy":"product_cat","embeddable":true,"href":"https:\/\/karchershop.az\/az\/wp-json\/wp\/v2\/product_cat?post=14268"},{"taxonomy":"product_tag","embeddable":true,"href":"https:\/\/karchershop.az\/az\/wp-json\/wp\/v2\/product_tag?post=14268"}],"curies":[{"name":"wp","href":"https:\/\/api.w.org\/{rel}","templated":true}]}}