{"id":14318,"date":"2025-05-22T11:12:09","date_gmt":"2025-05-22T07:12:09","guid":{"rendered":"https:\/\/karchershop.az\/?post_type=product&#038;p=14318"},"modified":"2026-05-01T21:36:15","modified_gmt":"2026-05-01T17:36:15","slug":"wd-2-plus-v-15-4-18-c","status":"publish","type":"product","link":"https:\/\/karchershop.az\/az\/home-garden\/hozyajstvennye-pylesosy\/hozyajstvenny-pylesos\/wd-2-plus-v-15-4-18-c","title":{"rendered":"WD 2 Plus V-15\/4\/18\/C"},"content":{"rendered":"<p>Kompakt konstruksiyas\u0131na baxmayaraq, WD 2 Plus V-15\/4\/18\/C aparat\u0131 y\u00fcks\u0259k sorma g\u00fcc\u00fc v\u0259 enerji s\u0259m\u0259r\u0259liliyi il\u0259 se\u00e7ilir \u2013 enerji istehlak\u0131 c\u0259mi 1000 Vt t\u0259\u015fkil edir. O, h\u0259m ki\u00e7ik, h\u0259m d\u0259 iri \u00f6l\u00e7\u00fcl\u00fc quru v\u0259 n\u0259m zibill\u0259rin y\u0131\u011f\u0131lmas\u0131nda m\u00fck\u0259mm\u0259l n\u0259tic\u0259l\u0259r\u0259 z\u0259man\u0259t verir. Bu t\u0259s\u0259rr\u00fcfat tozsoran\u0131 z\u0259rb\u0259y\u0259 davaml\u0131 15 litrlik plastik zibil qab\u0131, 4 metrlik kabel, d\u00fcz tutacaql\u0131 1,8 metr uzunlu\u011funda sorma \u015flanq\u0131, m\u00fcxt\u0259lif ba\u015fl\u0131ql\u0131 d\u00f6\u015f\u0259m\u0259 uclu\u011fu v\u0259 toxunmam\u0131\u015f materialdan haz\u0131rlanm\u0131\u015f filtr-torba il\u0259 t\u0259chiz olunub. Filtr d\u0259yi\u015fdirilm\u0259d\u0259n quru v\u0259 n\u0259m t\u0259mizl\u0259m\u0259 \u0259m\u0259liyyatlar\u0131n\u0131 n\u00f6vb\u0259l\u0259m\u0259y\u0259 imkan ver\u0259n b\u00fct\u00f6v kartric filtri saat \u0259qr\u0259bi istiqam\u0259tind\u0259 sad\u0259 bir d\u00f6ng\u0259 il\u0259 asanl\u0131qla b\u0259rkidilir. Bundan \u0259lav\u0259, aparatda tozsoranla y\u0131\u011f\u0131lmas\u0131 m\u00fcmk\u00fcn olmayan yerl\u0259rd\u0259n zibill\u0259ri t\u0259mizl\u0259m\u0259k \u00fc\u00e7\u00fcn praktik \u00fcf\u00fcrm\u0259 funksiyas\u0131 n\u0259z\u0259rd\u0259 tutulub. M\u00fch\u0259rrik hiss\u0259sinin yast\u0131 s\u0259thi al\u0259tl\u0259rin v\u0259 m\u00fcxt\u0259lif x\u0131rda \u0259\u015fyalar\u0131n etibarl\u0131 \u015f\u0259kild\u0259 qoyulmas\u0131n\u0131 t\u0259min edir, i\u015f zaman\u0131 veril\u0259n fasil\u0259l\u0259rd\u0259 uzad\u0131c\u0131 borular\u0131n v\u0259 d\u00f6\u015f\u0259m\u0259 uclu\u011funun s\u00fcr\u0259tli v\u0259 rahat b\u0259rkidilm\u0259si \u00fc\u00e7\u00fcn is\u0259 g\u00f6vd\u0259 \u00fcz\u0259rind\u0259 x\u00fcsusi saxlay\u0131c\u0131lar formala\u015fd\u0131r\u0131l\u0131b. Aparat h\u0259m\u00e7inin saxlanma zaman\u0131 y\u0131\u011fcaml\u0131\u011f\u0131, aksesuarlar\u0131n rahat yerl\u0259\u015fdirilm\u0259si, Pull &amp; Push kilidl\u0259ri v\u0259 rahat da\u015f\u0131nman\u0131 t\u0259min ed\u0259n erqonomik formal\u0131 tutaca\u011f\u0131 il\u0259 f\u0259rql\u0259nir.<\/p>","protected":false},"excerpt":{"rendered":"<p>15 litrlik plastik konteyner, hava \u00fcf\u00fcrm\u0259 funksiyas\u0131, b\u00fct\u00f6v kartric filtri, 4 metrlik kabel v\u0259 1,8 metrlik sorma \u015flanq\u0131 say\u0259sind\u0259 WD 2 Plus V-15\/4\/18\/C y\u00fcks\u0259k m\u0259hsuldarl\u0131\u011fa z\u0259man\u0259t verir.<\/p>","protected":false},"featured_media":14319,"comment_status":"open","ping_status":"closed","template":"","meta":[],"product_cat":[15,553,90],"product_tag":[],"class_list":{"0":"post-14318","1":"product","2":"type-product","3":"status-publish","4":"has-post-thumbnail","6":"product_cat-home-garden","7":"product_cat-hozyajstvennye-pylesosy","8":"product_cat-hozyajstvenny-pylesos","10":"first","11":"instock","12":"shipping-taxable","13":"purchasable","14":"product-type-simple"},"_links":{"self":[{"href":"https:\/\/karchershop.az\/az\/wp-json\/wp\/v2\/product\/14318","targetHints":{"allow":["GET"]}}],"collection":[{"href":"https:\/\/karchershop.az\/az\/wp-json\/wp\/v2\/product"}],"about":[{"href":"https:\/\/karchershop.az\/az\/wp-json\/wp\/v2\/types\/product"}],"replies":[{"embeddable":true,"href":"https:\/\/karchershop.az\/az\/wp-json\/wp\/v2\/comments?post=14318"}],"wp:featuredmedia":[{"embeddable":true,"href":"https:\/\/karchershop.az\/az\/wp-json\/wp\/v2\/media\/14319"}],"wp:attachment":[{"href":"https:\/\/karchershop.az\/az\/wp-json\/wp\/v2\/media?parent=14318"}],"wp:term":[{"taxonomy":"product_cat","embeddable":true,"href":"https:\/\/karchershop.az\/az\/wp-json\/wp\/v2\/product_cat?post=14318"},{"taxonomy":"product_tag","embeddable":true,"href":"https:\/\/karchershop.az\/az\/wp-json\/wp\/v2\/product_tag?post=14318"}],"curies":[{"name":"wp","href":"https:\/\/api.w.org\/{rel}","templated":true}]}}