{"id":14325,"date":"2025-05-22T11:44:22","date_gmt":"2025-05-22T07:44:22","guid":{"rendered":"https:\/\/karchershop.az\/?post_type=product&#038;p=14325"},"modified":"2026-05-01T21:36:16","modified_gmt":"2026-05-01T17:36:16","slug":"wv-5-plus-anniversary-edition","status":"publish","type":"product","link":"https:\/\/karchershop.az\/az\/home-garden\/okonnye-pylesosy\/wv-5-plus-anniversary-edition","title":{"rendered":"WV 5 Plus Anniversary Edition"},"content":{"rendered":"<p>K\u00e4rcher WV 5 Plus Anniversary Edition p\u0259nc\u0259r\u0259 tozsoran\u0131, \u015firk\u0259tin 90 illik yubileyi m\u00fcnasib\u0259til\u0259 burax\u0131lm\u0131\u015f m\u0259hdud sayda x\u00fcsusi r\u0259ng variant\u0131 v\u0259 x\u00fcsusi aksesuarlarla t\u0259qdim olunur. P\u0259nc\u0259r\u0259 tozsoran\u0131n\u0131n ixtira\u00e7\u0131s\u0131 olan K\u00e4rcher, bu model il\u0259 p\u0259nc\u0259r\u0259l\u0259rin l\u0259k\u0259siz, damc\u0131 izsiz v\u0259 asan t\u0259mizliyini daha da m\u00fck\u0259mm\u0259ll\u0259\u015fdirir.\n\nArt\u0131r\u0131lm\u0131\u015f avtonom i\u015f vaxt\u0131 say\u0259sind\u0259 t\u0259mizl\u0259m\u0259 daha uzun m\u00fcdd\u0259t fasil\u0259siz h\u0259yata ke\u00e7iril\u0259 bil\u0259r. D\u0259yi\u015fdiril\u0259 bil\u0259n batareya sistemi is\u0259 \u0259lav\u0259 batareya al\u0131nd\u0131\u011f\u0131 t\u0259qdird\u0259 p\u0259nc\u0259r\u0259l\u0259rin fasil\u0259siz yuyulmas\u0131na imkan yarad\u0131r.\n\nCihaz\u0131n yum\u015faq komponentli tutaca\u011f\u0131 WV 5 Plus Anniversary Edition modelini idar\u0259etm\u0259 rahatl\u0131\u011f\u0131 v\u0259 ergonomika bax\u0131m\u0131ndan \u0259vv\u0259lki modell\u0259rl\u0259 m\u00fcqayis\u0259d\u0259 \u00fcst\u00fcn edir. Tozsoran\u0131n sorucu ba\u015fl\u0131\u011f\u0131ndak\u0131 x\u00fcsusi yast\u0131qlar k\u0259narlara q\u0259d\u0259r daha effektiv t\u0259mizl\u0259m\u0259 n\u0259tic\u0259l\u0259rini t\u0259min edir.\n\nD\u0259st\u0259y\u0259 a\u015fa\u011f\u0131dak\u0131lar daxildir:\n\nSprey \u015f\u00fc\u015f\u0259si\n\nMikrofiber par\u00e7a\n\nBarmaql\u0131ql\u0131 p\u0259nc\u0259r\u0259l\u0259r \u00fc\u00e7\u00fcn dar sorucu ba\u015fl\u0131q\n\n\u00c7\u0259tin \u00e7\u0131xan \u00e7irkl\u0259ri t\u0259mizl\u0259m\u0259k \u00fc\u00e7\u00fcn qa\u015f\u0131y\u0131c\u0131\n\nXarici p\u0259nc\u0259r\u0259 s\u0259thl\u0259rinin optimal t\u0259mizliyi \u00fc\u00e7\u00fcn y\u00fcks\u0259k d\u0259r\u0259c\u0259d\u0259 a\u015f\u0131nd\u0131r\u0131c\u0131 lifl\u0259r\u0259 malik \u0259lav\u0259 mikrofiber par\u00e7<\/p>","protected":false},"excerpt":{"rendered":"<p>P\u0259nc\u0259r\u0259 tozsoran\u0131 WV 5 Plus Anniversary Edition, K\u00e4rcher \u015firk\u0259tinin 90 illik yubileyin\u0259 \u00f6z\u0259l olaraq m\u0259hdud sayda burax\u0131lm\u0131\u015f x\u00fcsusi t\u0259chizatla t\u0259chiz olunub v\u0259 p\u0259nc\u0259r\u0259l\u0259rin l\u0259k\u0259siz v\u0259 damc\u0131 izl\u0259ri olmadan maksimum s\u00fcr\u0259tl\u0259 t\u0259mizl\u0259nm\u0259sin\u0259 z\u0259man\u0259t verir.<\/p>","protected":false},"featured_media":14326,"comment_status":"open","ping_status":"closed","template":"","meta":[],"product_cat":[15,183],"product_tag":[],"class_list":{"0":"post-14325","1":"product","2":"type-product","3":"status-publish","4":"has-post-thumbnail","6":"product_cat-home-garden","7":"product_cat-okonnye-pylesosy","9":"first","10":"outofstock","11":"shipping-taxable","12":"purchasable","13":"product-type-simple"},"_links":{"self":[{"href":"https:\/\/karchershop.az\/az\/wp-json\/wp\/v2\/product\/14325","targetHints":{"allow":["GET"]}}],"collection":[{"href":"https:\/\/karchershop.az\/az\/wp-json\/wp\/v2\/product"}],"about":[{"href":"https:\/\/karchershop.az\/az\/wp-json\/wp\/v2\/types\/product"}],"replies":[{"embeddable":true,"href":"https:\/\/karchershop.az\/az\/wp-json\/wp\/v2\/comments?post=14325"}],"wp:featuredmedia":[{"embeddable":true,"href":"https:\/\/karchershop.az\/az\/wp-json\/wp\/v2\/media\/14326"}],"wp:attachment":[{"href":"https:\/\/karchershop.az\/az\/wp-json\/wp\/v2\/media?parent=14325"}],"wp:term":[{"taxonomy":"product_cat","embeddable":true,"href":"https:\/\/karchershop.az\/az\/wp-json\/wp\/v2\/product_cat?post=14325"},{"taxonomy":"product_tag","embeddable":true,"href":"https:\/\/karchershop.az\/az\/wp-json\/wp\/v2\/product_tag?post=14325"}],"curies":[{"name":"wp","href":"https:\/\/api.w.org\/{rel}","templated":true}]}}