{"id":14338,"date":"2025-05-23T10:30:12","date_gmt":"2025-05-23T06:30:12","guid":{"rendered":"https:\/\/karchershop.az\/?post_type=product&#038;p=14338"},"modified":"2026-05-01T21:36:16","modified_gmt":"2026-05-01T17:36:16","slug":"wd-2-plus-v-12-6-18-c-yyy","status":"publish","type":"product","link":"https:\/\/karchershop.az\/az\/home-garden\/hozyajstvennye-pylesosy\/hozyajstvenny-pylesos\/wd-2-plus-v-12-6-18-c-yyy","title":{"rendered":"WD 2 Plus V-12\/6\/18\/C (YYY)"},"content":{"rendered":"<p>**WD 2 Plus V-12\/6\/18\/C** tozsoran\u0131 kompakt dizayn\u0131, y\u00fcks\u0259k g\u00fcc\u00fc v\u0259 enerji effektivliyi il\u0259 se\u00e7ilir, c\u0259mi 1000 Vt enerji s\u0259rf edir. Cihaz h\u0259m quru, h\u0259m ya\u015f, h\u0259m inc\u0259, h\u0259m d\u0259 kobud \u00e7irkl\u0259rin t\u0259mizl\u0259nm\u0259sind\u0259 m\u00fck\u0259mm\u0259l n\u0259tic\u0259l\u0259r verir.\n\nBu ya\u015f v\u0259 quru t\u0259mizlik \u00fc\u00e7\u00fcn n\u0259z\u0259rd\u0259 tutulmu\u015f tozsoran m\u00f6hk\u0259m v\u0259 z\u0259rb\u0259y\u0259 davaml\u0131 12 litrlik plastik konteyner, 6 metr uzunlu\u011funda kabel, 1,8 metr uzunlu\u011funda d\u00fcz tutacaql\u0131 sorucu \u015flanq, Clips d\u00f6\u015f\u0259m\u0259 ba\u015fl\u0131\u011f\u0131 v\u0259 flis filtr-torba il\u0259 t\u0259chiz olunub. Bir hiss\u0259li kartu\u015f filtr say\u0259sind\u0259 filtr d\u0259yi\u015fdirm\u0259d\u0259n h\u0259m quru, h\u0259m d\u0259 ya\u015f \u00e7irkl\u0259ri t\u0259mizl\u0259m\u0259k m\u00fcmk\u00fcnd\u00fcr. Filtri saat \u0259qr\u0259bi istiqam\u0259tind\u0259 f\u0131rladaraq filtr qutusuna rahatca yerl\u0259\u015fdirm\u0259k olar.\n\nPraktiki \u00fcf\u00fcrm\u0259 funksiyas\u0131 t\u0259mizl\u0259m\u0259yin \u00e7\u0259tin oldu\u011fu yerl\u0259rd\u0259 istifad\u0259 \u00fc\u00e7\u00fcn n\u0259z\u0259rd\u0259 tutulub. Cihaz\u0131n ba\u015fl\u0131q hiss\u0259sind\u0259 al\u0259tl\u0259r v\u0259 ki\u00e7ik detalar t\u0259hl\u00fck\u0259siz \u015f\u0259kild\u0259 saxlan\u0131l\u0131r. Borular v\u0259 d\u00f6\u015f\u0259m\u0259 ba\u015fl\u0131qlar\u0131 is\u0259 buferd\u0259 park v\u0259ziyy\u0259tind\u0259 s\u00fcr\u0259tl\u0259 v\u0259 rahat \u015f\u0259kild\u0259 yerl\u0259\u015fdiril\u0259 bil\u0259r.\n\nBundan \u0259lav\u0259, cihaz kompakt saxlama sah\u0259si, asan aksesuar b\u00f6lm\u0259si, **Pull &amp; Push** kilidl\u0259m\u0259 sistemi v\u0259 da\u015f\u0131nma \u00fc\u00e7\u00fcn erqonomik tutacaq il\u0259 t\u0259chiz olunub ki, bu da rahat da\u015f\u0131man\u0131 t\u0259min edir.<\/p>","protected":false},"excerpt":{"rendered":"<p>Quru v\u0259 ya\u015f t\u0259mizlik \u00fc\u00e7\u00fcn n\u0259z\u0259rd\u0259 tutulmu\u015f **WD 2 Plus V-12\/6\/18\/C** tozsoran\u0131 12 litrlik plastik konteyner, 6 metrlik kabel v\u0259 1,8 metr uzunlu\u011funda sorucu \u015flanq il\u0259 t\u0259chiz olunub.<\/p>","protected":false},"featured_media":14339,"comment_status":"open","ping_status":"closed","template":"","meta":[],"product_cat":[15,553,90],"product_tag":[],"class_list":{"0":"post-14338","1":"product","2":"type-product","3":"status-publish","4":"has-post-thumbnail","6":"product_cat-home-garden","7":"product_cat-hozyajstvennye-pylesosy","8":"product_cat-hozyajstvenny-pylesos","10":"first","11":"instock","12":"shipping-taxable","13":"purchasable","14":"product-type-simple"},"_links":{"self":[{"href":"https:\/\/karchershop.az\/az\/wp-json\/wp\/v2\/product\/14338","targetHints":{"allow":["GET"]}}],"collection":[{"href":"https:\/\/karchershop.az\/az\/wp-json\/wp\/v2\/product"}],"about":[{"href":"https:\/\/karchershop.az\/az\/wp-json\/wp\/v2\/types\/product"}],"replies":[{"embeddable":true,"href":"https:\/\/karchershop.az\/az\/wp-json\/wp\/v2\/comments?post=14338"}],"wp:featuredmedia":[{"embeddable":true,"href":"https:\/\/karchershop.az\/az\/wp-json\/wp\/v2\/media\/14339"}],"wp:attachment":[{"href":"https:\/\/karchershop.az\/az\/wp-json\/wp\/v2\/media?parent=14338"}],"wp:term":[{"taxonomy":"product_cat","embeddable":true,"href":"https:\/\/karchershop.az\/az\/wp-json\/wp\/v2\/product_cat?post=14338"},{"taxonomy":"product_tag","embeddable":true,"href":"https:\/\/karchershop.az\/az\/wp-json\/wp\/v2\/product_tag?post=14338"}],"curies":[{"name":"wp","href":"https:\/\/api.w.org\/{rel}","templated":true}]}}