{"id":14360,"date":"2025-05-23T11:12:23","date_gmt":"2025-05-23T07:12:23","guid":{"rendered":"https:\/\/karchershop.az\/?post_type=product&#038;p=14360"},"modified":"2026-05-01T21:36:16","modified_gmt":"2026-05-01T17:36:16","slug":"wd-3-v-19-4-20","status":"publish","type":"product","link":"https:\/\/karchershop.az\/az\/home-garden\/hozyajstvennye-pylesosy\/hozyajstvenny-pylesos\/wd-3-v-19-4-20","title":{"rendered":"WD 3 V-19\/4\/20"},"content":{"rendered":"<p>G\u00fccl\u00fc v\u0259 enerji s\u0259m\u0259r\u0259li **WD 3 V-19\/4\/20** tozsoran\u0131 c\u0259mi 1000 Vt enerji s\u0259rf edir. Sorucu \u015flanq v\u0259 Clips tipli d\u00f6\u015f\u0259m\u0259 ba\u015fl\u0131\u011f\u0131 h\u0259m quru, h\u0259m d\u0259 ya\u015f s\u0259thl\u0259rd\u0259, inc\u0259 v\u0259 iri \u00e7irkl\u0259rd\u0259 \u0259n yax\u015f\u0131 t\u0259mizlik n\u0259tic\u0259l\u0259rin\u0259 nail olmaq \u00fc\u00e7\u00fcn ideal uy\u011fundur.\n\nQuru v\u0259 ya\u015f t\u0259mizlik \u00fc\u00e7\u00fcn n\u0259z\u0259rd\u0259 tutulmu\u015f bu model kompakt qurulu\u015fu, m\u00f6hk\u0259m 19 litrlik plastik konteyneri, 4 metrlik kabeli, 2 metrlik sorucu \u015flan\u011f\u0131 v\u0259 flis filtr-torbas\u0131 il\u0259 diqq\u0259t \u00e7\u0259kir. Bir hiss\u0259li kartu\u015f filtr say\u0259sind\u0259 filtr d\u0259yi\u015fdirm\u0259d\u0259n h\u0259m ya\u015f, h\u0259m d\u0259 quru \u00e7irkl\u0259rin t\u0259mizl\u0259nm\u0259si m\u00fcmk\u00fcnd\u00fcr.\n\n\u00dcf\u00fcrm\u0259 funksiyas\u0131 \u00e7\u0259tin \u00e7at\u0131lan yerl\u0259rin t\u0259mizl\u0259nm\u0259sind\u0259 faydal\u0131d\u0131r. \u015elanq yer q\u0259na\u0259ti \u00fc\u00e7\u00fcn cihaz\u0131n ba\u015fl\u0131\u011f\u0131ndan as\u0131l\u0131r, kabel is\u0259 x\u00fcsusi qarmaqda saxlan\u0131l\u0131r. Uzad\u0131c\u0131 borular v\u0259 d\u00f6\u015f\u0259m\u0259 ba\u015fl\u0131\u011f\u0131 is\u0259 buferd\u0259 yerl\u0259\u015fdirilir.\n\n**Pull &amp; Push** kilidl\u0259m\u0259 sistemi konteynerin asanl\u0131qla a\u00e7\u0131l\u0131b-ba\u011flanmas\u0131n\u0131 t\u0259min edir. Tozsoran\u0131n tutaca\u011f\u0131 \u00e7\u0131xar\u0131la bil\u0259r v\u0259 ba\u015fl\u0131q sorucu \u015flanqa birba\u015fa qo\u015fula bil\u0259r. M\u00fch\u0259rrik hiss\u0259sinin qapa\u011f\u0131nda is\u0259 al\u0259tl\u0259r v\u0259 ki\u00e7ik detallar\u0131 saxlamaq \u00fc\u00e7\u00fcn yer ayr\u0131l\u0131b.\n\nErqonomik da\u015f\u0131ma tutaca\u011f\u0131 rahat da\u015f\u0131nman\u0131 t\u0259min edir.<\/p>","protected":false},"excerpt":{"rendered":"<p>Quru v\u0259 ya\u015f t\u0259mizlik \u00fc\u00e7\u00fcn n\u0259z\u0259rd\u0259 tutulmu\u015f **WD 3 V-19\/4\/20** tozsoran\u0131 g\u00fccl\u00fc v\u0259 effektivdir: 19 litrlik plastik konteyner, 4 metrlik kabel, 2 metr uzunlu\u011funda sorucu \u015flanq v\u0259 kartu\u015f filtri t\u0259mizliyin \u0259n yax\u015f\u0131 n\u0259tic\u0259l\u0259rini t\u0259min edir.<\/p>","protected":false},"featured_media":14361,"comment_status":"open","ping_status":"closed","template":"","meta":[],"product_cat":[15,553,90],"product_tag":[],"class_list":{"0":"post-14360","1":"product","2":"type-product","3":"status-publish","4":"has-post-thumbnail","6":"product_cat-home-garden","7":"product_cat-hozyajstvennye-pylesosy","8":"product_cat-hozyajstvenny-pylesos","10":"first","11":"instock","12":"shipping-taxable","13":"purchasable","14":"product-type-simple"},"_links":{"self":[{"href":"https:\/\/karchershop.az\/az\/wp-json\/wp\/v2\/product\/14360","targetHints":{"allow":["GET"]}}],"collection":[{"href":"https:\/\/karchershop.az\/az\/wp-json\/wp\/v2\/product"}],"about":[{"href":"https:\/\/karchershop.az\/az\/wp-json\/wp\/v2\/types\/product"}],"replies":[{"embeddable":true,"href":"https:\/\/karchershop.az\/az\/wp-json\/wp\/v2\/comments?post=14360"}],"wp:featuredmedia":[{"embeddable":true,"href":"https:\/\/karchershop.az\/az\/wp-json\/wp\/v2\/media\/14361"}],"wp:attachment":[{"href":"https:\/\/karchershop.az\/az\/wp-json\/wp\/v2\/media?parent=14360"}],"wp:term":[{"taxonomy":"product_cat","embeddable":true,"href":"https:\/\/karchershop.az\/az\/wp-json\/wp\/v2\/product_cat?post=14360"},{"taxonomy":"product_tag","embeddable":true,"href":"https:\/\/karchershop.az\/az\/wp-json\/wp\/v2\/product_tag?post=14360"}],"curies":[{"name":"wp","href":"https:\/\/api.w.org\/{rel}","templated":true}]}}