{"id":14373,"date":"2025-05-23T11:42:09","date_gmt":"2025-05-23T07:42:09","guid":{"rendered":"https:\/\/karchershop.az\/?post_type=product&#038;p=14373"},"modified":"2026-05-10T05:47:27","modified_gmt":"2026-05-10T01:47:27","slug":"wd-3-p-v-17-4-20","status":"publish","type":"product","link":"https:\/\/karchershop.az\/az\/home-garden\/hozyajstvennye-pylesosy\/hozyajstvenny-pylesos\/wd-3-p-v-17-4-20","title":{"rendered":"WD 3 P V-17\/4\/20"},"content":{"rendered":"<p>Enerji bax\u0131m\u0131ndan s\u0259m\u0259r\u0259li olan **WD 3 P V-17\/4\/20** tozsoran\u0131 c\u0259mi 1000 Vt g\u00fcc s\u0259rf etm\u0259kl\u0259 y\u00fcks\u0259k sorucu g\u00fcc yarad\u0131r. Sorucu \u015flanq v\u0259 d\u0259yi\u015fdiril\u0259 bil\u0259n i\u00e7likl\u0259r\u0259 malik d\u00f6\u015f\u0259m\u0259 ba\u015fl\u0131\u011f\u0131 il\u0259 ideal uy\u011funluq say\u0259sind\u0259 h\u0259m quru, h\u0259m d\u0259 ya\u015f, iri v\u0259 x\u0131rda tullant\u0131lar\u0131n effektiv \u015f\u0259kild\u0259 toplanmas\u0131na imkan verir.\n\nKompakt dizayna malik bu t\u0259s\u0259rr\u00fcfat tozsoran\u0131 m\u00f6hk\u0259m 17 litrlik plastik tullant\u0131 qab\u0131, 4 metrlik kabel, 2 metrlik sorucu \u015flanq v\u0259 toxunmam\u0131\u015f materialdan haz\u0131rlanm\u0131\u015f filtr-torba il\u0259 t\u0259chiz olunub. \u00c7\u0131xar\u0131lmayan patron filtr vasit\u0259sil\u0259 quru v\u0259 ya\u015f t\u0259mizlik rejiml\u0259ri aras\u0131nda filtr d\u0259yi\u015fdirm\u0259d\u0259n ke\u00e7id etm\u0259k m\u00fcmk\u00fcnd\u00fcr.\n\nTozsoran\u0131n \u00fcz\u0259rind\u0259 yerl\u0259\u015f\u0259n avtomatik qo\u015fulub-s\u00f6nm\u0259 funksiyal\u0131 daxili elektrik rozetkas\u0131 vasit\u0259sil\u0259 lobzika, slifovka kimi elektrik al\u0259tl\u0259rini birba\u015fa qo\u015fmaq olar. Bu is\u0259 i\u015f zaman\u0131 yaranan toz v\u0259 tala\u015f\u0131n d\u0259rhal toplanmas\u0131na imkan verir.\n\n\u00dcf\u00fcrm\u0259 funksiyas\u0131 \u00e7\u0259tin \u00e7at\u0131lan yerl\u0259rin t\u0259mizl\u0259nm\u0259sini xeyli asanla\u015fd\u0131r\u0131r. T\u0259mizlikd\u0259n sonra \u015flanq m\u00fch\u0259rrik hiss\u0259sin\u0259 as\u0131l\u0131r, kabel x\u00fcsusi qarma\u011fa dolan\u0131r, uzad\u0131c\u0131 borular v\u0259 d\u00f6\u015f\u0259m\u0259 ba\u015fl\u0131\u011f\u0131 is\u0259 bufer hiss\u0259sind\u0259 yerl\u0259\u015fdirilir \u2013 bu da kompakt saxlama imkan\u0131 yarad\u0131r.\n\n**Pull &amp; Push** kilidl\u0259m\u0259 sistemi tullant\u0131 qab\u0131n\u0131n asanl\u0131qla \u00e7\u0131xar\u0131l\u0131b-tax\u0131lmas\u0131n\u0131 t\u0259min edir. Tutacaq sorucu \u015flanqdan \u00e7\u0131xar\u0131laraq ba\u015fl\u0131qlar birba\u015fa \u015flanqa qo\u015fula bil\u0259r.<\/p>","protected":false},"excerpt":{"rendered":"<p>Ev emalatxanas\u0131nda t\u0259mizlik \u00fc\u00e7\u00fcn m\u00fck\u0259mm\u0259l h\u0259ll: **K\u00e4rcher WD 3 P V-17\/4\/20** t\u0259s\u0259rr\u00fcfat tozsoran\u0131 17 litrlik plastik tullant\u0131 qab\u0131, 4 metrlik kabel, 2 metrlik sorucu \u015flanq, \u00e7\u0131xar\u0131lmayan patron filtr v\u0259 elektrik al\u0259tl\u0259rinin qo\u015fulmas\u0131 \u00fc\u00e7\u00fcn rozetka il\u0259 t\u0259chiz olunub.<\/p>","protected":false},"featured_media":14374,"comment_status":"open","ping_status":"closed","template":"","meta":[],"product_cat":[15,553,90],"product_tag":[],"class_list":{"0":"post-14373","1":"product","2":"type-product","3":"status-publish","4":"has-post-thumbnail","6":"product_cat-home-garden","7":"product_cat-hozyajstvennye-pylesosy","8":"product_cat-hozyajstvenny-pylesos","10":"first","11":"instock","12":"shipping-taxable","13":"purchasable","14":"product-type-simple"},"_links":{"self":[{"href":"https:\/\/karchershop.az\/az\/wp-json\/wp\/v2\/product\/14373","targetHints":{"allow":["GET"]}}],"collection":[{"href":"https:\/\/karchershop.az\/az\/wp-json\/wp\/v2\/product"}],"about":[{"href":"https:\/\/karchershop.az\/az\/wp-json\/wp\/v2\/types\/product"}],"replies":[{"embeddable":true,"href":"https:\/\/karchershop.az\/az\/wp-json\/wp\/v2\/comments?post=14373"}],"wp:featuredmedia":[{"embeddable":true,"href":"https:\/\/karchershop.az\/az\/wp-json\/wp\/v2\/media\/14374"}],"wp:attachment":[{"href":"https:\/\/karchershop.az\/az\/wp-json\/wp\/v2\/media?parent=14373"}],"wp:term":[{"taxonomy":"product_cat","embeddable":true,"href":"https:\/\/karchershop.az\/az\/wp-json\/wp\/v2\/product_cat?post=14373"},{"taxonomy":"product_tag","embeddable":true,"href":"https:\/\/karchershop.az\/az\/wp-json\/wp\/v2\/product_tag?post=14373"}],"curies":[{"name":"wp","href":"https:\/\/api.w.org\/{rel}","templated":true}]}}