{"id":14438,"date":"2025-06-01T10:44:31","date_gmt":"2025-06-01T06:44:31","guid":{"rendered":"https:\/\/karchershop.az\/?post_type=product&#038;p=14438"},"modified":"2026-05-01T21:36:16","modified_gmt":"2026-05-01T17:36:16","slug":"k-5-basic-set","status":"publish","type":"product","link":"https:\/\/karchershop.az\/az\/home-garden\/hozyajstvennye-pylesosy\/hozyajstvenny-pylesos\/k-5-basic-set","title":{"rendered":"K 5 Basic Set"},"content":{"rendered":"<p>K 5 Basic, 145 bar t\u0259zyiqli avadanl\u0131q, orta miqdarda \u00e7irkl\u0259ri t\u0259mizl\u0259m\u0259k \u00fc\u00e7\u00fcn n\u0259z\u0259rd\u0259 tutulmu\u015fdur, velosipedl\u0259ri v\u0259 avtomobill\u0259ri, el\u0259c\u0259 d\u0259 da\u015f divarlar\u0131 t\u0259mizl\u0259yir. Soyuq su il\u0259 soyudulmu\u015f elektrik m\u00fch\u0259rriki il\u0259 t\u0259chiz edilmi\u015f cihaz\u0131n komplektin\u0259 Quick Conect \u00fcsuli il\u0259 qura\u015fd\u0131r\u0131la bil\u0259n tapan\u00e7a v\u0259\u00a0<span class=\"fix-spelling\">Quick Connect<\/span>\u00a08 metr\u0259lik y\u00fcks\u0259k t\u0259zyiqli xortum, el\u0259c\u0259 d\u0259 h\u0259ssas s\u0259thl\u0259rin z\u0259rif t\u0259mizl\u0259nm\u0259si \u00fc\u00e7\u00fcn t\u0259zyiqi t\u0259nziml\u0259m\u0259y\u0259 imkan ver\u0259n Vario Power t\u0259zyiq ba\u015fl\u0131\u011f\u0131, inadkar \u00e7irkl\u0259ri t\u0259mizl\u0259m\u0259k \u00fc\u00e7\u00fcn g\u00fccl\u00fc f\u0131rlanan t\u0259zyiqli pal\u00e7\u0131q k\u0259sici ba\u015fl\u0131q daxildir. Pompan\u0131 qorumaq \u00fc\u00e7\u00fcn is\u0259 daxili su filtiri il\u0259 t\u0259min olunub.<\/p>\n<p>G\u00fccl\u00fc v\u0259 enerji bax\u0131m\u0131ndan s\u0259m\u0259r\u0259li t\u0259mizlik h\u0259lli \u2013 K\u00e4rcher WD 5 V-25\/5\/22 t\u0259s\u0259rr\u00fcfat tozsoran\u0131 c\u0259mi 1100 Vt enerji s\u0259rf etm\u0259kl\u0259 h\u0259m iri, h\u0259m d\u0259 x\u0131rda, h\u0259m quru, h\u0259m d\u0259 ya\u015f tullant\u0131lar\u0131n toplanmas\u0131nda \u0259la n\u0259tic\u0259l\u0259r g\u00f6st\u0259rir. Cihaz 25 litrlik m\u00f6hk\u0259m plastik toz qab\u0131, 5 metrlik elektrik kabeli, \u00e7\u0131xar\u0131la bil\u0259n antistatik tutaca\u011fa malik 2,2 metrlik sorucu \u015flanq, d\u0259yi\u015fdiril\u0259 bil\u0259n d\u00f6\u015f\u0259m\u0259 ba\u015fl\u0131\u011f\u0131, yast\u0131 b\u00fck\u00fclm\u00fc\u015f filtr v\u0259 par\u00e7a materialdan haz\u0131rlanm\u0131\u015f filtr-torba il\u0259 t\u0259chiz olunub.\n\nYast\u0131 b\u00fck\u00fclm\u00fc\u015f filtrin say\u0259sind\u0259 quru v\u0259 ya\u015f t\u0259mizl\u0259m\u0259 rejiml\u0259ri aras\u0131nda ke\u00e7id etm\u0259k \u00fc\u00e7\u00fcn filtri d\u0259yi\u015fm\u0259y\u0259 ehtiyac qalm\u0131r. Patentl\u0259\u015fdirilmi\u015f filtr b\u00f6lm\u0259si filtrin saniy\u0259l\u0259r \u0259rzind\u0259 v\u0259 \u00e7irk\u0259 toxunmadan \u00e7\u0131xar\u0131lmas\u0131na imkan verir. Filtrin t\u0259mizl\u0259nm\u0259 sistemi, sad\u0259c\u0259 bir d\u00fcym\u0259y\u0259 basmaqla i\u015f\u0259 sal\u0131n\u0131r v\u0259 tam sovurma g\u00fcc\u00fcn\u00fcn s\u00fcr\u0259tl\u0259 b\u0259rpas\u0131n\u0131 t\u0259min edir.\n\n\u00c7\u0131xar\u0131la bil\u0259n tutacaq say\u0259sind\u0259 ba\u015fl\u0131qlar birba\u015fa sorucu \u015flanqa birl\u0259\u015fdiril\u0259 bil\u0259r. \u015elanq is\u0259 aparat\u0131n \u00fcst hiss\u0259sind\u0259 kompakt v\u0259 etibarl\u0131 \u015f\u0259kild\u0259 saxlan\u0131la bil\u0259r. Uzatma borular\u0131n\u0131n v\u0259 d\u00f6\u015f\u0259m\u0259 ba\u015fl\u0131\u011f\u0131n\u0131n tez v\u0259 rahat \u015f\u0259kild\u0259 yerl\u0259\u015fdirilm\u0259si \u00fc\u00e7\u00fcn tozsoran\u0131n bamperind\u0259 x\u00fcsusi b\u0259rkidici tutacaqlar yerl\u0259\u015fdirilib.<\/p>","protected":false},"excerpt":{"rendered":"<p>Su il\u0259 soyudulan m\u00fch\u0259rrik\u0259 malik K 5 Basic y\u00fcks\u0259k t\u0259zyiqli yuyucu iri \u00f6l\u00e7\u00fcl\u00fc avtomobill\u0259rin, da\u015f divarlar\u0131n v\u0259 velosipedl\u0259rin orta d\u0259r\u0259c\u0259d\u0259 \u00e7irkl\u0259nm\u0259sinin vaxta\u015f\u0131r\u0131 t\u0259mizl\u0259nm\u0259si \u00fc\u00e7\u00fcn uy\u011fundur.<\/p>\n<p>\u00c7ox y\u00fcks\u0259k sovurma g\u00fcc\u00fc v\u0259 enerji s\u0259m\u0259r\u0259liliyi bir arada: K\u00e4rcher WD 5 V-25\/5\/22 t\u0259s\u0259rr\u00fcfat tozsoran\u0131 25 litrlik plastik konteyner, 5 metrlik kabel v\u0259 2,2 metrlik sorucu \u015flanqla t\u0259chiz olunub.<\/p>","protected":false},"featured_media":14439,"comment_status":"open","ping_status":"closed","template":"","meta":[],"product_cat":[15,20,553,90],"product_tag":[],"class_list":{"0":"post-14438","1":"product","2":"type-product","3":"status-publish","4":"has-post-thumbnail","6":"product_cat-home-garden","7":"product_cat-mojki-vysokogo-davleniya","8":"product_cat-hozyajstvennye-pylesosy","9":"product_cat-hozyajstvenny-pylesos","11":"first","12":"outofstock","13":"shipping-taxable","14":"purchasable","15":"product-type-simple"},"_links":{"self":[{"href":"https:\/\/karchershop.az\/az\/wp-json\/wp\/v2\/product\/14438","targetHints":{"allow":["GET"]}}],"collection":[{"href":"https:\/\/karchershop.az\/az\/wp-json\/wp\/v2\/product"}],"about":[{"href":"https:\/\/karchershop.az\/az\/wp-json\/wp\/v2\/types\/product"}],"replies":[{"embeddable":true,"href":"https:\/\/karchershop.az\/az\/wp-json\/wp\/v2\/comments?post=14438"}],"wp:featuredmedia":[{"embeddable":true,"href":"https:\/\/karchershop.az\/az\/wp-json\/wp\/v2\/media\/14439"}],"wp:attachment":[{"href":"https:\/\/karchershop.az\/az\/wp-json\/wp\/v2\/media?parent=14438"}],"wp:term":[{"taxonomy":"product_cat","embeddable":true,"href":"https:\/\/karchershop.az\/az\/wp-json\/wp\/v2\/product_cat?post=14438"},{"taxonomy":"product_tag","embeddable":true,"href":"https:\/\/karchershop.az\/az\/wp-json\/wp\/v2\/product_tag?post=14438"}],"curies":[{"name":"wp","href":"https:\/\/api.w.org\/{rel}","templated":true}]}}