{"id":14449,"date":"2025-06-01T11:01:58","date_gmt":"2025-06-01T07:01:58","guid":{"rendered":"https:\/\/karchershop.az\/?post_type=product&#038;p=14449"},"modified":"2026-05-01T21:36:17","modified_gmt":"2026-05-01T17:36:17","slug":"k-4-fj-set","status":"publish","type":"product","link":"https:\/\/karchershop.az\/az\/home-garden\/hozyajstvennye-pylesosy\/hozyajstvenny-pylesos\/k-4-fj-set","title":{"rendered":"K 4 FJ Set"},"content":{"rendered":"<p>WD 2 Plus V-15\/4\/18\/C cihaz\u0131 kompakt konstruksiyas\u0131na baxmayaraq, y\u00fcks\u0259k sorucu g\u00fcc\u00fc v\u0259 enerji s\u0259m\u0259r\u0259liliyi il\u0259 t\u0259\u0259cc\u00fcbl\u0259ndirir \u2013 enerji s\u0259rfi c\u0259mi 1000 Vt t\u0259\u015fkil edir. O, h\u0259m x\u0131rda, h\u0259m d\u0259 iri \u00f6l\u00e7\u00fcl\u00fc quru v\u0259 ya\u015f tullant\u0131lar\u0131n toplanmas\u0131nda m\u00fck\u0259mm\u0259l n\u0259tic\u0259 t\u0259min edir. Bu t\u0259s\u0259rr\u00fcfat tozsoran\u0131 z\u0259rb\u0259y\u0259 davaml\u0131 15 litrlik plastik tullant\u0131 konteyneri, 4 metrlik kabeli, d\u00fcz tutacaql\u0131 1,8 metrlik sorucu hortumu, d\u0259yi\u015fdiril\u0259 bil\u0259n \u0259lav\u0259l\u0259ri olan d\u00f6\u015f\u0259m\u0259 ba\u015fl\u0131\u011f\u0131 v\u0259 toxunmam\u0131\u015f materialdan haz\u0131rlanm\u0131\u015f filtr torbas\u0131 il\u0259 t\u0259chiz olunub. Quru v\u0259 ya\u015f tullant\u0131lar\u0131n toplanmas\u0131 zaman\u0131 filtri d\u0259yi\u015fm\u0259d\u0259n istifad\u0259 etm\u0259y\u0259 imkan ver\u0259n ayr\u0131lmayan patron tipli filtr sad\u0259 saat istiqam\u0259tind\u0259 f\u0131rlanma h\u0259r\u0259k\u0259ti il\u0259 asanl\u0131qla qura\u015fd\u0131r\u0131l\u0131r. Bundan \u0259lav\u0259, tozsoranla t\u0259mizl\u0259nm\u0259si m\u00fcmk\u00fcn olmayan yerl\u0259rd\u0259 tullant\u0131lar\u0131n uzaqla\u015fd\u0131r\u0131lmas\u0131 \u00fc\u00e7\u00fcn praktik \u00fcf\u00fcrm\u0259 funksiyas\u0131 m\u00f6vcuddur. M\u00fch\u0259rrik hiss\u0259sinin d\u00fcz s\u0259thi al\u0259tl\u0259rin v\u0259 m\u00fcxt\u0259lif x\u0131rda \u0259\u015fyalar\u0131n etibarl\u0131 yerl\u0259\u015fdirilm\u0259sin\u0259 imkan verir, i\u015f zaman\u0131 fasil\u0259l\u0259r zaman\u0131 uzad\u0131c\u0131 borular\u0131n v\u0259 d\u00f6\u015f\u0259m\u0259 ba\u015fl\u0131\u011f\u0131n\u0131n tez v\u0259 rahat b\u0259rkidilm\u0259si \u00fc\u00e7\u00fcn g\u00f6vd\u0259d\u0259 x\u00fcsusi tutacaqlar m\u00f6vcuddur. Bundan ba\u015fqa, cihaz saxlanmas\u0131 zaman\u0131 kompaktl\u0131\u011f\u0131, aksesuarlar\u0131n rahat yerl\u0259\u015fdirilm\u0259si, Pull &amp; Push tipli kilidl\u0259m\u0259 sistemi v\u0259 rahat da\u015f\u0131nma \u00fc\u00e7\u00fcn ergonomik tutacaqla da f\u0259rql\u0259nir.<\/p>\n<p>Y\u00fcks\u0259k t\u0259zyiqli t\u0259mizl\u0259yici K 4 FJ \u2013 n\u0259qliyyat vasit\u0259l\u0259rinin v\u0259 evin \u0259traf\u0131ndak\u0131 orta \u00f6l\u00e7\u00fcl\u00fc s\u0259thl\u0259rin m\u00fcnt\u0259z\u0259m v\u0259 y\u00fcng\u00fcl \u00e7irkl\u0259nm\u0259l\u0259rd\u0259n t\u0259mizl\u0259nm\u0259si \u00fc\u00e7\u00fcn ideal k\u00f6m\u0259k\u00e7idir. Komplekt\u0259 t\u0259zyiqli \u015flanq \u00fc\u00e7\u00fcn tapan\u00e7a, 6 metrlik y\u00fcks\u0259k t\u0259zyiqli \u015flanq, Vario Power (VPS) t\u0259nziml\u0259n\u0259n i\u015f nasosu, inadkar \u00e7irkl\u0259ri t\u0259mizl\u0259m\u0259k \u00fc\u00e7\u00fcn f\u0131rlanan ba\u015fl\u0131q v\u0259 nasosu ki\u00e7ik kir hiss\u0259cikl\u0259rind\u0259n qorumaq \u00fc\u00e7\u00fcn etibarl\u0131 su filtri daxildir. VPS-d\u0259 t\u0259zyiq sad\u0259 bir f\u0131rlatma il\u0259 asanl\u0131qla t\u0259nziml\u0259n\u0259 bil\u0259r, bu da s\u0259thl\u0259rin d\u0259qiq v\u0259 z\u0259rif t\u0259mizl\u0259nm\u0259sini t\u0259min edir. F\u0131rlanan n\u00f6qt\u0259 \u015f\u0131rnaql\u0131 \u00e7irk frezi h\u0259tta inadkar \u00e7irkl\u0259ri d\u0259 d\u0259rind\u0259n t\u0259mizl\u0259yir. B\u00fct\u00fcn aksesuarlar cihaz\u0131n \u00fcz\u0259rind\u0259 saxlan\u0131la bil\u0259r. Komplekt\u0259 \u0259lav\u0259 olaraq k\u00f6p\u00fck yaratmaq \u00fc\u00e7\u00fcn x\u00fcsusi ba\u015fl\u0131q v\u0259 maksimum kir h\u0259ll etm\u0259 g\u00fcc\u00fcn\u0259 malik 1 litr avtomobil \u015fampunu daxildir.<\/p>","protected":false},"excerpt":{"rendered":"<p>WD 2 Plus V-15\/4\/18\/C tozsoran\u0131 15 litrlik plastik tullant\u0131 qab\u0131, \u00e7\u0131xar\u0131lmayan patron filtr, 4 metrlik kabel v\u0259 1,8 metrlik sorucu boru il\u0259 t\u0259chiz olunub. G\u00fccl\u00fc sorucu qabiliyy\u0259tin\u0259 z\u0259man\u0259t verir v\u0259 laz\u0131m olduqda \u00fcf\u00fcrm\u0259 rejimind\u0259 d\u0259 istifad\u0259 oluna bil\u0259r.<\/p>\n<p>K 4 FJ avtomobill\u0259rd\u0259ki y\u00fcng\u00fcl \u00e7irkl\u0259nm\u0259l\u0259rin m\u00fct\u0259madi t\u0259mizl\u0259nm\u0259si, h\u0259m\u00e7inin evin \u0259traf\u0131ndak\u0131 yollar v\u0259 dig\u0259r s\u0259thl\u0259r \u00fc\u00e7\u00fcn m\u00fck\u0259mm\u0259l uy\u011fundur. Komplekt\u0259 k\u00f6p\u00fck p\u00fcsk\u00fcrd\u00fcc\u00fc d\u0259 daxildir.<\/p>","protected":false},"featured_media":14450,"comment_status":"open","ping_status":"closed","template":"","meta":[],"product_cat":[15,20,553,90],"product_tag":[],"class_list":{"0":"post-14449","1":"product","2":"type-product","3":"status-publish","4":"has-post-thumbnail","6":"product_cat-home-garden","7":"product_cat-mojki-vysokogo-davleniya","8":"product_cat-hozyajstvennye-pylesosy","9":"product_cat-hozyajstvenny-pylesos","11":"first","12":"outofstock","13":"shipping-taxable","14":"purchasable","15":"product-type-simple"},"_links":{"self":[{"href":"https:\/\/karchershop.az\/az\/wp-json\/wp\/v2\/product\/14449","targetHints":{"allow":["GET"]}}],"collection":[{"href":"https:\/\/karchershop.az\/az\/wp-json\/wp\/v2\/product"}],"about":[{"href":"https:\/\/karchershop.az\/az\/wp-json\/wp\/v2\/types\/product"}],"replies":[{"embeddable":true,"href":"https:\/\/karchershop.az\/az\/wp-json\/wp\/v2\/comments?post=14449"}],"wp:featuredmedia":[{"embeddable":true,"href":"https:\/\/karchershop.az\/az\/wp-json\/wp\/v2\/media\/14450"}],"wp:attachment":[{"href":"https:\/\/karchershop.az\/az\/wp-json\/wp\/v2\/media?parent=14449"}],"wp:term":[{"taxonomy":"product_cat","embeddable":true,"href":"https:\/\/karchershop.az\/az\/wp-json\/wp\/v2\/product_cat?post=14449"},{"taxonomy":"product_tag","embeddable":true,"href":"https:\/\/karchershop.az\/az\/wp-json\/wp\/v2\/product_tag?post=14449"}],"curies":[{"name":"wp","href":"https:\/\/api.w.org\/{rel}","templated":true}]}}