{"id":14471,"date":"2025-06-03T13:25:25","date_gmt":"2025-06-03T09:25:25","guid":{"rendered":"https:\/\/karchershop.az\/?post_type=product&#038;p=14471"},"modified":"2026-05-01T21:36:17","modified_gmt":"2026-05-01T17:36:17","slug":"sredstvo-dlya-vlazhnoj-ochistki-kovrov-rm-519-1l","status":"publish","type":"product","link":"https:\/\/karchershop.az\/az\/home-garden\/moyushhie-sredstva-karcher\/sredstvo-dlya-vlazhnoj-ochistki-kovrov-rm-519-1l","title":{"rendered":"Xal\u00e7a n\u0259m t\u0259mizl\u0259yicisi RM 519, 1L"},"content":{"rendered":"","protected":false},"excerpt":{"rendered":"<p>Xal\u00e7a n\u0259m t\u0259mizl\u0259yicisi RM 519, 1L tez quruyan formulal\u0131 maye yuyucu vasit\u0259. Xal\u00e7alar, kiliml\u0259r, mebel \u00f6rt\u00fckl\u0259ri, avtomobil oturacaqlar\u0131 v\u0259 dig\u0259r \u0259\u015fyalar \u00fc\u00e7\u00fcn uy\u011fundur.<\/p>","protected":false},"featured_media":14472,"comment_status":"open","ping_status":"closed","template":"","meta":[],"product_cat":[15,186],"product_tag":[],"class_list":{"0":"post-14471","1":"product","2":"type-product","3":"status-publish","4":"has-post-thumbnail","6":"product_cat-home-garden","7":"product_cat-moyushhie-sredstva-karcher","9":"first","10":"instock","11":"shipping-taxable","12":"purchasable","13":"product-type-simple"},"_links":{"self":[{"href":"https:\/\/karchershop.az\/az\/wp-json\/wp\/v2\/product\/14471","targetHints":{"allow":["GET"]}}],"collection":[{"href":"https:\/\/karchershop.az\/az\/wp-json\/wp\/v2\/product"}],"about":[{"href":"https:\/\/karchershop.az\/az\/wp-json\/wp\/v2\/types\/product"}],"replies":[{"embeddable":true,"href":"https:\/\/karchershop.az\/az\/wp-json\/wp\/v2\/comments?post=14471"}],"wp:featuredmedia":[{"embeddable":true,"href":"https:\/\/karchershop.az\/az\/wp-json\/wp\/v2\/media\/14472"}],"wp:attachment":[{"href":"https:\/\/karchershop.az\/az\/wp-json\/wp\/v2\/media?parent=14471"}],"wp:term":[{"taxonomy":"product_cat","embeddable":true,"href":"https:\/\/karchershop.az\/az\/wp-json\/wp\/v2\/product_cat?post=14471"},{"taxonomy":"product_tag","embeddable":true,"href":"https:\/\/karchershop.az\/az\/wp-json\/wp\/v2\/product_tag?post=14471"}],"curies":[{"name":"wp","href":"https:\/\/api.w.org\/{rel}","templated":true}]}}