{"id":14506,"date":"2025-06-18T09:45:27","date_gmt":"2025-06-18T05:45:27","guid":{"rendered":"https:\/\/karchershop.az\/?post_type=product&#038;p=14506"},"modified":"2026-05-01T21:36:17","modified_gmt":"2026-05-01T17:36:17","slug":"air-purifier-af-50-signature-line","status":"publish","type":"product","link":"https:\/\/karchershop.az\/az\/professional\/vozduhoochistitel\/air-purifier-af-50-signature-line","title":{"rendered":"AF 50 Signature Line"},"content":{"rendered":"<p>Yaln\u0131z bizim \u0259n innovativ v\u0259 y\u00fcks\u0259k m\u0259hsuldarl\u0131ql\u0131 m\u0259hsullar\u0131m\u0131z texnologiya pioneri v\u0259 \u015firk\u0259tin qurucusu Alfred K\u00e4rcher-in imzas\u0131 il\u0259 qeyd olunur. M\u0259hz buna g\u00f6r\u0259 yeni AF 50 Signature Line seriyas\u0131 \u00f6z kateqoriyas\u0131nda K\u00e4rcher-in \u0259n yax\u015f\u0131 cihaz\u0131 kimi d\u0259rhal tan\u0131n\u0131r. \u018fg\u0259r n\u0259 vaxtsa n\u0259f\u0259s ald\u0131\u011f\u0131n\u0131z havan\u0131n n\u0259 q\u0259d\u0259r vacib oldu\u011funu d\u00fc\u015f\u00fcnm\u00fcs\u00fcn\u00fczs\u0259, sad\u0259c\u0259 bir ne\u00e7\u0259 saniy\u0259 n\u0259f\u0259sinizi saxlay\u0131n \u2013 d\u0259rhal anlayacaqs\u0131n\u0131z.\n\nXo\u015fb\u0259xtlikd\u0259n, n\u0259f\u0259s k\u0259s\u0259n yaln\u0131z bizim \u0259n g\u00fccl\u00fc hava t\u0259mizl\u0259yicimiz AF 50 Signature Line-\u0131n z\u0259rif dizayn\u0131d\u0131r. Y\u00fcks\u0259k effektivliy\u0259 malik, aktivl\u0259\u015fdirilmi\u015f k\u00f6m\u00fcr t\u0259rkibli HEPA filtri say\u0259sind\u0259 o, n\u0259f\u0259s ald\u0131\u011f\u0131n\u0131z havadan x\u0131rda toz hiss\u0259cikl\u0259rini, allergenl\u0259ri, x\u0259st\u0259likt\u00f6r\u0259dicil\u0259ri, h\u0259tta qoxular\u0131 v\u0259 kimy\u0259vi buxarlar\u0131 bel\u0259 etibarl\u0131 \u015f\u0259kild\u0259 t\u0259mizl\u0259yir. A\u011f\u0131ll\u0131 avtomatik rejim say\u0259sind\u0259 cihaz daim havan\u0131n keyfiyy\u0259tin\u0259 uy\u011fun olaraq g\u00fcc\u00fcn\u00fc t\u0259nziml\u0259yir v\u0259 arxas\u0131nda yaln\u0131z t\u0259miz hava v\u0259 \u0259sl \u201cVau\u201d effekti burax\u0131r.<\/p>","protected":false},"excerpt":{"rendered":"<p>AF 50 Signature Line hava t\u0259mizl\u0259yicisi lazer sensor texnologiyas\u0131, avtomatik rejim, displey, HEPA filtrasiya v\u0259 aktivl\u0259\u015fdirilmi\u015f k\u00f6m\u00fcr filtrasiyas\u0131 il\u0259 50 m\u00b2*\u2013d\u0259n 100 m\u00b2\u2013d\u0259k sah\u0259si olan otaqlarda x\u0259st\u0259likt\u00f6r\u0259dici mikroorqanizml\u0259ri, x\u0131rda toz hiss\u0259cikl\u0259rini, allergenl\u0259ri v\u0259 qoxular\u0131 aradan qald\u0131r\u0131r.<\/p>","protected":false},"featured_media":14507,"comment_status":"open","ping_status":"closed","template":"","meta":[],"product_cat":[15,573,543],"product_tag":[],"class_list":{"0":"post-14506","1":"product","2":"type-product","3":"status-publish","4":"has-post-thumbnail","6":"product_cat-home-garden","7":"product_cat-vozduhoochistitel-home-garden","8":"product_cat-vozduhoochistitel","10":"first","11":"instock","12":"shipping-taxable","13":"purchasable","14":"product-type-simple"},"_links":{"self":[{"href":"https:\/\/karchershop.az\/az\/wp-json\/wp\/v2\/product\/14506","targetHints":{"allow":["GET"]}}],"collection":[{"href":"https:\/\/karchershop.az\/az\/wp-json\/wp\/v2\/product"}],"about":[{"href":"https:\/\/karchershop.az\/az\/wp-json\/wp\/v2\/types\/product"}],"replies":[{"embeddable":true,"href":"https:\/\/karchershop.az\/az\/wp-json\/wp\/v2\/comments?post=14506"}],"wp:featuredmedia":[{"embeddable":true,"href":"https:\/\/karchershop.az\/az\/wp-json\/wp\/v2\/media\/14507"}],"wp:attachment":[{"href":"https:\/\/karchershop.az\/az\/wp-json\/wp\/v2\/media?parent=14506"}],"wp:term":[{"taxonomy":"product_cat","embeddable":true,"href":"https:\/\/karchershop.az\/az\/wp-json\/wp\/v2\/product_cat?post=14506"},{"taxonomy":"product_tag","embeddable":true,"href":"https:\/\/karchershop.az\/az\/wp-json\/wp\/v2\/product_tag?post=14506"}],"curies":[{"name":"wp","href":"https:\/\/api.w.org\/{rel}","templated":true}]}}