{"id":14543,"date":"2025-06-18T13:53:42","date_gmt":"2025-06-18T09:53:42","guid":{"rendered":"https:\/\/karchershop.az\/?post_type=product&#038;p=14543"},"modified":"2026-05-10T05:48:33","modified_gmt":"2026-05-10T01:48:33","slug":"k-3-horizontal-plus","status":"publish","type":"product","link":"https:\/\/karchershop.az\/az\/home-garden\/mojki-vysokogo-davleniya\/k-3-horizontal-plus","title":{"rendered":"K 3 Horizontal Plus"},"content":{"rendered":"<p>Kompakt K 3 Horizontal y\u00fcks\u0259k t\u0259zyiqli yuyucu az yer tutaraq asanl\u0131qla h\u0259r c\u00fcr \u00e7irki t\u0259mizl\u0259yir. 5 metrlik y\u00fcks\u0259k t\u0259zyiqli \u015flanqa malikdir v\u0259 ev \u0259traf\u0131nda, ba\u011fda \u2013 ba\u011f mebell\u0259rinin, terraslar\u0131n, yollu v\u0259 meydan\u00e7alar\u0131n t\u0259mizl\u0259nm\u0259si, el\u0259c\u0259 d\u0259 avtomobil yuyulmas\u0131 \u00fc\u00e7\u00fcn \u00e7ox uy\u011fundur. Vario Power \u00e7il\u0259yici boru vasit\u0259sil\u0259 t\u0259mizl\u0259n\u0259n s\u0259thin n\u00f6v\u00fcn\u0259 uy\u011fun olaraq t\u0259zyiqi rahatl\u0131qla t\u0259nziml\u0259m\u0259k m\u00fcmk\u00fcnd\u00fcr. \u00c7irkli fresa (lanse), f\u0131rlanan n\u00f6qt\u0259vi \u015f\u00fca yaradaraq h\u0259tta \u0259n inadkar \u00e7irki bel\u0259 asanl\u0131qla \u00e7\u0131xar\u0131r. Nasos, suyun giri\u015fi \u00fc\u00e7\u00fcn filtr il\u0259 qorunur ki, bu da onun uzun\u00f6m\u00fcrl\u00fcl\u00fcy\u00fcn\u00fc t\u0259min edir. K\u00fcl\u00fcng\u00fc (k\u00f6\u00e7\u00fcrm\u0259 \u00fc\u00e7\u00fcn tutacaq) y\u00fcng\u00fcld\u00fcr v\u0259 rahat da\u015f\u0131ma \u00fc\u00e7\u00fcn n\u0259z\u0259rd\u0259 tutulub, bu da cihaz\u0131 i\u015f yerin\u0259 asanl\u0131qla \u00e7atd\u0131rma\u011fa imkan verir.\n\n\u018flav\u0259 komfort \u00fc\u00e7\u00fcn is\u0259 Quick Connect sistemi m\u00f6vcuddur \u2013 bu sistem \u015flanq\u0131 y\u00fcks\u0259k t\u0259zyiqli cihazla v\u0259 tapan\u00e7a il\u0259 s\u00fcr\u0259tli v\u0259 asan \u015f\u0259kild\u0259 birl\u0259\u015fdirm\u0259y\u0259\/ay\u0131rma\u011fa imkan verir. B\u00fct\u00fcn aksessuarlar\u0131 cihaz\u0131n korpusunda yerl\u0259\u015fdirdiyiniz \u00fc\u00e7\u00fcn s\u0259liq\u0259li saxlanma t\u0259min olunur v\u0259 yer\u0259 q\u0259na\u0259t edilir.\n\nK 3 Horizontal\u2013\u0131n \u0259sas \u00fcst\u00fcnl\u00fckl\u0259ri:\n\nKompaktl\u0131q v\u0259 az yer tutmas\u0131\n\n5 metrlik y\u00fcks\u0259k t\u0259zyiqli \u015flanq\n\nVario Power boru il\u0259 t\u0259zyiqin t\u0259nziml\u0259nm\u0259si\n\n\u0130nadkar \u00e7irkl\u0259r \u00fc\u00e7\u00fcn f\u0131rlanan n\u00f6qt\u0259vi \u015f\u00fcal\u0131 fresa\n\nNasosun qorunmas\u0131 \u00fc\u00e7\u00fcn su giri\u015fi filtri\n\nRahat da\u015f\u0131ma \u00fc\u00e7\u00fcn tutacaq\n\nS\u00fcr\u0259tli qo\u015fulma\/ay\u0131rma \u00fc\u00e7\u00fcn Quick Connect sistemi\n\nBa\u011f evl\u0259ri, ba\u011f v\u0259 n\u0259qliyyat vasit\u0259l\u0259rinin m\u00fcnt\u0259z\u0259m t\u0259mizliyi \u00fc\u00e7\u00fcn ideal se\u00e7imdir.\u00a0<span class=\"fix-spelling\">Quick Connect<\/span>Y\u00fcks\u0259k t\u0259zyiqli \u015flanq cihaza v\u0259 tapan\u00e7aya asanl\u0131qla, s\u00fcr\u0259tl\u0259 qo\u015fulur v\u0259 onlardan ayr\u0131l\u0131r. K 3 Horizontal cihaz\u0131n\u0131n d\u0259stin\u0259 daxil olan b\u00fct\u00fcn aksesuarlar onun g\u00f6vd\u0259si \u00fcz\u0259rind\u0259 rahat \u015f\u0259kild\u0259 yerl\u0259\u015fdirilir.<\/p>","protected":false},"excerpt":{"rendered":"<p>K 3 Horizontal y\u00fcks\u0259k t\u0259zyiqli aparat \u2014 etibarl\u0131 v\u0259 kompakt k\u00f6m\u0259k\u00e7idir, avtomobill\u0259rin yuyulmas\u0131, ba\u011f mebell\u0259rinin, terraslar\u0131n v\u0259 ba\u011fdak\u0131 dig\u0259r obyektl\u0259rin t\u0259mizl\u0259nm\u0259si \u00fc\u00e7\u00fcn ideal se\u00e7imdir.<\/p>","protected":false},"featured_media":14544,"comment_status":"open","ping_status":"closed","template":"","meta":[],"product_cat":[15,20],"product_tag":[],"class_list":{"0":"post-14543","1":"product","2":"type-product","3":"status-publish","4":"has-post-thumbnail","6":"product_cat-home-garden","7":"product_cat-mojki-vysokogo-davleniya","9":"first","10":"instock","11":"sale","12":"shipping-taxable","13":"purchasable","14":"product-type-simple"},"_links":{"self":[{"href":"https:\/\/karchershop.az\/az\/wp-json\/wp\/v2\/product\/14543","targetHints":{"allow":["GET"]}}],"collection":[{"href":"https:\/\/karchershop.az\/az\/wp-json\/wp\/v2\/product"}],"about":[{"href":"https:\/\/karchershop.az\/az\/wp-json\/wp\/v2\/types\/product"}],"replies":[{"embeddable":true,"href":"https:\/\/karchershop.az\/az\/wp-json\/wp\/v2\/comments?post=14543"}],"wp:featuredmedia":[{"embeddable":true,"href":"https:\/\/karchershop.az\/az\/wp-json\/wp\/v2\/media\/14544"}],"wp:attachment":[{"href":"https:\/\/karchershop.az\/az\/wp-json\/wp\/v2\/media?parent=14543"}],"wp:term":[{"taxonomy":"product_cat","embeddable":true,"href":"https:\/\/karchershop.az\/az\/wp-json\/wp\/v2\/product_cat?post=14543"},{"taxonomy":"product_tag","embeddable":true,"href":"https:\/\/karchershop.az\/az\/wp-json\/wp\/v2\/product_tag?post=14543"}],"curies":[{"name":"wp","href":"https:\/\/api.w.org\/{rel}","templated":true}]}}