{"id":14567,"date":"2025-06-21T12:22:11","date_gmt":"2025-06-21T08:22:11","guid":{"rendered":"https:\/\/karchershop.az\/?post_type=product&#038;p=14567"},"modified":"2026-05-01T21:36:18","modified_gmt":"2026-05-01T17:36:18","slug":"window-vac-wv-6-plus","status":"publish","type":"product","link":"https:\/\/karchershop.az\/az\/home-garden\/okonnye-pylesosy\/window-vac-wv-6-plus","title":{"rendered":"Window vac WV 6 Plus"},"content":{"rendered":"<p>K\u00e4rcher \u015firk\u0259ti akkumulyatorlu p\u0259nc\u0259r\u0259 tozsoran\u0131n\u0131 bir daha t\u0259kmill\u0259\u015fdir\u0259r\u0259k daha universal bir model \u2013 WV 6 Plus t\u0259qdim edib. Bu model innovativ i\u015f\u00e7i k\u0259nar konsepsiyas\u0131 v\u0259 bir enerji y\u0131\u011f\u0131m\u0131 il\u0259 daha uzun i\u015fl\u0259m\u0259 m\u00fcdd\u0259ti il\u0259 se\u00e7ilir.\n\nYeni uzad\u0131lm\u0131\u015f i\u015f\u00e7i k\u0259nar say\u0259sind\u0259 \u015f\u00fc\u015f\u0259 s\u0259thi bir ke\u00e7id il\u0259 tam t\u0259mizl\u0259n\u0259 bilir. Bir d\u0259f\u0259lik doldurma il\u0259 100 d\u0259qiq\u0259y\u0259 q\u0259d\u0259r i\u015fl\u0259m\u0259 m\u00fcdd\u0259ti cihaz\u0131 daha praktik edir. Akkumulyatorun qalan i\u015f vaxt\u0131n\u0131 d\u0259qiq\u0259 d\u0259qiqliyi il\u0259 g\u00f6st\u0259r\u0259n displey is\u0259 t\u0259mizlik prosesini d\u0259qiq planla\u015fd\u0131rma\u011fa imkan yarad\u0131r.\n\nH\u0259mi\u015f\u0259ki kimi, sprey \u015f\u00fc\u015f\u0259si, mikrofiber par\u00e7a v\u0259 sorucu funksiyan\u0131n d\u00fc\u015f\u00fcn\u00fclm\u00fc\u015f kombinasiyas\u0131 maksimum s\u0259m\u0259r\u0259lilik v\u0259 p\u0259nc\u0259r\u0259l\u0259rin parlaq t\u0259mizliyini t\u0259min edir \u2013 iz v\u0259 \u00e7irk qal\u0131\u011f\u0131 olmadan.\n\nBundan \u0259lav\u0259, WV 6 Plus p\u0259nc\u0259r\u0259 t\u0259mizliyini son d\u0259r\u0259c\u0259 ergonomik v\u0259 gigiyenik edir \u2013 \u00e7irkli su il\u0259 birba\u015fa t\u0259mas\u0131n qar\u015f\u0131s\u0131n\u0131 al\u0131r.<\/p>","protected":false},"excerpt":{"rendered":"<p>Daha rahat istifad\u0259y\u0259 malik WV 6 Plus akkumulyatorlu p\u0259nc\u0259r\u0259 tozsoran\u0131 innovativ k\u0259nar t\u0259mizl\u0259m\u0259 konsepsiyas\u0131 v\u0259 bir d\u0259f\u0259lik enerji y\u0131\u011f\u0131m\u0131 il\u0259 daha uzun i\u015f vaxt\u0131 t\u0259qdim edir.<\/p>","protected":false},"featured_media":14568,"comment_status":"open","ping_status":"closed","template":"","meta":[],"product_cat":[15,183],"product_tag":[],"class_list":{"0":"post-14567","1":"product","2":"type-product","3":"status-publish","4":"has-post-thumbnail","6":"product_cat-home-garden","7":"product_cat-okonnye-pylesosy","9":"first","10":"outofstock","11":"shipping-taxable","12":"purchasable","13":"product-type-simple"},"_links":{"self":[{"href":"https:\/\/karchershop.az\/az\/wp-json\/wp\/v2\/product\/14567","targetHints":{"allow":["GET"]}}],"collection":[{"href":"https:\/\/karchershop.az\/az\/wp-json\/wp\/v2\/product"}],"about":[{"href":"https:\/\/karchershop.az\/az\/wp-json\/wp\/v2\/types\/product"}],"replies":[{"embeddable":true,"href":"https:\/\/karchershop.az\/az\/wp-json\/wp\/v2\/comments?post=14567"}],"wp:featuredmedia":[{"embeddable":true,"href":"https:\/\/karchershop.az\/az\/wp-json\/wp\/v2\/media\/14568"}],"wp:attachment":[{"href":"https:\/\/karchershop.az\/az\/wp-json\/wp\/v2\/media?parent=14567"}],"wp:term":[{"taxonomy":"product_cat","embeddable":true,"href":"https:\/\/karchershop.az\/az\/wp-json\/wp\/v2\/product_cat?post=14567"},{"taxonomy":"product_tag","embeddable":true,"href":"https:\/\/karchershop.az\/az\/wp-json\/wp\/v2\/product_tag?post=14567"}],"curies":[{"name":"wp","href":"https:\/\/api.w.org\/{rel}","templated":true}]}}