{"id":14599,"date":"2025-06-24T14:28:14","date_gmt":"2025-06-24T10:28:14","guid":{"rendered":"https:\/\/karchershop.az\/?post_type=product&#038;p=14599"},"modified":"2026-05-04T08:31:36","modified_gmt":"2026-05-04T04:31:36","slug":"k-4-wcm","status":"publish","type":"product","link":"https:\/\/karchershop.az\/az\/home-garden\/mojki-vysokogo-davleniya\/k-4-wcm","title":{"rendered":"K 4 WCM"},"content":{"rendered":"<p>Model orta intensivlikd\u0259 \u00e7irkl\u0259nm\u0259l\u0259rin d\u00f6vri olaraq aradan qald\u0131r\u0131lmas\u0131 \u00fc\u00e7\u00fcn n\u0259z\u0259rd\u0259 tutulub. Vario Power p\u00fcsk\u00fcrtm\u0259 borusu v\u0259 \u00e7irk frezasi onunla terraslar\u0131, ba\u011f mebell\u0259rini, avtomobill\u0259ri v\u0259 s. effektiv \u015f\u0259kild\u0259 t\u0259mizl\u0259m\u0259y\u0259 imkan verir. Vario Power borusu, g\u00f6r\u00fcl\u0259c\u0259k i\u015f\u0259 uy\u011fun olaraq t\u0259zyiqin rahat t\u0259nziml\u0259nm\u0259sini t\u0259min edir, \u00e7irk frezasi is\u0259 f\u0131rlanan n\u00f6qt\u0259vi su \u015f\u0131rna\u011f\u0131 yaradaraq h\u0259tta inadkar \u00e7irkl\u0259ri bel\u0259 aradan qald\u0131r\u0131r.<\/p>\n<p>B\u00fct\u00fcn komplekt\u0259 daxil olan aksesuarlar aparat\u0131n g\u00f6vd\u0259sind\u0259 yerl\u0259\u015fdirilir v\u0259 ona qura\u015fd\u0131r\u0131lm\u0131\u015f su filtri nasosu kirl\u0259rd\u0259n etibarl\u0131 \u015f\u0259kild\u0259 qoruyur.<\/p>","protected":false},"excerpt":{"rendered":"<p>Y\u00fcks\u0259k t\u0259zyiqli m\u0259i\u015f\u0259t aparat\u0131.\u00a0<strong>Karcher K 4 WCM<\/strong>\u00a0Saatda 420 litr m\u0259hsuldarl\u0131\u011fa v\u0259 130 bar maksimal t\u0259zyiq\u0259 malik olan bu qur\u011fu g\u00fccl\u00fc v\u0259 uzun\u00f6m\u00fcrl\u00fc su il\u0259 soyudulan elektrik m\u00fch\u0259rriki v\u0259 6 metrlik y\u00fcks\u0259k t\u0259zyiqli \u015flanqla t\u0259chiz olunub.<\/p>","protected":false},"featured_media":14600,"comment_status":"open","ping_status":"closed","template":"","meta":[],"product_cat":[15,20],"product_tag":[],"class_list":{"0":"post-14599","1":"product","2":"type-product","3":"status-publish","4":"has-post-thumbnail","6":"product_cat-home-garden","7":"product_cat-mojki-vysokogo-davleniya","9":"first","10":"instock","11":"shipping-taxable","12":"purchasable","13":"product-type-simple"},"_links":{"self":[{"href":"https:\/\/karchershop.az\/az\/wp-json\/wp\/v2\/product\/14599","targetHints":{"allow":["GET"]}}],"collection":[{"href":"https:\/\/karchershop.az\/az\/wp-json\/wp\/v2\/product"}],"about":[{"href":"https:\/\/karchershop.az\/az\/wp-json\/wp\/v2\/types\/product"}],"replies":[{"embeddable":true,"href":"https:\/\/karchershop.az\/az\/wp-json\/wp\/v2\/comments?post=14599"}],"wp:featuredmedia":[{"embeddable":true,"href":"https:\/\/karchershop.az\/az\/wp-json\/wp\/v2\/media\/14600"}],"wp:attachment":[{"href":"https:\/\/karchershop.az\/az\/wp-json\/wp\/v2\/media?parent=14599"}],"wp:term":[{"taxonomy":"product_cat","embeddable":true,"href":"https:\/\/karchershop.az\/az\/wp-json\/wp\/v2\/product_cat?post=14599"},{"taxonomy":"product_tag","embeddable":true,"href":"https:\/\/karchershop.az\/az\/wp-json\/wp\/v2\/product_tag?post=14599"}],"curies":[{"name":"wp","href":"https:\/\/api.w.org\/{rel}","templated":true}]}}