{"id":14666,"date":"2025-07-04T14:02:45","date_gmt":"2025-07-04T10:02:45","guid":{"rendered":"https:\/\/karchershop.az\/?post_type=product&#038;p=14666"},"modified":"2026-05-01T21:36:18","modified_gmt":"2026-05-01T17:36:18","slug":"sc-3-deluxe-anniversary-edition","status":"publish","type":"product","link":"https:\/\/karchershop.az\/az\/home-garden\/paroochistiteli\/sc-3-deluxe-anniversary-edition","title":{"rendered":"SC 3 Deluxe Anniversary Edition"},"content":{"rendered":"<p>SC 3 Deluxe Anniversary Edition modeli \u2014 \u015firk\u0259tin 90 illik yubileyin\u0259 h\u0259sr olunmu\u015f, m\u0259hdud sayda istehsal edil\u0259n, x\u00fcsusi r\u0259ng se\u00e7imi v\u0259 x\u00fcsusi aksesuarlarla t\u0259chiz olunmu\u015f burax\u0131l\u0131\u015fd\u0131r.\n\nSC 3 Deluxe Textile Edition buxar t\u0259mizl\u0259yicisi c\u0259mi 30 saniy\u0259 q\u0131zma m\u00fcdd\u0259tind\u0259n sonra i\u015f\u0259 haz\u0131r olur v\u0259 s\u0259rt s\u0259thl\u0259rd\u0259 viruslar\u0131n 99,999%-\u0259 v\u0259 m\u0259i\u015f\u0259td\u0259 geni\u015f yay\u0131lm\u0131\u015f bakteriyalar\u0131n 99,99%-\u0259 q\u0259d\u0259rini m\u0259hv edir*.\n\nD\u00f6\u015f\u0259m\u0259 ba\u015fl\u0131\u011f\u0131:\u00a0<span class=\"fix-spelling\">EasyFix<\/span>\u00a0D\u00f6\u015f\u0259m\u0259 ba\u015fl\u0131\u011f\u0131, k\u00fcncl\u00fc birl\u0259\u015fm\u0259 v\u0259 l\u00f6vh\u0259li altl\u0131q strukturu il\u0259 maksimum rahatl\u0131q v\u0259 ideal t\u0259mizlik n\u0259tic\u0259l\u0259ri t\u0259min edir. \u018flav\u0259 olaraq, y\u00fcks\u0259k keyfiyy\u0259tli mikrofiber salfet il\u0259 birl\u0259\u015f\u0259n \u00e7evik \u0259l ba\u015fl\u0131\u011f\u0131 h\u0259m d\u00fcz, h\u0259m d\u0259 \u0259yri s\u0259thl\u0259ri asan v\u0259 diqq\u0259tl\u0259 t\u0259mizl\u0259yir, o c\u00fcml\u0259d\u0259n inadc\u0131l \u00e7irkl\u0259ri aradan qald\u0131r\u0131r.\n\n2-pill\u0259li buxar t\u0259nziml\u0259m\u0259 t\u0259mizl\u0259n\u0259n s\u0259thin n\u00f6v\u00fcn\u0259 v\u0259 \u00e7irkl\u0259nm\u0259 s\u0259viyy\u0259sin\u0259 uy\u011funla\u015fman\u0131 t\u0259min edir.\n\nAparatdak\u0131 aksesuar saxlama b\u00f6lm\u0259si aksesuarlar\u0131, kabeli v\u0259 \u015flan\u011f\u0131 rahat \u015f\u0259kild\u0259 saxlama\u011fa imkan verir.\n\nDig\u0259r x\u00fcsusiyy\u0259tl\u0259r\u0259 daxildir:\n\nQuru da\u015f\u0131n qorunmas\u0131 \u00fc\u00e7\u00fcn daxili kartric,\n\n\u0130\u015f zaman\u0131 fasil\u0259siz doldurula bil\u0259n su \u00e7\u0259ni,\n\nRejiml\u0259ri g\u00f6st\u0259r\u0259n LED indikator.<\/p>","protected":false},"excerpt":{"rendered":"<p>SC 3 Deluxe Anniversary Edition m\u0259hdud burax\u0131l\u0131\u015f\u0131 \u2014 \u015firk\u0259tin 90 illik yubileyin\u0259 h\u0259sr olunmu\u015f x\u00fcsusi aksesuarlarla t\u0259chiz olunmu\u015f model, \u0259rp\u0259l\u0259ngli \u0259ll\u0259 tutulan ba\u015fl\u0131q say\u0259sind\u0259 \u0259yri s\u0259thl\u0259ri d\u0259 m\u00fck\u0259mm\u0259l t\u0259mizl\u0259yir.<\/p>","protected":false},"featured_media":14667,"comment_status":"open","ping_status":"closed","template":"","meta":[],"product_cat":[15,184],"product_tag":[],"class_list":{"0":"post-14666","1":"product","2":"type-product","3":"status-publish","4":"has-post-thumbnail","6":"product_cat-home-garden","7":"product_cat-paroochistiteli","9":"first","10":"outofstock","11":"shipping-taxable","12":"purchasable","13":"product-type-simple"},"_links":{"self":[{"href":"https:\/\/karchershop.az\/az\/wp-json\/wp\/v2\/product\/14666","targetHints":{"allow":["GET"]}}],"collection":[{"href":"https:\/\/karchershop.az\/az\/wp-json\/wp\/v2\/product"}],"about":[{"href":"https:\/\/karchershop.az\/az\/wp-json\/wp\/v2\/types\/product"}],"replies":[{"embeddable":true,"href":"https:\/\/karchershop.az\/az\/wp-json\/wp\/v2\/comments?post=14666"}],"wp:featuredmedia":[{"embeddable":true,"href":"https:\/\/karchershop.az\/az\/wp-json\/wp\/v2\/media\/14667"}],"wp:attachment":[{"href":"https:\/\/karchershop.az\/az\/wp-json\/wp\/v2\/media?parent=14666"}],"wp:term":[{"taxonomy":"product_cat","embeddable":true,"href":"https:\/\/karchershop.az\/az\/wp-json\/wp\/v2\/product_cat?post=14666"},{"taxonomy":"product_tag","embeddable":true,"href":"https:\/\/karchershop.az\/az\/wp-json\/wp\/v2\/product_tag?post=14666"}],"curies":[{"name":"wp","href":"https:\/\/api.w.org\/{rel}","templated":true}]}}