{"id":14683,"date":"2025-07-04T14:17:14","date_gmt":"2025-07-04T10:17:14","guid":{"rendered":"https:\/\/karchershop.az\/?post_type=product&#038;p=14683"},"modified":"2026-05-01T21:36:18","modified_gmt":"2026-05-01T17:36:18","slug":"shlang-primoflex-1-2-50-m","status":"publish","type":"product","link":"https:\/\/karchershop.az\/az\/home-garden\/oborudovanie-dlya-poliva\/shlang-primoflex-1-2-50-m","title":{"rendered":"Ba\u011f suvarma \u015flanq\u0131 PrimoFlex\u00ae 1\/2\u2033 (50 \u043c)"},"content":{"rendered":"<p>Y\u00fcks\u0259k keyfiyy\u0259tli ba\u011f \u015flanq\u0131\u00a0<span class=\"fix-spelling\">PrimoFlex<\/span>Budur t\u0259rc\u00fcm\u0259:\n\n1\/2\u2033 diametrli v\u0259 50 m uzunlu\u011fundak\u0131 bu \u015flanq ist\u0259nil\u0259n sah\u0259y\u0259 malik ba\u011f sah\u0259l\u0259rinin suvar\u0131lmas\u0131 \u00fc\u00e7\u00fcn m\u00fck\u0259mm\u0259l se\u00e7imdir. 3 qatl\u0131 \u015flanq t\u0259zyiq\u0259 davaml\u0131 par\u00e7a il\u0259 m\u00f6hk\u0259ml\u0259ndirilmi\u015fdir (armaturla\u015fd\u0131r\u0131lm\u0131\u015fd\u0131r). T\u0259rkibind\u0259 ftalatlar (&lt; 0,1 %), kadmium, barium v\u0259 qur\u011fu\u015fun olmad\u0131\u011f\u0131 \u00fc\u00e7\u00fcn sa\u011flaml\u0131q \u00fc\u00e7\u00fcn tam t\u0259hl\u00fck\u0259sizdir.\n\n\u015elanq\u0131n xarici qat\u0131 atmosfer t\u0259sirl\u0259rind\u0259n v\u0259 ultrab\u0259n\u00f6v\u015f\u0259yi (UB) \u015f\u00fcalanmadan qorunman\u0131 t\u0259min edir, i\u015f\u0131q ke\u00e7irm\u0259y\u0259n aral\u0131q qat\u0131 is\u0259 \u015flanq\u0131n daxilind\u0259 yosunlar\u0131n yaranmas\u0131n\u0131n qar\u015f\u0131s\u0131n\u0131 al\u0131r. Partlama t\u0259zyiqi 24 bard\u0131r. \u015elanq y\u00fcks\u0259k termik davaml\u0131l\u0131\u011fa (0-dan +40 \u00b0C-y\u0259 q\u0259d\u0259r) malikdir v\u0259 ona 12 illik z\u0259man\u0259t verilir. K\u00e4rcher ba\u011f \u015flanq\u0131 h\u0259m\u00e7inin y\u00fcks\u0259k elastikliyi, davaml\u0131l\u0131\u011f\u0131 v\u0259 qatlanmaya qar\u015f\u0131 m\u00fcqavim\u0259ti il\u0259 se\u00e7ilir ki, bu da rahat istifad\u0259ni v\u0259 uzun \u00f6m\u00fcrl\u00fcl\u00fcy\u00fc t\u0259min edir.<\/p>","protected":false},"excerpt":{"rendered":"<p>Y\u00fcks\u0259k keyfiyy\u0259tli ba\u011f \u015flanq\u0131\u00a0<span class=\"fix-spelling\">PrimoFlex<\/span>\u00ae (1\/2\"), 50 m uzunlu\u011funda. T\u0259zyiq\u0259 davaml\u0131 par\u00e7a il\u0259 m\u00f6hk\u0259ml\u0259ndirilib. Sa\u011flaml\u0131q \u00fc\u00e7\u00fcn t\u0259hl\u00fck\u0259sizdir. Partlama t\u0259zyiqi 24 bar. Y\u00fcks\u0259k temperatur m\u00fcqavim\u0259ti: 0-dan +40 \u00b0C-y\u0259 q\u0259d\u0259r.<\/p>","protected":false},"featured_media":14684,"comment_status":"open","ping_status":"closed","template":"","meta":[],"product_cat":[15,515],"product_tag":[],"class_list":{"0":"post-14683","1":"product","2":"type-product","3":"status-publish","4":"has-post-thumbnail","6":"product_cat-home-garden","7":"product_cat-oborudovanie-dlya-poliva","9":"first","10":"instock","11":"shipping-taxable","12":"purchasable","13":"product-type-simple"},"_links":{"self":[{"href":"https:\/\/karchershop.az\/az\/wp-json\/wp\/v2\/product\/14683","targetHints":{"allow":["GET"]}}],"collection":[{"href":"https:\/\/karchershop.az\/az\/wp-json\/wp\/v2\/product"}],"about":[{"href":"https:\/\/karchershop.az\/az\/wp-json\/wp\/v2\/types\/product"}],"replies":[{"embeddable":true,"href":"https:\/\/karchershop.az\/az\/wp-json\/wp\/v2\/comments?post=14683"}],"wp:featuredmedia":[{"embeddable":true,"href":"https:\/\/karchershop.az\/az\/wp-json\/wp\/v2\/media\/14684"}],"wp:attachment":[{"href":"https:\/\/karchershop.az\/az\/wp-json\/wp\/v2\/media?parent=14683"}],"wp:term":[{"taxonomy":"product_cat","embeddable":true,"href":"https:\/\/karchershop.az\/az\/wp-json\/wp\/v2\/product_cat?post=14683"},{"taxonomy":"product_tag","embeddable":true,"href":"https:\/\/karchershop.az\/az\/wp-json\/wp\/v2\/product_tag?post=14683"}],"curies":[{"name":"wp","href":"https:\/\/api.w.org\/{rel}","templated":true}]}}