{"id":14685,"date":"2025-07-04T14:25:00","date_gmt":"2025-07-04T10:25:00","guid":{"rendered":"https:\/\/karchershop.az\/?post_type=product&#038;p=14685"},"modified":"2026-05-01T21:36:20","modified_gmt":"2026-05-01T17:36:20","slug":"shlang-primoflex-1-2-20m","status":"publish","type":"product","link":"https:\/\/karchershop.az\/az\/home-garden\/oborudovanie-dlya-poliva\/shlang-primoflex-1-2-20m","title":{"rendered":"Suvarma \u015flanq\u0131 PrimoFlex 1\/2 \u2013 20m"},"content":{"rendered":"<p>\u0428\u043b\u0430\u043d\u0433\u00a0<span class=\"fix-spelling\">PrimoFlex<\/span>\u00ae \u0434\u0438\u0430\u043c\u0435\u0442\u0440 1\/2&#8243;, \u0434\u043b\u0438\u043d\u0430 20 \u043c, \u0434\u0430\u0432\u043b\u0435\u043d\u0438\u0435 \u043d\u0430 \u0440\u0430\u0437\u0440\u044b\u0432: 24 \u0431\u0430\u0440. \u0423\u0434\u043e\u0431\u043d\u044b\u0439 3-\u0441\u043b\u043e\u0439\u043d\u044b\u0439 \u0441\u0430\u0434\u043e\u0432\u044b\u0439 \u0448\u043b\u0430\u043d\u0433, \u043a\u043e\u0442\u043e\u0440\u044b\u0439 \u043f\u0440\u0438 \u043e\u0431\u044b\u0447\u043d\u043e\u043c \u043f\u043e\u0432\u0441\u0435\u0434\u043d\u0435\u0432\u043d\u043e\u043c \u0438\u0441\u043f\u043e\u043b\u044c\u0437\u043e\u0432\u0430\u043d\u0438\u0438 \u0432 \u0441\u0430\u0434\u0443 \u043f\u0440\u043e\u0441\u043b\u0443\u0436\u0438\u0442 \u043d\u0435 \u043c\u0435\u043d\u0435\u0435 12 \u043b\u0435\u0442. \u0418\u0434\u0435\u0430\u043b\u044c\u043d\u043e \u043f\u043e\u0434\u0445\u043e\u0434\u0438\u0442 \u0434\u043b\u044f \u043f\u043e\u043b\u0438\u0432\u0430 \u0438 \u0441\u0430\u0434\u043e\u0432 \u043b\u044e\u0431\u043e\u0433\u043e \u0440\u0430\u0437\u043c\u0435\u0440\u0430. \u041d\u0435 \u0441\u043e\u0434\u0435\u0440\u0436\u0438\u0442 \u0444\u0442\u0430\u043b\u0430\u0442\u043e\u0432 (&lt;0,1 %), \u043a\u0430\u0434\u043c\u0438\u044f, \u0431\u0430\u0440\u0438\u044f \u0438 \u0441\u0432\u0438\u043d\u0446\u0430 &#8211; \u044d\u0442\u043e \u043e\u0437\u043d\u0430\u0447\u0430\u0435\u0442, \u0447\u0442\u043e \u043e\u043d \u043d\u0435 \u0441\u043e\u0434\u0435\u0440\u0436\u0438\u0442 \u0430\u0431\u0441\u043e\u043b\u044e\u0442\u043d\u043e \u043d\u0438\u043a\u0430\u043a\u0438\u0445 \u0432\u0435\u0449\u0435\u0441\u0442\u0432, \u0432\u0440\u0435\u0434\u043d\u044b\u0445 \u0434\u043b\u044f \u0437\u0434\u043e\u0440\u043e\u0432\u044c\u044f. \u041f\u043e\u0433\u043e\u0434\u043e\u0441\u0442\u043e\u0439\u043a\u0438\u0439 \u0430\u043d\u0442\u0438-\u0423\u0424-\u0441\u043b\u043e\u0439 \u0437\u0430\u0449\u0438\u0449\u0430\u0435\u0442 \u0448\u043b\u0430\u043d\u0433 \u043e\u0442 \u0432\u044b\u0433\u043e\u0440\u0430\u043d\u0438\u044f, \u0430 \u043d\u0435\u043f\u0440\u043e\u0437\u0440\u0430\u0447\u043d\u044b\u0439 \u0441\u0440\u0435\u0434\u043d\u0438\u0439 \u0441\u043b\u043e\u0439 \u043f\u0440\u0435\u0434\u043e\u0442\u0432\u0440\u0430\u0449\u0430\u0435\u0442 \u043e\u0431\u0440\u0430\u0437\u043e\u0432\u0430\u043d\u0438\u0435 \u0432\u043e\u0434\u043e\u0440\u043e\u0441\u043b\u0435\u0439 \u0432\u043d\u0443\u0442\u0440\u0438 \u0448\u043b\u0430\u043d\u0433\u0430. \u0428\u043b\u0430\u043d\u0433 \u0438\u043c\u0435\u0435\u0442 \u0432\u044b\u0441\u043e\u043a\u0443\u044e \u0442\u0435\u043c\u043f\u0435\u0440\u0430\u0442\u0443\u0440\u043d\u0443\u044e \u0441\u0442\u043e\u0439\u043a\u043e\u0441\u0442\u044c \u043e\u0442 -20 \u0434\u043e 65 \u00b0 C. \u0421\u0430\u0434\u043e\u0432\u044b\u0435 \u0448\u043b\u0430\u043d\u0433\u0438 \u043d\u0430 \u0434\u043b\u044f \u043f\u043e\u043b\u0438\u0432\u0430 K\u00e4rcher \u0438\u0441\u043a\u043b\u044e\u0447\u0438\u0442\u0435\u043b\u044c\u043d\u043e \u0433\u0438\u0431\u043a\u0438\u0435, \u043d\u0430\u0434\u0435\u0436\u043d\u044b\u0435 \u0438 \u0443\u0441\u0442\u043e\u0439\u0447\u0438\u0432\u044b \u043a \u043f\u0435\u0440\u0435\u0433\u0438\u0431\u0443. \u0414\u043b\u0438\u0442\u0435\u043b\u044c\u043d\u044b\u0439 \u0441\u0440\u043e\u043a \u0441\u043b\u0443\u0436\u0431\u044b \u043f\u043b\u044e\u0441 \u0443\u0434\u043e\u0431\u0441\u0442\u0432\u043e \u0432 \u043e\u0431\u0440\u0430\u0449\u0435\u043d\u0438\u0438. \u0413\u0430\u0440\u0430\u043d\u0442\u0438\u044f 12 \u043b\u0435\u0442, \u043f\u0440\u0438 \u0440\u0435\u0433\u0438\u0441\u0442\u0440\u0430\u0446\u0438\u0438 \u043d\u0430 \u0441\u0430\u0439\u0442\u0435.<\/p>","protected":false},"excerpt":{"rendered":"<p>Ba\u011f suvarma \u015flanq\u0131\u00a0<span class=\"fix-spelling\">PrimoFlex<\/span>\u00ae 1\/2\u2033, yaln\u0131z 20 m rulonlarda sat\u0131l\u0131r, partlama t\u0259zyiqi: 24 bar. Z\u0259r\u0259rli madd\u0259l\u0259r, ftalatlar v\u0259 ya t\u0259krar emal olunmu\u015f materiallar ehtiva etmir.<\/p>","protected":false},"featured_media":14686,"comment_status":"open","ping_status":"closed","template":"","meta":[],"product_cat":[15,515],"product_tag":[],"class_list":{"0":"post-14685","1":"product","2":"type-product","3":"status-publish","4":"has-post-thumbnail","6":"product_cat-home-garden","7":"product_cat-oborudovanie-dlya-poliva","9":"first","10":"instock","11":"shipping-taxable","12":"purchasable","13":"product-type-simple"},"_links":{"self":[{"href":"https:\/\/karchershop.az\/az\/wp-json\/wp\/v2\/product\/14685","targetHints":{"allow":["GET"]}}],"collection":[{"href":"https:\/\/karchershop.az\/az\/wp-json\/wp\/v2\/product"}],"about":[{"href":"https:\/\/karchershop.az\/az\/wp-json\/wp\/v2\/types\/product"}],"replies":[{"embeddable":true,"href":"https:\/\/karchershop.az\/az\/wp-json\/wp\/v2\/comments?post=14685"}],"wp:featuredmedia":[{"embeddable":true,"href":"https:\/\/karchershop.az\/az\/wp-json\/wp\/v2\/media\/14686"}],"wp:attachment":[{"href":"https:\/\/karchershop.az\/az\/wp-json\/wp\/v2\/media?parent=14685"}],"wp:term":[{"taxonomy":"product_cat","embeddable":true,"href":"https:\/\/karchershop.az\/az\/wp-json\/wp\/v2\/product_cat?post=14685"},{"taxonomy":"product_tag","embeddable":true,"href":"https:\/\/karchershop.az\/az\/wp-json\/wp\/v2\/product_tag?post=14685"}],"curies":[{"name":"wp","href":"https:\/\/api.w.org\/{rel}","templated":true}]}}