{"id":14770,"date":"2025-07-28T16:36:50","date_gmt":"2025-07-28T12:36:50","guid":{"rendered":"https:\/\/karchershop.az\/?post_type=product&#038;p=14770"},"modified":"2026-05-05T10:10:02","modified_gmt":"2026-05-05T06:10:02","slug":"ruchnoj-moyushhij-pylesos-fcv-4","status":"publish","type":"product","link":"https:\/\/karchershop.az\/az\/home-garden\/tehnika-dlya-vlazhnoj-uborki-pola\/ruchnoj-moyushhij-pylesos-fcv-4","title":{"rendered":"FCV 4 Dry"},"content":{"rendered":"<p>FCV 4 \u0259l yuyucu tozsoran \u2014 d\u00f6\u015f\u0259m\u0259 t\u0259mizliyind\u0259 inqilab yarada bil\u0259c\u0259k \u00e7oxfunksiyal\u0131 bir cihazd\u0131r! \u0130nnovativ Xtra!Clean funksiyas\u0131 say\u0259sind\u0259 cihaz 3 i\u015fi eyni anda g\u00f6r\u00fcr: tozsoran kimi d\u00f6\u015f\u0259m\u0259ni t\u0259mizl\u0259yir, ya\u015f t\u0259mizl\u0259m\u0259 apar\u0131r v\u0259 d\u00f6\u015f\u0259m\u0259 s\u0259thini qurudur. Bu, h\u0259m s\u0259rt s\u0259thl\u0259rin, h\u0259m d\u0259 xal\u00e7alar\u0131n, el\u0259c\u0259 d\u0259 mayel\u0259rin asanl\u0131qla t\u0259mizl\u0259nm\u0259sin\u0259 imkan verir. N\u0259tic\u0259d\u0259 t\u0259mizlik prosesi xeyli s\u00fcr\u0259tl\u0259nir \u2014 vaxta q\u0259na\u0259t 50 %-\u0259 q\u0259d\u0259r t\u0259\u015fkil edir.\n\nD\u00f6rd t\u0259mizlik rejimi \u2014 \u00e7irkl\u0259nm\u0259 d\u0259r\u0259c\u0259sini avtomatik m\u00fc\u0259yy\u0259n ed\u0259n Dynamic!Control sensoru il\u0259 Avtomatik rejim, pill\u0259k\u0259nl\u0259r \u00fc\u00e7\u00fcn Stair!Assist funksiyas\u0131, quru t\u0259mizlik v\u0259 g\u00fccl\u0259ndirilmi\u015f Advanced!Power*** rejimi \u2014 ist\u0259nil\u0259n \u00e7irkl\u0259nm\u0259nin aradan qald\u0131r\u0131lmas\u0131n\u0131 t\u0259min edir: toz, ev heyvanlar\u0131n\u0131n t\u00fck\u00fc v\u0259 h\u0259tta inadkar l\u0259k\u0259l\u0259r.\n\nHygienic!Spin texnologiyas\u0131 say\u0259sind\u0259 f\u0131rlanma s\u00fcr\u0259ti 500 d\u00f6vr\/d\u0259q olan f\u0131r\u00e7a rulosu n\u0259inki \u0259la ya\u015f t\u0259mizlik n\u0259tic\u0259l\u0259ri verir, h\u0259m d\u0259 bakteriyalar\u0131n 99 %-\u0259 q\u0259d\u0259rini aradan qald\u0131raraq gigiyenik t\u0259mizlik t\u0259min edir.\n\nG\u00fccl\u00fc f\u0131r\u00e7as\u0131z daimi c\u0259r\u0259yan m\u00fch\u0259rriki v\u0259 uzun\u00f6m\u00fcrl\u00fc akkumulyator (45 d\u0259qiq\u0259y\u0259 q\u0259d\u0259r i\u015fl\u0259m\u0259 vaxt\u0131) fasil\u0259siz olaraq 200 m\u00b2-y\u0259 q\u0259d\u0259r sah\u0259nin t\u0259mizl\u0259nm\u0259sin\u0259 imkan verir.\n\n3,2 d\u00fcyml\u00fck Vision!Clean displeyi, avtomatik a\u00e7\u0131lma\/s\u00f6nm\u0259 funksiyas\u0131, \u00f6z\u00fcn\u00fc t\u0259mizl\u0259m\u0259 funksiyas\u0131 v\u0259 f\u0131r\u00e7a rulosunun paltaryuyan ma\u015f\u0131nda gigiyenik t\u0259mizliyi \u00fc\u00e7\u00fcn Pure!Roll funksiyas\u0131 maksimum istifad\u0259 rahatl\u0131\u011f\u0131n\u0131 t\u0259min edir.<\/p>","protected":false},"excerpt":{"rendered":"<p>K\u00e4rcher-in FCV 4 \u0259l yuyucu tozsoran\u0131 s\u00fcr\u0259tli v\u0259 effektiv t\u0259mizlik \u00fc\u00e7\u00fcn laz\u0131m olan h\u0259r \u015feyi \u00f6z\u00fcnd\u0259 birl\u0259\u015fdirir: Xtra!Clean \u201c3-\u00fc 1-d\u0259\u201d texnologiyas\u0131 tozsoran\u0131, ya\u015f t\u0259mizliyi v\u0259 qurutman\u0131 bir cihazda birl\u0259\u015fdirir. A\u011f\u0131ll\u0131 Dynamic!Control sensoru \u00e7irkl\u0259nm\u0259 d\u0259r\u0259c\u0259sini avtomatik m\u00fc\u0259yy\u0259n edir v\u0259 g\u00fcc\u00fc ona uy\u011fun t\u0259nziml\u0259yir. Akkumulyatorla 45 d\u0259qiq\u0259y\u0259 q\u0259d\u0259r i\u015fl\u0259m\u0259 imkan\u0131 h\u0259tta xal\u00e7alar\u0131n bel\u0259 asanl\u0131qla t\u0259mizl\u0259nm\u0259sin\u0259 \u015f\u0259rait yarad\u0131r. FCV 4 \u2014 t\u0259mizliyi h\u0259qiq\u0259t\u0259n rahat v\u0259 innovativ ed\u0259n bir h\u0259lldir.<\/p>","protected":false},"featured_media":15529,"comment_status":"open","ping_status":"closed","template":"","meta":[],"product_cat":[15,181],"product_tag":[],"class_list":{"0":"post-14770","1":"product","2":"type-product","3":"status-publish","4":"has-post-thumbnail","6":"product_cat-home-garden","7":"product_cat-tehnika-dlya-vlazhnoj-uborki-pola","9":"first","10":"instock","11":"shipping-taxable","12":"purchasable","13":"product-type-simple"},"_links":{"self":[{"href":"https:\/\/karchershop.az\/az\/wp-json\/wp\/v2\/product\/14770","targetHints":{"allow":["GET"]}}],"collection":[{"href":"https:\/\/karchershop.az\/az\/wp-json\/wp\/v2\/product"}],"about":[{"href":"https:\/\/karchershop.az\/az\/wp-json\/wp\/v2\/types\/product"}],"replies":[{"embeddable":true,"href":"https:\/\/karchershop.az\/az\/wp-json\/wp\/v2\/comments?post=14770"}],"wp:featuredmedia":[{"embeddable":true,"href":"https:\/\/karchershop.az\/az\/wp-json\/wp\/v2\/media\/15529"}],"wp:attachment":[{"href":"https:\/\/karchershop.az\/az\/wp-json\/wp\/v2\/media?parent=14770"}],"wp:term":[{"taxonomy":"product_cat","embeddable":true,"href":"https:\/\/karchershop.az\/az\/wp-json\/wp\/v2\/product_cat?post=14770"},{"taxonomy":"product_tag","embeddable":true,"href":"https:\/\/karchershop.az\/az\/wp-json\/wp\/v2\/product_tag?post=14770"}],"curies":[{"name":"wp","href":"https:\/\/api.w.org\/{rel}","templated":true}]}}