{"id":14870,"date":"2025-08-09T10:47:46","date_gmt":"2025-08-09T06:47:46","guid":{"rendered":"https:\/\/karchershop.az\/?post_type=product&#038;p=14870"},"modified":"2026-05-01T21:36:21","modified_gmt":"2026-05-01T17:36:21","slug":"rcv-2-vc-6","status":"publish","type":"product","link":"https:\/\/karchershop.az\/az\/home-garden\/pylesosy\/rcv-2-vc-6","title":{"rendered":"RCV 2+VC 6"},"content":{"rendered":"<p>T\u0259mizliyi qorumaq \u00e7ox sad\u0259dir \u2013 \u0259g\u0259r t\u0259mizlik \u00fc\u00e7\u00fcn VC 6 Cordless ourFamily akkumulyatorlu tozsorandan istifad\u0259 ets\u0259niz. Bu cihazda zibil qab\u0131n\u0131n s\u00fcr\u0259tli bo\u015fald\u0131lmas\u0131 mexanizmi, Boost funksiyas\u0131 v\u0259 z\u0259if i\u015f\u0131qlanan yerl\u0259rd\u0259 s\u0259m\u0259r\u0259li t\u0259mizlik \u00fc\u00e7\u00fcn LED i\u015f\u0131ql\u0131 aktiv d\u00f6\u015f\u0259m\u0259 ba\u015fl\u0131\u011f\u0131 kimi \u00e7oxsayl\u0131 a\u011f\u0131ll\u0131 h\u0259ll\u0259r t\u0259tbiq olunub. Dig\u0259r \u00fcst\u00fcnl\u00fckl\u0259r\u0259 a\u015fa\u011f\u0131 s\u0259s s\u0259viyy\u0259si v\u0259 akkumulyatorun v\u0259ziyy\u0259tini v\u0259 dig\u0259r bildiri\u015fl\u0259ri g\u00f6st\u0259r\u0259n ayd\u0131n indikator daxildir. Bundan \u0259lav\u0259, tozsoranda s\u00f6nd\u00fcrm\u0259 d\u00fcym\u0259sini daimi bas\u0131l\u0131 saxlama\u011fa ehtiyac qalmayan rahat fiksator m\u00f6vcuddur. Doldurma funksiyal\u0131 divar asq\u0131s\u0131 cihaz\u0131 rahat saxlama\u011fa v\u0259 akkumulyatorunu doldurma\u011fa imkan verir. 25,2 V g\u0259rginlikli akkumulyatorla qidalanan g\u00fccl\u00fc (250 Vt) f\u0131r\u00e7as\u0131z daimi c\u0259r\u0259yan m\u00fch\u0259rriki effektiv t\u0259mizliyi t\u0259min edir.<\/p>\n<p>Sevimli m\u0259\u015f\u011fuliyy\u0259tl\u0259riniz \u00fc\u00e7\u00fcn vaxt azad edir: a\u011f\u0131ll\u0131 RCV 2 robot tozsoran d\u00f6\u015f\u0259m\u0259l\u0259rin t\u0259mizliyi il\u0259 ba\u011fl\u0131 b\u00fct\u00fcn qay\u011f\u0131n\u0131 \u00fcz\u0259riniz\u0259 g\u00f6t\u00fcr\u00fcr. Cihaz\u0131 i\u015f\u0259 salmaq kifay\u0259tdir v\u0259 o, avtonom rejimd\u0259 s\u0259rt d\u00f6\u015f\u0259m\u0259 \u00f6rt\u00fckl\u0259rini v\u0259 q\u0131sa t\u00fckl\u00fc xal\u00e7alar\u0131 sistemli \u015f\u0259kild\u0259 t\u0259mizl\u0259y\u0259c\u0259k. G\u00fccl\u00fc sorucu turbina f\u0131rlanan \u0259sas v\u0259 yan f\u0131r\u00e7alarla birlikd\u0259 d\u00f6\u015f\u0259m\u0259nin b\u00fct\u00fcn sah\u0259sini, k\u0259nar v\u0259 bucaq hiss\u0259l\u0259r d\u0259 daxil olmaqla, daxili zibil qab\u0131na y\u0131\u011f\u0131lan quru tullant\u0131lardan t\u0259mizl\u0259yir. Z\u0259rur\u0259t yarand\u0131qda RCV 2 yaln\u0131z quru deyil, h\u0259m d\u0259 ya\u015f t\u0259mizl\u0259m\u0259 apara v\u0259 ya h\u0259r iki rejimi birl\u0259\u015fdir\u0259 bil\u0259r. Bunun \u00fc\u00e7\u00fcn cihaz \u201c2-i 1-d\u0259\u201d \u00e7\u0259n sistemi il\u0259 t\u0259chiz olunub: 420 ml tutumlu toz konteynerind\u0259n \u0259lav\u0259, 250 ml t\u0259miz su \u00e7\u0259ni d\u0259 n\u0259z\u0259rd\u0259 tutulub. T\u0259mizlik ba\u015fa \u00e7atd\u0131qdan v\u0259 ya akkumulyatorun enerjisi xeyli azald\u0131qda, robot tozsoran onu doldurmaq \u00fc\u00e7\u00fcn baza stansiyas\u0131na qay\u0131d\u0131r. Cihaz, h\u00fcnd\u00fcrl\u00fckd\u0259n (m\u0259s\u0259l\u0259n, pill\u0259k\u0259nd\u0259n) y\u0131x\u0131lmas\u0131n\u0131n qar\u015f\u0131s\u0131n\u0131 alan \u0259lav\u0259 sensorlarla t\u0259chiz olunub. T\u0259mizl\u0259m\u0259y\u0259 ba\u015flamaq smartfona qura\u015fd\u0131r\u0131lm\u0131\u015f mobil t\u0259tbiq vasit\u0259sil\u0259, uzaqdan idar\u0259etm\u0259 pultu il\u0259 v\u0259 ya RCV 2 korpusundak\u0131 d\u00fcym\u0259y\u0259 basmaqla rahat \u015f\u0259kild\u0259 h\u0259yata ke\u00e7iril\u0259 bil\u0259r. T\u0259tbiqd\u0259 i\u015f rejiml\u0259rini t\u0259nziml\u0259m\u0259k v\u0259 f\u0259rdi t\u0259mizlik planlar\u0131 qurmaq m\u00fcmk\u00fcnd\u00fcr. Cihaz\u0131n i\u015fin\u0259 sahibinin m\u00fcdaxil\u0259si laz\u0131m olduqda, bir \u00e7ox hallarda bu bar\u0259d\u0259 s\u0259sli bildiri\u015f verilir.<\/p>","protected":false},"excerpt":{"rendered":"<p>B\u00f6y\u00fck evl\u0259rd\u0259 asan v\u0259 keyfiyy\u0259tli t\u0259mizlik \u00fc\u00e7\u00fcn ideal h\u0259ll: VC 6 Cordless ourFamily akkumulyatorlu tozsoran y\u00fcng\u00fcl \u00e7\u0259kisi, y\u00fcks\u0259k sorucu g\u00fcc\u00fc v\u0259 torbas\u0131z filtrasiya sistemi il\u0259 t\u0259sir ba\u011f\u0131\u015flay\u0131r.<\/p>\n<p>Gironaviqasiya v\u0259 mobil proqramdan rahat idar\u0259etm\u0259 say\u0259sind\u0259 n\u0259m t\u0259mizl\u0259m\u0259 funksiyas\u0131na malik a\u011f\u0131ll\u0131 robot tozsoran RCV 2 tam avtonom rejimd\u0259 h\u0259m s\u0259rt d\u00f6\u015f\u0259m\u0259l\u0259ri, h\u0259m d\u0259 q\u0131sa xovlu xal\u00e7alar\u0131 sistematik \u015f\u0259kild\u0259 t\u0259mizl\u0259yir.<\/p>\n<p>&nbsp;<\/p>\n<p>&nbsp;<\/p>","protected":false},"featured_media":14871,"comment_status":"open","ping_status":"closed","template":"","meta":[],"product_cat":[15,89,564],"product_tag":[],"class_list":{"0":"post-14870","1":"product","2":"type-product","3":"status-publish","4":"has-post-thumbnail","6":"product_cat-home-garden","7":"product_cat-pylesosy","8":"product_cat-roboty-pylesosy","10":"first","11":"outofstock","12":"shipping-taxable","13":"purchasable","14":"product-type-simple"},"_links":{"self":[{"href":"https:\/\/karchershop.az\/az\/wp-json\/wp\/v2\/product\/14870","targetHints":{"allow":["GET"]}}],"collection":[{"href":"https:\/\/karchershop.az\/az\/wp-json\/wp\/v2\/product"}],"about":[{"href":"https:\/\/karchershop.az\/az\/wp-json\/wp\/v2\/types\/product"}],"replies":[{"embeddable":true,"href":"https:\/\/karchershop.az\/az\/wp-json\/wp\/v2\/comments?post=14870"}],"wp:featuredmedia":[{"embeddable":true,"href":"https:\/\/karchershop.az\/az\/wp-json\/wp\/v2\/media\/14871"}],"wp:attachment":[{"href":"https:\/\/karchershop.az\/az\/wp-json\/wp\/v2\/media?parent=14870"}],"wp:term":[{"taxonomy":"product_cat","embeddable":true,"href":"https:\/\/karchershop.az\/az\/wp-json\/wp\/v2\/product_cat?post=14870"},{"taxonomy":"product_tag","embeddable":true,"href":"https:\/\/karchershop.az\/az\/wp-json\/wp\/v2\/product_tag?post=14870"}],"curies":[{"name":"wp","href":"https:\/\/api.w.org\/{rel}","templated":true}]}}