{"id":14902,"date":"2025-08-09T11:45:26","date_gmt":"2025-08-09T07:45:26","guid":{"rendered":"https:\/\/karchershop.az\/?post_type=product&#038;p=14902"},"modified":"2026-05-01T21:36:21","modified_gmt":"2026-05-01T17:36:21","slug":"k-6-special-kwd-3-anniversary-edition","status":"publish","type":"product","link":"https:\/\/karchershop.az\/az\/home-garden\/hozyajstvennye-pylesosy\/hozyajstvenny-pylesos\/k-6-special-kwd-3-anniversary-edition","title":{"rendered":"K 6 Special + KWD 3 Anniversary Edition"},"content":{"rendered":"<p>Kompaniyan\u0131n 90 illik yubileyi m\u00fcnasib\u0259til\u0259 x\u00fcsusi m\u0259hdud burax\u0131l\u0131\u015fda t\u0259qdim olunan **KWD 3 S V-17\/4\/20 Anniversary Edition** t\u0259s\u0259rr\u00fcfat tozsoran\u0131 unikal r\u0259ng h\u0259lli v\u0259 x\u00fcsusi komplektasiyas\u0131 il\u0259 se\u00e7ilir. Elegant qara korpusda haz\u0131rlanan bu model\u0259 avtomobil ba\u015fl\u0131\u011f\u0131 v\u0259 4 \u0259d\u0259d toxunmam\u0131\u015f materialdan haz\u0131rlanm\u0131\u015f filtr-torba daxildir.\n\nNominal g\u00fcc\u00fc 1000 Vt olan aparat y\u00fcks\u0259k sorucu g\u00fcc v\u0259 enerji s\u0259m\u0259r\u0259liliyini t\u0259min edir. Cihaz, sorucu \u015flanq v\u0259 d\u0259yi\u015fdiril\u0259 bil\u0259n i\u00e7likl\u0259r\u0259 malik d\u00f6\u015f\u0259m\u0259 ba\u015fl\u0131\u011f\u0131n\u0131n optimal kombinasiyas\u0131 say\u0259sind\u0259 quru v\u0259 ya\u015f, iri v\u0259 x\u0131rda tullant\u0131lar\u0131n effektiv toplanmas\u0131n\u0131 z\u0259man\u0259t alt\u0131na al\u0131r.\n\nKompakt qurulu\u015f, paslanmayan poladdan haz\u0131rlanm\u0131\u015f 17 litrlik tullant\u0131 qab\u0131, 4 metrlik kabel v\u0259 2 metr uzunlu\u011funda sorucu \u015flanq tozsoran\u0131n universal imkanlar\u0131n\u0131 art\u0131r\u0131r. \u00dcf\u00fcrm\u0259 funksiyas\u0131 \u00e7\u0259tin \u00e7at\u0131lan yerl\u0259rd\u0259 tullant\u0131lar\u0131n asan t\u0259mizl\u0259nm\u0259sini t\u0259min edir.\n\nT\u0259mizl\u0259m\u0259 i\u015find\u0259n sonra \u015flanq v\u0259 ki\u00e7ik \u00f6l\u00e7\u00fcl\u00fc istifad\u0259 olunmu\u015f al\u0259tl\u0259r tozsoran\u0131n yuxar\u0131 hiss\u0259sind\u0259 yerl\u0259\u015fdiril\u0259, kabel is\u0259 x\u00fcsusi qarma\u011fa as\u0131la bil\u0259r. Bundan \u0259lav\u0259, aparat\u0131n buferind\u0259 uzad\u0131c\u0131 borular v\u0259 d\u00f6\u015f\u0259m\u0259 ba\u015fl\u0131qlar\u0131 \u00fc\u00e7\u00fcn saxlanma yerl\u0259ri m\u00f6vcuddur.\n\nErqonomik v\u0259 \u00e7\u0131xar\u0131la bil\u0259n tutacaq vasit\u0259sil\u0259 aksesuarlar birba\u015fa sorucu \u015flanqa qo\u015fula bil\u0259r. D\u00fc\u015f\u00fcn\u00fclm\u00fc\u015f **Pull &amp; Push** kilid sistemi tullant\u0131 qab\u0131n\u0131n asanl\u0131qla qo\u015fulub-ayr\u0131lmas\u0131n\u0131 t\u0259min edir.<\/p>\n<p>K 6 Special mini yuyucu su il\u0259 soyudulan m\u00fch\u0259rrikl\u0259 t\u0259chiz olunub v\u0259 tez-tez t\u0259mizlik i\u015fl\u0259ri aparmaq, h\u0259m\u00e7inin ba\u011f yollar\u0131nda, hovuzlarda, iri n\u0259qliyyat vasit\u0259l\u0259rind\u0259 v\u0259 s. rast g\u0259lin\u0259n g\u00fccl\u00fc \u00e7irkl\u0259rl\u0259 m\u00fcbariz\u0259 aparmaq \u00fc\u00e7\u00fcn n\u0259z\u0259rd\u0259 tutulub. T\u0259chizat d\u0259stin\u0259 rahat adapterli t\u0259tikli tapan\u00e7a daxildir.\u00a0<span class=\"fix-spelling\">Quick Connect<\/span>D\u0259st\u0259y\u0259 h\u0259m\u00e7inin uzunlu\u011fu 10 metr olan y\u00fcks\u0259k t\u0259zyiqli \u015flanq, nasosu qoruyan etibarl\u0131 su filtri, Vario Power (VPS) p\u00fcsk\u00fcrtm\u0259 borusu v\u0259 f\u0131rlanan n\u00f6qt\u0259vi \u015f\u0131rna\u011fa malik pal\u00e7\u0131q frezi daxildir. Vario Power borusunda t\u0259zyiqin t\u0259nziml\u0259nm\u0259si sad\u0259c\u0259 borunu \u00e7evirm\u0259kl\u0259 h\u0259yata ke\u00e7irilir, pal\u00e7\u0131q frezi is\u0259 \u0259n inadkar \u00e7irkl\u0259ri bel\u0259 asanl\u0131qla t\u0259mizl\u0259yir.<\/p>","protected":false},"excerpt":{"rendered":"<p>M\u0259hdud sayda burax\u0131lan KWD 3 S V-17\/4\/20 Anniversary Edition tozsoran\u0131 \u015firk\u0259tin 90 illik yubileyi m\u00fcnasib\u0259til\u0259 x\u00fcsusi komplekt variant\u0131nda istehsal olunub. O, y\u00fcks\u0259k sorucu g\u00fcc\u00fc v\u0259 enerji s\u0259m\u0259r\u0259liliyi il\u0259 se\u00e7ilir.<\/p>\n<p>Y\u00fcks\u0259k t\u0259zyiqli yuyucu K 6 Special su il\u0259 soyudulan m\u00fch\u0259rrikl\u0259 t\u0259chiz olunub \u2014 bu cihaz, ba\u011f yollar\u0131nda, iri avtomobill\u0259rd\u0259 v\u0259 hovuzlarda g\u00fccl\u00fc \u00e7irkl\u0259rin t\u0259mizl\u0259nm\u0259si v\u0259 tez-tez istifad\u0259 \u00fc\u00e7\u00fcn ideal se\u00e7imdir.<\/p>","protected":false},"featured_media":14903,"comment_status":"open","ping_status":"closed","template":"","meta":[],"product_cat":[15,20,553,90],"product_tag":[],"class_list":{"0":"post-14902","1":"product","2":"type-product","3":"status-publish","4":"has-post-thumbnail","6":"product_cat-home-garden","7":"product_cat-mojki-vysokogo-davleniya","8":"product_cat-hozyajstvennye-pylesosy","9":"product_cat-hozyajstvenny-pylesos","11":"first","12":"outofstock","13":"shipping-taxable","14":"purchasable","15":"product-type-simple"},"_links":{"self":[{"href":"https:\/\/karchershop.az\/az\/wp-json\/wp\/v2\/product\/14902","targetHints":{"allow":["GET"]}}],"collection":[{"href":"https:\/\/karchershop.az\/az\/wp-json\/wp\/v2\/product"}],"about":[{"href":"https:\/\/karchershop.az\/az\/wp-json\/wp\/v2\/types\/product"}],"replies":[{"embeddable":true,"href":"https:\/\/karchershop.az\/az\/wp-json\/wp\/v2\/comments?post=14902"}],"wp:featuredmedia":[{"embeddable":true,"href":"https:\/\/karchershop.az\/az\/wp-json\/wp\/v2\/media\/14903"}],"wp:attachment":[{"href":"https:\/\/karchershop.az\/az\/wp-json\/wp\/v2\/media?parent=14902"}],"wp:term":[{"taxonomy":"product_cat","embeddable":true,"href":"https:\/\/karchershop.az\/az\/wp-json\/wp\/v2\/product_cat?post=14902"},{"taxonomy":"product_tag","embeddable":true,"href":"https:\/\/karchershop.az\/az\/wp-json\/wp\/v2\/product_tag?post=14902"}],"curies":[{"name":"wp","href":"https:\/\/api.w.org\/{rel}","templated":true}]}}