{"id":14932,"date":"2025-08-09T12:41:57","date_gmt":"2025-08-09T08:41:57","guid":{"rendered":"https:\/\/karchershop.az\/?post_type=product&#038;p=14932"},"modified":"2026-05-01T21:36:21","modified_gmt":"2026-05-01T17:36:21","slug":"kwd-3-anniversary-ed-k-5-power-control-flex-home-brush-ae","status":"publish","type":"product","link":"https:\/\/karchershop.az\/az\/home-garden\/hozyajstvennye-pylesosy\/hozyajstvenny-pylesos\/kwd-3-anniversary-ed-k-5-power-control-flex-home-brush-ae","title":{"rendered":"KWD 3 Anniversary Ed + K 5 Power Control Flex Home&#038;Brush AE"},"content":{"rendered":"<p>90 illik yubiley m\u00fcnasib\u0259til\u0259 t\u0259qdim olunan K 5 Power Control Flex Home &amp; Brush Anniversary Edition mini-yuyucu aparat\u0131 m\u0259hdud sayda, x\u00fcsusi r\u0259ng dizayn\u0131nda istehsal olunub v\u0259 \u00f6z\u00fcn\u0259m\u0259xsus aksessuarlarla t\u0259chiz edilib. Bu y\u00fcks\u0259k t\u0259zyiqli yuyucu m\u00fcxt\u0259lif s\u0259thl\u0259rin effektiv t\u0259mizl\u0259nm\u0259si \u00fc\u00e7\u00fcn n\u0259z\u0259rd\u0259 tutulub v\u0259 t\u0259zyiqin d\u0259qiq t\u0259nziml\u0259nm\u0259si imkan\u0131 il\u0259 se\u00e7ilir.\n\nK\u00e4rcher Home &amp; Garden mobil t\u0259tbiqind\u0259ki inteqrasiya olunmu\u015f t\u0259tbiq m\u0259sl\u0259h\u0259t\u00e7isi, istifad\u0259\u00e7iy\u0259 h\u0259r bir t\u0259mizlik v\u0259zif\u0259si \u00fc\u00e7\u00fcn optimal t\u0259zyiq s\u0259viyy\u0259sini m\u00fc\u0259yy\u0259n etm\u0259y\u0259 k\u00f6m\u0259k edir v\u0259 praktiki t\u00f6vsiy\u0259l\u0259r t\u0259qdim edir. Bu is\u0259 ideal t\u0259mizlik n\u0259tic\u0259l\u0259rin\u0259 nail olma\u011fa imkan verir.\n\nModelin \u0259sas \u00fcst\u00fcnl\u00fckl\u0259ri aras\u0131nda:\n\nK\u00e4rcher-in yuyucu vasit\u0259 t\u0259dar\u00fck\u00fc sistemi (Plug \u2019n\u2019 Clean),\n\nT\u0259zyiqin rahat t\u0259nziml\u0259nm\u0259si,\n\nUniversal istifad\u0259 imkan\u0131,\n\nZ\u0259ngin komplektasiya v\u0259 funksionall\u0131q yer al\u0131r.\u00a0<span class=\"fix-spelling\">Plug \u2018n\u2019 Clean<\/span>\u00a0\u2026yuyucu vasit\u0259nin asan v\u0259 s\u00fcr\u0259tli d\u0259yi\u015fdirilm\u0259si \u00fc\u00e7\u00fcn n\u0259z\u0259rd\u0259 tutulmu\u015f K\u00e4rcher-in Plug \u2019n\u2019 Clean sistemi,\nv\u0259 y\u00fcks\u0259k t\u0259zyiqli \u015flanq \u2014 rahat v\u0259 effektiv t\u0259mizlik \u00fc\u00e7\u00fcn ideal h\u0259ll t\u0259qdim edir.\u00a0<span class=\"fix-spelling\">\u2026PremiumFlex<\/span>istifad\u0259 zaman\u0131 \u0259lav\u0259 rahatl\u0131q t\u0259min ed\u0259n PremiumFlex y\u00fcks\u0259k t\u0259zyiqli \u015flanq,\nasan da\u015f\u0131nma \u00fc\u00e7\u00fcn y\u00fcks\u0259k keyfiyy\u0259tli al\u00fcminium teleskopik tutacaq,\nh\u0259m\u00e7inin avadanl\u0131\u011f\u0131n rahat istifad\u0259sini t\u0259min ed\u0259n sistem\u00a0<span class=\"fix-spelling\">Quick Connect<\/span>y\u00fcks\u0259k t\u0259zyiqli \u015flanq\u0131 aparata v\u0259 p\u00fcsk\u00fcrtm\u0259 tapan\u00e7as\u0131na tez bir zamanda qo\u015fmaq v\u0259 ay\u0131rmaq imkan\u0131 ver\u0259n sistem, bu da h\u0259m vaxt, h\u0259m d\u0259 fiziki s\u0259yl\u0259r\u0259 q\u0259na\u0259t etm\u0259y\u0259 imkan yarad\u0131r.\nPark v\u0259ziyy\u0259ti aksesuarlar\u0131n rahat \u015f\u0259kild\u0259 saxlanmas\u0131n\u0131 t\u0259min edir v\u0259 i\u015fl\u0259m\u0259 zaman\u0131 onlar\u0131n daim \u0259l\u00e7atan olmas\u0131na \u015f\u0259rait yarad\u0131r.\n\nKomplekt\u0259 Home &amp; BrushKit d\u0259sti daxildir:\n\nT 5 s\u0259th t\u0259mizl\u0259yici,\n\n1 litr da\u015f v\u0259 fasad t\u0259mizl\u0259yici vasit\u0259,\n\n1 litr universal t\u0259mizl\u0259yici,\n\nv\u0259 WB 60 yuyucu f\u0131r\u00e7a.<\/p>\n<p>Kompaniyan\u0131n 90 illik yubileyi m\u00fcnasib\u0259til\u0259 x\u00fcsusi m\u0259hdud burax\u0131l\u0131\u015fda t\u0259qdim olunan **KWD 3 S V-17\/4\/20 Anniversary Edition** t\u0259s\u0259rr\u00fcfat tozsoran\u0131 unikal r\u0259ng h\u0259lli v\u0259 x\u00fcsusi komplektasiyas\u0131 il\u0259 se\u00e7ilir. Elegant qara korpusda haz\u0131rlanan bu model\u0259 avtomobil ba\u015fl\u0131\u011f\u0131 v\u0259 4 \u0259d\u0259d toxunmam\u0131\u015f materialdan haz\u0131rlanm\u0131\u015f filtr-torba daxildir.\n\nNominal g\u00fcc\u00fc 1000 Vt olan aparat y\u00fcks\u0259k sorucu g\u00fcc v\u0259 enerji s\u0259m\u0259r\u0259liliyini t\u0259min edir. Cihaz, sorucu \u015flanq v\u0259 d\u0259yi\u015fdiril\u0259 bil\u0259n i\u00e7likl\u0259r\u0259 malik d\u00f6\u015f\u0259m\u0259 ba\u015fl\u0131\u011f\u0131n\u0131n optimal kombinasiyas\u0131 say\u0259sind\u0259 quru v\u0259 ya\u015f, iri v\u0259 x\u0131rda tullant\u0131lar\u0131n effektiv toplanmas\u0131n\u0131 z\u0259man\u0259t alt\u0131na al\u0131r.\n\nKompakt qurulu\u015f, paslanmayan poladdan haz\u0131rlanm\u0131\u015f 17 litrlik tullant\u0131 qab\u0131, 4 metrlik kabel v\u0259 2 metr uzunlu\u011funda sorucu \u015flanq tozsoran\u0131n universal imkanlar\u0131n\u0131 art\u0131r\u0131r. \u00dcf\u00fcrm\u0259 funksiyas\u0131 \u00e7\u0259tin \u00e7at\u0131lan yerl\u0259rd\u0259 tullant\u0131lar\u0131n asan t\u0259mizl\u0259nm\u0259sini t\u0259min edir.\n\nT\u0259mizl\u0259m\u0259 i\u015find\u0259n sonra \u015flanq v\u0259 ki\u00e7ik \u00f6l\u00e7\u00fcl\u00fc istifad\u0259 olunmu\u015f al\u0259tl\u0259r tozsoran\u0131n yuxar\u0131 hiss\u0259sind\u0259 yerl\u0259\u015fdiril\u0259, kabel is\u0259 x\u00fcsusi qarma\u011fa as\u0131la bil\u0259r. Bundan \u0259lav\u0259, aparat\u0131n buferind\u0259 uzad\u0131c\u0131 borular v\u0259 d\u00f6\u015f\u0259m\u0259 ba\u015fl\u0131qlar\u0131 \u00fc\u00e7\u00fcn saxlanma yerl\u0259ri m\u00f6vcuddur.\n\nErqonomik v\u0259 \u00e7\u0131xar\u0131la bil\u0259n tutacaq vasit\u0259sil\u0259 aksesuarlar birba\u015fa sorucu \u015flanqa qo\u015fula bil\u0259r. D\u00fc\u015f\u00fcn\u00fclm\u00fc\u015f **Pull &amp; Push** kilid sistemi tullant\u0131 qab\u0131n\u0131n asanl\u0131qla qo\u015fulub-ayr\u0131lmas\u0131n\u0131 t\u0259min edir.<\/p>","protected":false},"excerpt":{"rendered":"<p>Yubiley\u0259 \u00f6z\u0259l m\u0259hdud sayda burax\u0131lm\u0131\u015f K 5 Power Control Flex Home &amp; Brush seriyas\u0131 \u2014 K\u00e4rcher \u015firk\u0259tinin 90 illiyi m\u00fcnasib\u0259til\u0259 t\u0259qdim olunan x\u00fcsusi aksesuarlarla t\u0259chiz edilmi\u015f modeldir.<\/p>\n<p>M\u0259hdud sayda burax\u0131lan KWD 3 S V-17\/4\/20 Anniversary Edition tozsoran\u0131 \u015firk\u0259tin 90 illik yubileyi m\u00fcnasib\u0259til\u0259 x\u00fcsusi komplekt variant\u0131nda istehsal olunub. O, y\u00fcks\u0259k sorucu g\u00fcc\u00fc v\u0259 enerji s\u0259m\u0259r\u0259liliyi il\u0259 se\u00e7ilir.<\/p>","protected":false},"featured_media":14933,"comment_status":"open","ping_status":"closed","template":"","meta":[],"product_cat":[15,20,553,90],"product_tag":[],"class_list":{"0":"post-14932","1":"product","2":"type-product","3":"status-publish","4":"has-post-thumbnail","6":"product_cat-home-garden","7":"product_cat-mojki-vysokogo-davleniya","8":"product_cat-hozyajstvennye-pylesosy","9":"product_cat-hozyajstvenny-pylesos","11":"first","12":"outofstock","13":"shipping-taxable","14":"purchasable","15":"product-type-simple"},"_links":{"self":[{"href":"https:\/\/karchershop.az\/az\/wp-json\/wp\/v2\/product\/14932","targetHints":{"allow":["GET"]}}],"collection":[{"href":"https:\/\/karchershop.az\/az\/wp-json\/wp\/v2\/product"}],"about":[{"href":"https:\/\/karchershop.az\/az\/wp-json\/wp\/v2\/types\/product"}],"replies":[{"embeddable":true,"href":"https:\/\/karchershop.az\/az\/wp-json\/wp\/v2\/comments?post=14932"}],"wp:featuredmedia":[{"embeddable":true,"href":"https:\/\/karchershop.az\/az\/wp-json\/wp\/v2\/media\/14933"}],"wp:attachment":[{"href":"https:\/\/karchershop.az\/az\/wp-json\/wp\/v2\/media?parent=14932"}],"wp:term":[{"taxonomy":"product_cat","embeddable":true,"href":"https:\/\/karchershop.az\/az\/wp-json\/wp\/v2\/product_cat?post=14932"},{"taxonomy":"product_tag","embeddable":true,"href":"https:\/\/karchershop.az\/az\/wp-json\/wp\/v2\/product_tag?post=14932"}],"curies":[{"name":"wp","href":"https:\/\/api.w.org\/{rel}","templated":true}]}}