{"id":14946,"date":"2025-08-09T12:52:56","date_gmt":"2025-08-09T08:52:56","guid":{"rendered":"https:\/\/karchershop.az\/?post_type=product&#038;p=14946"},"modified":"2026-05-01T21:36:21","modified_gmt":"2026-05-01T17:36:21","slug":"k-4-universal-edition-cvh-3-plus","status":"publish","type":"product","link":"https:\/\/karchershop.az\/az\/home-garden\/pylesosy\/vertikalnye-pylesosy\/k-4-universal-edition-cvh-3-plus","title":{"rendered":"K 4 Universal Edition + CVH 3 Plus"},"content":{"rendered":"<p>K\u00e4rcher y\u00fcks\u0259k t\u0259zyiqli t\u0259mizl\u0259yici K 4 Universal Edition h\u0259m normal, h\u0259m d\u0259 kifay\u0259t q\u0259d\u0259r inadkar kirl\u0259ri m\u00fcnt\u0259z\u0259m t\u0259mizl\u0259m\u0259k \u00fc\u00e7\u00fcn ideal se\u00e7imdir. Y\u00fcks\u0259k t\u0259zyiqli yuma aparat\u0131 avtomobil kuzovlar\u0131ndan, evin v\u0259 ba\u011f\u00e7an\u0131n m\u00fcxt\u0259lif \u00f6l\u00e7\u00fcl\u00fc s\u0259thl\u0259rind\u0259n asanl\u0131qla kiri t\u0259mizl\u0259y\u0259 bil\u0259r. Y\u00fcks\u0259k t\u0259zyiqli yuma aparat\u0131 K 4 Universal Edition silah, 6 m y\u00fcks\u0259k t\u0259zyiq \u015flanq\u0131, Vario Power reaktiv \u015flanq\u0131, f\u0131rlanan pinpoint jet il\u0259 inadkar kirl\u0259ri t\u0259mizl\u0259m\u0259k \u00fc\u00e7\u00fcn pal\u00e7\u0131q k\u0259sici v\u0259 nasosu kir hiss\u0259cikl\u0259rind\u0259n qorumaq \u00fc\u00e7\u00fcn su filtri il\u0259 t\u0259chiz edilmi\u015fdir.<\/p>\n<p>\u018fl avtomobil tozsoran\u0131 CVH 3 Plus  g\u00fccl\u00fc (g\u00fcnd\u0259lik) yolda\u015f: akkumulyatorla i\u015fl\u0259y\u0259n CVH 3 Plus \u018fl avtomobil tozsoran\u0131 ist\u0259nil\u0259n m\u00f6vqed\u0259n sa\u00e7, q\u0131r\u0131nt\u0131 v\u0259 toz kimi b\u00fct\u00fcn n\u00f6v \u00e7irkl\u0259ri effektiv \u015f\u0259kild\u0259 t\u0259mizl\u0259yir v\u0259 he\u00e7 bir qal\u0131q qoymur. Bundan \u0259lav\u0259, x\u00fcsusil\u0259 t\u0259miz egzoz havas\u0131 qaba kir v\u0259 sa\u00e7lar \u00fc\u00e7\u00fcn iki m\u0259rh\u0259l\u0259li v\u0259 yuyula bil\u0259n inc\u0259 polad mesh filtr sistemi, h\u0259m\u00e7inin \u00e7\u0131x\u0131\u015fda HEPA 12 gigiyenik filtr (EN 1822:1998) il\u0259 t\u0259min edilir. Dig\u0259r \u00fcst\u00fcnl\u00fckl\u0259r: s\u0259ssiz BLDC motoru, y\u0131\u011fcam v\u0259 y\u00fcng\u00fcl al\u0259t dizayn\u0131, iki f\u0259rqli emi\u015f s\u0259viyy\u0259si, 20 d\u0259qiq\u0259y\u0259 q\u0259d\u0259r batareyan\u0131n i\u015fl\u0259m\u0259 m\u00fcdd\u0259ti v\u0259 aksesuarlar \u00fc\u00e7\u00fcn saxlama yeri olan rahat doldurma stansiyas\u0131 say\u0259sind\u0259 y\u00fcks\u0259k \u0259mm\u0259 g\u00fcc\u00fc v\u0259 uzad\u0131lm\u0131\u015f xidm\u0259t m\u00fcdd\u0259ti.<\/p>","protected":false},"excerpt":{"rendered":"<p>Y\u00fcks\u0259k t\u0259zyiqli yuma aparat\u0131 K 4 Universal Edition ev v\u0259 ba\u011f\u0131n t\u0259mizliyi \u00fc\u00e7\u00fcn m\u00fck\u0259mm\u0259l h\u0259ll\u0259r t\u0259qdim edir.<\/p>\n<p>\u0420\u0443\u0447\u043d\u043e\u0439 \u043f\u044b\u043b\u0435\u0441\u043e\u0441 \u0434\u043b\u044f \u0443\u0431\u043e\u0440\u043a\u0438 \u0430\u0432\u0442\u043e\u043c\u043e\u0431\u0438\u043b\u044f CVH 3 Plus \u2013 \u043c\u043e\u0449\u043d\u044b\u0439 \u0438 \u0433\u043e\u0442\u043e\u0432\u044b\u0439 \u043a \u0438\u0441\u043f\u043e\u043b\u044c\u0437\u043e\u0432\u0430\u043d\u0438\u044e \u0432 \u043b\u044e\u0431\u043e\u0435 \u0432\u0440\u0435\u043c\u044f \u0438 \u0432 \u043b\u044e\u0431\u043e\u043c \u043c\u0435\u0441\u0442\u0435: \u043a\u043e\u043c\u043f\u0430\u043a\u0442\u043d\u044b\u0439 \u0440\u0443\u0447\u043d\u043e\u0439 \u0430\u0432\u0442\u043e\u043c\u043e\u0431\u0438\u043b\u044c\u043d\u044b\u0439 \u043f\u044b\u043b\u0435\u0441\u043e\u0441 CVH 2 Premium \u043b\u0435\u0433\u043a\u043e \u0443\u0434\u0430\u043b\u044f\u0435\u0442 \u0433\u0440\u044f\u0437\u044c \u0432 \u0433\u043e\u0441\u0442\u0438\u043d\u043e\u0439, \u0441\u043f\u0430\u043b\u044c\u043d\u0435 \u0438\u043b\u0438 \u0430\u0432\u0442\u043e\u043c\u043e\u0431\u0438\u043b\u0435.<\/p>","protected":false},"featured_media":14947,"comment_status":"open","ping_status":"closed","template":"","meta":[],"product_cat":[15,20,89,93],"product_tag":[],"class_list":{"0":"post-14946","1":"product","2":"type-product","3":"status-publish","4":"has-post-thumbnail","6":"product_cat-home-garden","7":"product_cat-mojki-vysokogo-davleniya","8":"product_cat-pylesosy","9":"product_cat-vertikalnye-pylesosy","11":"first","12":"outofstock","13":"shipping-taxable","14":"purchasable","15":"product-type-simple"},"_links":{"self":[{"href":"https:\/\/karchershop.az\/az\/wp-json\/wp\/v2\/product\/14946","targetHints":{"allow":["GET"]}}],"collection":[{"href":"https:\/\/karchershop.az\/az\/wp-json\/wp\/v2\/product"}],"about":[{"href":"https:\/\/karchershop.az\/az\/wp-json\/wp\/v2\/types\/product"}],"replies":[{"embeddable":true,"href":"https:\/\/karchershop.az\/az\/wp-json\/wp\/v2\/comments?post=14946"}],"wp:featuredmedia":[{"embeddable":true,"href":"https:\/\/karchershop.az\/az\/wp-json\/wp\/v2\/media\/14947"}],"wp:attachment":[{"href":"https:\/\/karchershop.az\/az\/wp-json\/wp\/v2\/media?parent=14946"}],"wp:term":[{"taxonomy":"product_cat","embeddable":true,"href":"https:\/\/karchershop.az\/az\/wp-json\/wp\/v2\/product_cat?post=14946"},{"taxonomy":"product_tag","embeddable":true,"href":"https:\/\/karchershop.az\/az\/wp-json\/wp\/v2\/product_tag?post=14946"}],"curies":[{"name":"wp","href":"https:\/\/api.w.org\/{rel}","templated":true}]}}