{"id":14962,"date":"2025-08-09T13:24:08","date_gmt":"2025-08-09T09:24:08","guid":{"rendered":"https:\/\/karchershop.az\/?post_type=product&#038;p=14962"},"modified":"2026-05-01T21:36:22","modified_gmt":"2026-05-01T17:36:22","slug":"k-4-classic-car-cvh-3-plus","status":"publish","type":"product","link":"https:\/\/karchershop.az\/az\/home-garden\/pylesosy\/vertikalnye-pylesosy\/k-4-classic-car-cvh-3-plus","title":{"rendered":"K 4 Classic Car + CVH 3 Plus"},"content":{"rendered":"<p>Onu yerl\u0259\u015fdirm\u0259k \u00fc\u00e7\u00fcn h\u0259r yerd\u0259 yer tapmaq olar: kompakt \u00f6l\u00e7\u00fcl\u0259ri say\u0259sind\u0259 K 4 Classic Car y\u00fcks\u0259k t\u0259zyiqli aparat\u0131 h\u0259m avtomobilin baqaj\u0131na, h\u0259m d\u0259 divar \u015fkaf\u0131na yerl\u0259\u015fdiril\u0259 bil\u0259r. Da\u015f\u0131nmas\u0131 \u00e7ox rahatd\u0131r v\u0259 eyni zamanda y\u00fcks\u0259k performans g\u00f6st\u0259ricil\u0259rin\u0259 malikdir. K\u00f6p\u00fckl\u00fc t\u0259mizl\u0259m\u0259 \u00fc\u00e7\u00fcn ba\u015fl\u0131q, f\u0131rlanan yuyucu f\u0131r\u00e7a v\u0259 avtomobil \u015fampunu daxil olan avtomobil yuma d\u0259sti say\u0259sind\u0259 K 4 Classic Car orta d\u0259r\u0259c\u0259d\u0259 \u00e7irkl\u0259nmi\u015f n\u0259qliyyat vasit\u0259l\u0259rinin periodik t\u0259mizl\u0259nm\u0259si \u00fc\u00e7\u00fcn \u0259la uy\u011fundur. Al\u00fcminium teleskopik d\u0259st\u0259k h\u00fcnd\u00fcrl\u00fcy\u0259 uy\u011fun t\u0259nziml\u0259nir v\u0259 t\u0259k\u0259rl\u0259r \u00fcz\u0259rind\u0259 cihaz\u0131n rahat da\u015f\u0131nmas\u0131n\u0131 t\u0259min edir. Aparat h\u0259m\u00e7inin qo\u015fqulu tapan\u00e7a il\u0259 t\u0259chiz olunub.\u00a0<span class=\"fix-spelling\">Quick Connect<\/span>6 metrlik y\u00fcks\u0259k t\u0259zyiqli \u015flanq, Vario Power p\u00fcsk\u00fcrtm\u0259 borusu, pal\u00e7\u0131q frezi v\u0259 su filtri il\u0259 t\u0259chiz olunmu\u015fdur. Saatda 30 m\u00b2 \u0259razi t\u0259mizl\u0259m\u0259 g\u00fcc\u00fcn\u0259 malik olan K 4 Classic Car modeli orta s\u0259viyy\u0259li \u00e7irkl\u0259rin m\u00fcnt\u0259z\u0259m t\u0259mizl\u0259nm\u0259si \u00fc\u00e7\u00fcn ideal h\u0259lldir (m\u0259s\u0259l\u0259n, ba\u011f \u00e7\u0259p\u0259rl\u0259rinin t\u0259mizl\u0259nm\u0259si, velosipedl\u0259rin v\u0259 ya ki\u00e7ik avtomobill\u0259rin yuyulmas\u0131 \u00fc\u00e7\u00fcn).<\/p>\n<p>\u018fl avtomobil tozsoran\u0131 CVH 3 Plus  g\u00fccl\u00fc (g\u00fcnd\u0259lik) yolda\u015f: akkumulyatorla i\u015fl\u0259y\u0259n CVH 3 Plus \u018fl avtomobil tozsoran\u0131 ist\u0259nil\u0259n m\u00f6vqed\u0259n sa\u00e7, q\u0131r\u0131nt\u0131 v\u0259 toz kimi b\u00fct\u00fcn n\u00f6v \u00e7irkl\u0259ri effektiv \u015f\u0259kild\u0259 t\u0259mizl\u0259yir v\u0259 he\u00e7 bir qal\u0131q qoymur. Bundan \u0259lav\u0259, x\u00fcsusil\u0259 t\u0259miz egzoz havas\u0131 qaba kir v\u0259 sa\u00e7lar \u00fc\u00e7\u00fcn iki m\u0259rh\u0259l\u0259li v\u0259 yuyula bil\u0259n inc\u0259 polad mesh filtr sistemi, h\u0259m\u00e7inin \u00e7\u0131x\u0131\u015fda HEPA 12 gigiyenik filtr (EN 1822:1998) il\u0259 t\u0259min edilir. Dig\u0259r \u00fcst\u00fcnl\u00fckl\u0259r: s\u0259ssiz BLDC motoru, y\u0131\u011fcam v\u0259 y\u00fcng\u00fcl al\u0259t dizayn\u0131, iki f\u0259rqli emi\u015f s\u0259viyy\u0259si, 20 d\u0259qiq\u0259y\u0259 q\u0259d\u0259r batareyan\u0131n i\u015fl\u0259m\u0259 m\u00fcdd\u0259ti v\u0259 aksesuarlar \u00fc\u00e7\u00fcn saxlama yeri olan rahat doldurma stansiyas\u0131 say\u0259sind\u0259 y\u00fcks\u0259k \u0259mm\u0259 g\u00fcc\u00fc v\u0259 uzad\u0131lm\u0131\u015f xidm\u0259t m\u00fcdd\u0259ti.<\/p>","protected":false},"excerpt":{"rendered":"<p>\u041e\u0447\u0435\u043d\u044c \u0443\u0434\u043e\u0431\u0435\u043d \u0432 \u0442\u0440\u0430\u043d\u0441\u043f\u043e\u0440\u0442\u0438\u0440\u043e\u0432\u043a\u0435 \u0438 \u0445\u0440\u0430\u043d\u0435\u043d\u0438\u0438: \u0430\u043f\u043f\u0430\u0440\u0430\u0442 \u0432\u044b\u0441\u043e\u043a\u043e\u0433\u043e \u0434\u0430\u0432\u043b\u0435\u043d\u0438\u044f K 4 Classic \u0441 \u0442\u0435\u043b\u0435\u0441\u043a\u043e\u043f\u0438\u0447\u0435\u0441\u043a\u043e\u0439 \u0440\u0443\u0447\u043a\u043e\u0439, \u0440\u0430\u0441\u0441\u0447\u0438\u0442\u0430\u043d\u043d\u044b\u0439 \u043d\u0430 \u0440\u0435\u0433\u0443\u043b\u044f\u0440\u043d\u043e\u0435 \u0443\u0441\u0442\u0440\u0430\u043d\u0435\u043d\u0438\u0435 \u0437\u0430\u0433\u0440\u044f\u0437\u043d\u0435\u043d\u0438\u0439 \u0441\u0440\u0435\u0434\u043d\u0435\u0439 \u0441\u0442\u0435\u043f\u0435\u043d\u0438. \u0412\u043a\u043b\u044e\u0447\u0430\u0435\u0442 \u043a\u043e\u043c\u043f\u043b\u0435\u043a\u0442 \u0434\u043b\u044f \u043c\u043e\u0439\u043a\u0438 \u0430\u0432\u0442\u043e\u043c\u043e\u0431\u0438\u043b\u044f (Car Kit).<\/p>\n<p>\u0420\u0443\u0447\u043d\u043e\u0439 \u043f\u044b\u043b\u0435\u0441\u043e\u0441 \u0434\u043b\u044f \u0443\u0431\u043e\u0440\u043a\u0438 \u0430\u0432\u0442\u043e\u043c\u043e\u0431\u0438\u043b\u044f CVH 3 Plus \u2013 \u043c\u043e\u0449\u043d\u044b\u0439 \u0438 \u0433\u043e\u0442\u043e\u0432\u044b\u0439 \u043a \u0438\u0441\u043f\u043e\u043b\u044c\u0437\u043e\u0432\u0430\u043d\u0438\u044e \u0432 \u043b\u044e\u0431\u043e\u0435 \u0432\u0440\u0435\u043c\u044f \u0438 \u0432 \u043b\u044e\u0431\u043e\u043c \u043c\u0435\u0441\u0442\u0435: \u043a\u043e\u043c\u043f\u0430\u043a\u0442\u043d\u044b\u0439 \u0440\u0443\u0447\u043d\u043e\u0439 \u0430\u0432\u0442\u043e\u043c\u043e\u0431\u0438\u043b\u044c\u043d\u044b\u0439 \u043f\u044b\u043b\u0435\u0441\u043e\u0441 CVH 2 Premium \u043b\u0435\u0433\u043a\u043e \u0443\u0434\u0430\u043b\u044f\u0435\u0442 \u0433\u0440\u044f\u0437\u044c \u0432 \u0433\u043e\u0441\u0442\u0438\u043d\u043e\u0439, \u0441\u043f\u0430\u043b\u044c\u043d\u0435 \u0438\u043b\u0438 \u0430\u0432\u0442\u043e\u043c\u043e\u0431\u0438\u043b\u0435.<\/p>","protected":false},"featured_media":14963,"comment_status":"open","ping_status":"closed","template":"","meta":[],"product_cat":[15,20,89,93],"product_tag":[],"class_list":{"0":"post-14962","1":"product","2":"type-product","3":"status-publish","4":"has-post-thumbnail","6":"product_cat-home-garden","7":"product_cat-mojki-vysokogo-davleniya","8":"product_cat-pylesosy","9":"product_cat-vertikalnye-pylesosy","11":"first","12":"outofstock","13":"shipping-taxable","14":"purchasable","15":"product-type-simple"},"_links":{"self":[{"href":"https:\/\/karchershop.az\/az\/wp-json\/wp\/v2\/product\/14962","targetHints":{"allow":["GET"]}}],"collection":[{"href":"https:\/\/karchershop.az\/az\/wp-json\/wp\/v2\/product"}],"about":[{"href":"https:\/\/karchershop.az\/az\/wp-json\/wp\/v2\/types\/product"}],"replies":[{"embeddable":true,"href":"https:\/\/karchershop.az\/az\/wp-json\/wp\/v2\/comments?post=14962"}],"wp:featuredmedia":[{"embeddable":true,"href":"https:\/\/karchershop.az\/az\/wp-json\/wp\/v2\/media\/14963"}],"wp:attachment":[{"href":"https:\/\/karchershop.az\/az\/wp-json\/wp\/v2\/media?parent=14962"}],"wp:term":[{"taxonomy":"product_cat","embeddable":true,"href":"https:\/\/karchershop.az\/az\/wp-json\/wp\/v2\/product_cat?post=14962"},{"taxonomy":"product_tag","embeddable":true,"href":"https:\/\/karchershop.az\/az\/wp-json\/wp\/v2\/product_tag?post=14962"}],"curies":[{"name":"wp","href":"https:\/\/api.w.org\/{rel}","templated":true}]}}