{"id":14987,"date":"2025-08-14T16:32:02","date_gmt":"2025-08-14T12:32:02","guid":{"rendered":"https:\/\/karchershop.az\/?post_type=product&#038;p=14987"},"modified":"2026-05-01T21:36:22","modified_gmt":"2026-05-01T17:36:22","slug":"sredstvo-dlya-moek-vysokogo-davleniya-rm-806-asf-20-l","status":"publish","type":"product","link":"https:\/\/karchershop.az\/az\/home-garden\/moyushhie-sredstva-karcher\/sredstvo-dlya-moek-vysokogo-davleniya-rm-806-asf-20-l","title":{"rendered":"Y\u00fcks\u0259k t\u0259zyiqli t\u0259mizl\u0259yici \u00fc\u00e7\u00fcn vasit\u0259 RM 806 ASF, 20 l"},"content":{"rendered":"<p>Avtomobill\u0259rin, kommersiya n\u0259qliyyat\u0131n\u0131n, motosikletl\u0259rin v\u0259 m\u00fch\u0259rrikl\u0259rin yuyulmas\u0131 \u00fc\u00e7\u00fcn universal \u015f\u0259kild\u0259 istifad\u0259 edil\u0259 bil\u0259r. G\u00fccl\u00fc VehiclePro High-Pressure Wash RM 806 vasit\u0259si \u00f6z\u00fcn\u0259xidm\u0259t stansiyalar\u0131nda istifad\u0259 \u00fc\u00e7\u00fcn n\u0259z\u0259rd\u0259 tutulub. T\u0259rkibind\u0259 NTA olmayan, y\u00fcks\u0259k t\u0259zyiqli yuma \u00fc\u00e7\u00fcn bu ultra-effektiv t\u0259mizl\u0259yici vasit\u0259 ya\u011f, piy, pal\u00e7\u0131q, h\u0259\u015f\u0259rat v\u0259 a\u011fac qatran\u0131 t\u0259r\u0259find\u0259n yaranan h\u0259tta \u0259n inadkar \u00e7irkl\u0259ri bel\u0259 h\u0259ll edir. O, ya\u011f ay\u0131r\u0131c\u0131da ya\u011f v\u0259 suyu s\u00fcr\u0259tl\u0259 ay\u0131r\u0131r, t\u0259rkibind\u0259ki EEC 648\/2004 standart\u0131na uy\u011fun bioloji par\u00e7alana bil\u0259n s\u0259thi-aktiv madd\u0259l\u0259r (SAM) is\u0259 n\u0259qliyyat vasit\u0259l\u0259rinin ekoloji c\u0259h\u0259td\u0259n t\u0259hl\u00fck\u0259siz yuyulmas\u0131na k\u00f6m\u0259k edir. Bundan \u0259lav\u0259, K\u00e4rcher-in VehiclePro seriyas\u0131ndan olan bu konsentrat y\u00fcks\u0259k q\u0259na\u0259tcilliyi il\u0259 se\u00e7ilir \u2014 bir litrl\u0259 60-a q\u0259d\u0259r avtomobil yumaq m\u00fcmk\u00fcnd\u00fcr.<\/p>","protected":false},"excerpt":{"rendered":"<p>Y\u00fcks\u0259k t\u0259zyiqli yuma \u00fc\u00e7\u00fcn konsentrat t\u0259mizl\u0259yici vasit\u0259. Ya\u011f, piy, h\u0259\u015f\u0259rat v\u0259 a\u011fac \u015fir\u0259sinin yaratd\u0131\u011f\u0131 \u0259n inadkar l\u0259k\u0259l\u0259ri bel\u0259 t\u0259mizl\u0259m\u0259k \u00fc\u00e7\u00fcn geni\u015f t\u0259tbiq sah\u0259si t\u0259klif edir. T\u0259rkibind\u0259 NTA yoxdur.<\/p>","protected":false},"featured_media":14988,"comment_status":"open","ping_status":"closed","template":"","meta":[],"product_cat":[15,186],"product_tag":[],"class_list":{"0":"post-14987","1":"product","2":"type-product","3":"status-publish","4":"has-post-thumbnail","6":"product_cat-home-garden","7":"product_cat-moyushhie-sredstva-karcher","9":"first","10":"instock","11":"shipping-taxable","12":"purchasable","13":"product-type-simple"},"_links":{"self":[{"href":"https:\/\/karchershop.az\/az\/wp-json\/wp\/v2\/product\/14987","targetHints":{"allow":["GET"]}}],"collection":[{"href":"https:\/\/karchershop.az\/az\/wp-json\/wp\/v2\/product"}],"about":[{"href":"https:\/\/karchershop.az\/az\/wp-json\/wp\/v2\/types\/product"}],"replies":[{"embeddable":true,"href":"https:\/\/karchershop.az\/az\/wp-json\/wp\/v2\/comments?post=14987"}],"wp:featuredmedia":[{"embeddable":true,"href":"https:\/\/karchershop.az\/az\/wp-json\/wp\/v2\/media\/14988"}],"wp:attachment":[{"href":"https:\/\/karchershop.az\/az\/wp-json\/wp\/v2\/media?parent=14987"}],"wp:term":[{"taxonomy":"product_cat","embeddable":true,"href":"https:\/\/karchershop.az\/az\/wp-json\/wp\/v2\/product_cat?post=14987"},{"taxonomy":"product_tag","embeddable":true,"href":"https:\/\/karchershop.az\/az\/wp-json\/wp\/v2\/product_tag?post=14987"}],"curies":[{"name":"wp","href":"https:\/\/api.w.org\/{rel}","templated":true}]}}