{"id":15090,"date":"2025-09-08T14:35:47","date_gmt":"2025-09-08T10:35:47","guid":{"rendered":"https:\/\/karchershop.az\/?post_type=product&#038;p=15090"},"modified":"2026-05-01T21:36:22","modified_gmt":"2026-05-01T17:36:22","slug":"fcv-3","status":"publish","type":"product","link":"https:\/\/karchershop.az\/az\/home-garden\/tehnika-dlya-vlazhnoj-uborki-pola\/fcv-3","title":{"rendered":"FCV 3"},"content":{"rendered":"<p>FCV 3 vertikal yuyucu tozsoran evinizd\u0259 parlaq t\u0259mizlik t\u0259min ed\u0259c\u0259k! \u0130nnovativ Xtra!Clean funksiyas\u0131 say\u0259sind\u0259 bu aparat 3 i\u015fi bird\u0259n g\u00f6r\u00fcr: d\u00f6\u015f\u0259m\u0259ni tozsoran kimi t\u0259mizl\u0259yir, ya\u015f \u00fcsulla yuyur v\u0259 \u00f6rt\u00fcy\u00fc qurudur. Onunla h\u0259m b\u0259rk s\u0259thl\u0259ri, h\u0259m d\u0259 xal\u00e7alar\u0131 asanl\u0131qla t\u0259mizl\u0259m\u0259k, h\u0259tta mayel\u0259ri bel\u0259 y\u0131\u011fmaq m\u00fcmk\u00fcnd\u00fcr. Bununla da t\u0259mizlik prosesi xeyli s\u00fcr\u0259tl\u0259nir \u2014 vaxt q\u0259na\u0259ti 50 %-\u0259* q\u0259d\u0259rdir.\n\n\u00dc\u00e7 rejim \u2014 standart su il\u0259 t\u0259mizlik, quru t\u0259mizlik v\u0259 g\u00fccl\u0259ndirilmi\u015f Advanced!Power*** rejimi \u2014 ist\u0259nil\u0259n \u00e7irkl\u0259nm\u0259ni aradan qald\u0131rma\u011fa z\u0259man\u0259t verir: toz, ev heyvanlar\u0131n\u0131n t\u00fckl\u0259ri v\u0259 ya inadkar l\u0259k\u0259l\u0259r. \u0130nnnovativ Hygienic!Spin texnologiyas\u0131 (f\u0131r\u00e7an\u0131n 500 d\u00f6vr\/d\u0259q f\u0131rlanmas\u0131 il\u0259) yaln\u0131z \u00fcst\u00fcn n\u0259tic\u0259 vermir, h\u0259m d\u0259 bakteriyalar\u0131n 99 %-d\u0259kini aradan qald\u0131raraq gigiyenik t\u0259mizlik yarad\u0131r.\n\nDavaml\u0131 akkumulyatorun enerjisi is\u0259 fasil\u0259siz (30 d\u0259qiq\u0259y\u0259d\u0259k) i\u015fl\u0259m\u0259y\u0259 imkan verir ki, bu da 130 m\u00b2-\u0259 q\u0259d\u0259r sah\u0259nin t\u0259mizl\u0259nm\u0259sini t\u0259min edir. \u00d6z\u00fcn\u00fc t\u0259mizl\u0259m\u0259 funksiyas\u0131 is\u0259 aparat\u0131 yuma\u011f\u0131 asanla\u015fd\u0131r\u0131r v\u0259 \u00e7irkl\u0259 t\u0259mas\u0131n qar\u015f\u0131s\u0131n\u0131 al\u0131r.<\/p>","protected":false},"excerpt":{"rendered":"<p>K\u00e4rcher-in FCV 3 vertikal yuyucu tozsoran\u0131 b\u0259rk d\u00f6\u015f\u0259m\u0259 \u00f6rt\u00fckl\u0259ri v\u0259 xal\u00e7alar\u0131n qulluq edilm\u0259si \u00fc\u00e7\u00fcn universal bir h\u0259ll yoludur. \u0130nnovativ Xtra!Clean \u00ab3-\u00fc 1-d\u0259\u00bb sistemi il\u0259 t\u0259chiz olunmu\u015f bu cihaz eyni anda tozsoranlay\u0131r, yuyur v\u0259 d\u00f6\u015f\u0259m\u0259ni qurudur \u2014 vaxt\u0131n\u0131za v\u0259 g\u00fcc\u00fcn\u00fcz\u0259 q\u0259na\u0259t edir. Bir d\u0259f\u0259 enerji y\u0131\u011fmaqla 30 d\u0259qiq\u0259y\u0259d\u0259k i\u015fl\u0259yir v\u0259 naqilsiz s\u0259rb\u0259st h\u0259r\u0259k\u0259t imkan\u0131 yarad\u0131r. Advanced!Power rejimind\u0259 is\u0259 FCV 3 \u0259n inadkar \u00e7irkl\u0259ri bel\u0259 effektiv \u015f\u0259kild\u0259 aradan qald\u0131r\u0131r. Evinizin g\u00fcnd\u0259lik q\u00fcsursuz t\u0259mizliyi \u00fc\u00e7\u00fcn etibarl\u0131 k\u00f6m\u0259k\u00e7inizdir.<\/p>","protected":false},"featured_media":15091,"comment_status":"open","ping_status":"closed","template":"","meta":[],"product_cat":[15,181],"product_tag":[],"class_list":{"0":"post-15090","1":"product","2":"type-product","3":"status-publish","4":"has-post-thumbnail","6":"product_cat-home-garden","7":"product_cat-tehnika-dlya-vlazhnoj-uborki-pola","9":"first","10":"instock","11":"sale","12":"shipping-taxable","13":"purchasable","14":"product-type-simple"},"_links":{"self":[{"href":"https:\/\/karchershop.az\/az\/wp-json\/wp\/v2\/product\/15090","targetHints":{"allow":["GET"]}}],"collection":[{"href":"https:\/\/karchershop.az\/az\/wp-json\/wp\/v2\/product"}],"about":[{"href":"https:\/\/karchershop.az\/az\/wp-json\/wp\/v2\/types\/product"}],"replies":[{"embeddable":true,"href":"https:\/\/karchershop.az\/az\/wp-json\/wp\/v2\/comments?post=15090"}],"wp:featuredmedia":[{"embeddable":true,"href":"https:\/\/karchershop.az\/az\/wp-json\/wp\/v2\/media\/15091"}],"wp:attachment":[{"href":"https:\/\/karchershop.az\/az\/wp-json\/wp\/v2\/media?parent=15090"}],"wp:term":[{"taxonomy":"product_cat","embeddable":true,"href":"https:\/\/karchershop.az\/az\/wp-json\/wp\/v2\/product_cat?post=15090"},{"taxonomy":"product_tag","embeddable":true,"href":"https:\/\/karchershop.az\/az\/wp-json\/wp\/v2\/product_tag?post=15090"}],"curies":[{"name":"wp","href":"https:\/\/api.w.org\/{rel}","templated":true}]}}