{"id":15123,"date":"2025-09-16T11:46:55","date_gmt":"2025-09-16T07:46:55","guid":{"rendered":"https:\/\/karchershop.az\/?post_type=product&#038;p=15123"},"modified":"2026-05-01T21:36:23","modified_gmt":"2026-05-01T17:36:23","slug":"cvh-anniversary-edition","status":"publish","type":"product","link":"https:\/\/karchershop.az\/az\/home-garden\/pylesosy\/akkumulyatornye-pylesosy\/cvh-anniversary-edition","title":{"rendered":"CVH Anniversary Edition"},"content":{"rendered":"<p>Etibarl\u0131 g\u00fcnd\u0259lik k\u00f6m\u0259k\u00e7i: CVH Anniversary Edition akkumulyatorlu \u0259l tozsoran\u0131 sa\u00e7, q\u0131r\u0131nt\u0131 v\u0259 toz kimi b\u00fct\u00fcn n\u00f6v \u00e7irkl\u0259ri h\u0259r c\u00fcr s\u0259thd\u0259n v\u0259 h\u0259tta dar yerl\u0259rd\u0259n d\u0259 effektiv v\u0259 izsiz t\u0259mizl\u0259yir.\n\n2-m\u0259rh\u0259l\u0259li yuyula bil\u0259n filtrasiya sistemi iri tullant\u0131lar v\u0259 sa\u00e7lar \u00fc\u00e7\u00fcn inc\u0259 polad tor v\u0259 \u00e7\u0131x\u0131\u015fda x\u00fcsusil\u0259 t\u0259miz hava t\u0259min ed\u0259n HEPA filtrl\u0259 (EN 1822:1998) t\u0259chiz olunub.\n\n\u018flav\u0259 \u00fcst\u00fcnl\u00fckl\u0259r: y\u00fcks\u0259k sovurma g\u00fcc\u00fc v\u0259 daha uzun xidm\u0259t m\u00fcdd\u0259ti t\u0259min ed\u0259n s\u0259ssiz BLDC m\u00fch\u0259rriki, kompakt v\u0259 y\u00fcng\u00fcl qurulu\u015f, 2 s\u0259viyy\u0259li sovurma rejimi v\u0259 20 d\u0259qiq\u0259y\u0259d\u0259k m\u00fcst\u0259qil i\u015fl\u0259m\u0259 m\u00fcdd\u0259ti.\n\nUSB-C vasit\u0259sil\u0259 rahat doldurma funksiyas\u0131 say\u0259sind\u0259 tozsoran avtomobill\u0259rd\u0259, h\u0259m\u00e7inin kamp v\u0259 qo\u015fqu evl\u0259rind\u0259 istifad\u0259d\u0259 \u0259v\u0259zolunmazd\u0131r.<\/p>","protected":false},"excerpt":{"rendered":"<p>Y\u00fcks\u0259k sovurma g\u00fcc\u00fcn\u0259 malik v\u0259 akkumulyatoru, h\u0259m\u00e7inin USB-C vasit\u0259sil\u0259 doldurulma funksiyas\u0131 say\u0259sind\u0259 ist\u0259nil\u0259n an i\u015fl\u0259m\u0259y\u0259 haz\u0131r: universal \u0259l tozsoran\u0131 CVH Anniversary Edition il\u0259 n\u0259 evd\u0259, n\u0259 d\u0259 avtomobil s\u0259yah\u0259ti zaman\u0131 \u00e7irk art\u0131q problem deyil.<\/p>","protected":false},"featured_media":15124,"comment_status":"open","ping_status":"closed","template":"","meta":[],"product_cat":[15,89,94],"product_tag":[],"class_list":{"0":"post-15123","1":"product","2":"type-product","3":"status-publish","4":"has-post-thumbnail","6":"product_cat-home-garden","7":"product_cat-pylesosy","8":"product_cat-akkumulyatornye-pylesosy","10":"first","11":"outofstock","12":"shipping-taxable","13":"purchasable","14":"product-type-simple"},"_links":{"self":[{"href":"https:\/\/karchershop.az\/az\/wp-json\/wp\/v2\/product\/15123","targetHints":{"allow":["GET"]}}],"collection":[{"href":"https:\/\/karchershop.az\/az\/wp-json\/wp\/v2\/product"}],"about":[{"href":"https:\/\/karchershop.az\/az\/wp-json\/wp\/v2\/types\/product"}],"replies":[{"embeddable":true,"href":"https:\/\/karchershop.az\/az\/wp-json\/wp\/v2\/comments?post=15123"}],"wp:featuredmedia":[{"embeddable":true,"href":"https:\/\/karchershop.az\/az\/wp-json\/wp\/v2\/media\/15124"}],"wp:attachment":[{"href":"https:\/\/karchershop.az\/az\/wp-json\/wp\/v2\/media?parent=15123"}],"wp:term":[{"taxonomy":"product_cat","embeddable":true,"href":"https:\/\/karchershop.az\/az\/wp-json\/wp\/v2\/product_cat?post=15123"},{"taxonomy":"product_tag","embeddable":true,"href":"https:\/\/karchershop.az\/az\/wp-json\/wp\/v2\/product_tag?post=15123"}],"curies":[{"name":"wp","href":"https:\/\/api.w.org\/{rel}","templated":true}]}}