{"id":15177,"date":"2025-10-01T14:11:57","date_gmt":"2025-10-01T10:11:57","guid":{"rendered":"https:\/\/karchershop.az\/?post_type=product&#038;p=15177"},"modified":"2026-05-01T21:36:23","modified_gmt":"2026-05-01T17:36:23","slug":"sredstvo-dlya-ochistki-kamnya-i-fasadov-plug-n-clean-3-v-1-rm-611-1l","status":"publish","type":"product","link":"https:\/\/karchershop.az\/az\/home-garden\/moyushhie-sredstva-karcher\/sredstvo-dlya-ochistki-kamnya-i-fasadov-plug-n-clean-3-v-1-rm-611-1l","title":{"rendered":"Da\u015f v\u0259 fasad t\u0259mizl\u0259yicisi Plug \u2018n\u2019 Clean 3-\u00fc 1-d\u0259 RM 611, 1L"},"content":{"rendered":"","protected":false},"excerpt":{"rendered":"<p>Da\u015f v\u0259 fasad t\u0259mizl\u0259yicisi Plug \u2018n\u2019 Clean 3-\u00fc 1-d\u0259 RM 611, 1L aktiv t\u0259mizl\u0259yici vasit\u0259 v\u0259 a\u015f\u0131nmadan, mam\u0131r v\u0259 yosunlar\u0131n b\u00f6y\u00fcm\u0259sind\u0259n qoruyan komponentl\u0259r daxil olmaqla, unikal 3-\u00fc 1-d\u0259 formulaya malik intensiv da\u015f s\u0259th t\u0259mizl\u0259yicisi. Eyni vaxtda t\u0259mizl\u0259nm\u0259, qulluq v\u0259 qoruma t\u0259min edir.<\/p>","protected":false},"featured_media":15178,"comment_status":"open","ping_status":"closed","template":"","meta":[],"product_cat":[15,186],"product_tag":[],"class_list":{"0":"post-15177","1":"product","2":"type-product","3":"status-publish","4":"has-post-thumbnail","6":"product_cat-home-garden","7":"product_cat-moyushhie-sredstva-karcher","9":"first","10":"instock","11":"shipping-taxable","12":"purchasable","13":"product-type-simple"},"_links":{"self":[{"href":"https:\/\/karchershop.az\/az\/wp-json\/wp\/v2\/product\/15177","targetHints":{"allow":["GET"]}}],"collection":[{"href":"https:\/\/karchershop.az\/az\/wp-json\/wp\/v2\/product"}],"about":[{"href":"https:\/\/karchershop.az\/az\/wp-json\/wp\/v2\/types\/product"}],"replies":[{"embeddable":true,"href":"https:\/\/karchershop.az\/az\/wp-json\/wp\/v2\/comments?post=15177"}],"wp:featuredmedia":[{"embeddable":true,"href":"https:\/\/karchershop.az\/az\/wp-json\/wp\/v2\/media\/15178"}],"wp:attachment":[{"href":"https:\/\/karchershop.az\/az\/wp-json\/wp\/v2\/media?parent=15177"}],"wp:term":[{"taxonomy":"product_cat","embeddable":true,"href":"https:\/\/karchershop.az\/az\/wp-json\/wp\/v2\/product_cat?post=15177"},{"taxonomy":"product_tag","embeddable":true,"href":"https:\/\/karchershop.az\/az\/wp-json\/wp\/v2\/product_tag?post=15177"}],"curies":[{"name":"wp","href":"https:\/\/api.w.org\/{rel}","templated":true}]}}