{"id":15294,"date":"2025-10-27T13:26:08","date_gmt":"2025-10-27T09:26:08","guid":{"rendered":"https:\/\/karchershop.az\/?post_type=product&#038;p=15294"},"modified":"2026-05-01T21:36:24","modified_gmt":"2026-05-01T17:36:24","slug":"se-2-spot-care","status":"publish","type":"product","link":"https:\/\/karchershop.az\/az\/home-garden\/pylesosy\/moyushhie-pylesosy\/se-2-spot-care","title":{"rendered":"SE 2 Spot Care EU"},"content":{"rendered":"<p>Rahat SE 2 Spot Care sprey tozsoran\u0131, mebel v\u0259 tekstild\u0259n l\u0259k\u0259l\u0259rin d\u0259rhal v\u0259 m\u0259qs\u0259dy\u00f6nl\u00fc \u015f\u0259kild\u0259 t\u0259mizl\u0259nm\u0259si \u00fc\u00e7\u00fcn m\u00fck\u0259mm\u0259l vasit\u0259dir. \u0130st\u0259r yem\u0259k, ist\u0259rs\u0259 d\u0259 i\u00e7ki l\u0259k\u0259l\u0259ri olsun, SE 2 Spot Care \u00e7irk v\u0259 qoxular\u0131 tez v\u0259 effektiv \u015f\u0259kild\u0259 t\u0259mizl\u0259yir. Kompakt dizayn\u0131 onu idar\u0259 etm\u0259yi x\u00fcsusil\u0259 asanla\u015fd\u0131r\u0131r v\u0259 saxland\u0131qda az yer tutur, g\u00f6zl\u0259nilm\u0259z l\u0259k\u0259l\u0259r hal\u0131nda h\u0259mi\u015f\u0259 istifad\u0259y\u0259 haz\u0131r olmas\u0131n\u0131 t\u0259min edir. Geni\u015f 4,5 metrlik kabelin uzun \u0259li elastik t\u0259mizl\u0259nm\u0259ni t\u0259min edir. Cihazdak\u0131 praktik aksesuar saxlama yeri b\u00fct\u00fcn \u0259lav\u0259l\u0259rin h\u0259mi\u015f\u0259 \u0259l\u00e7atan v\u0259 istifad\u0259y\u0259 haz\u0131r olmas\u0131n\u0131 t\u0259min edir. D\u0259st\u0259 l\u0259k\u0259 f\u0131r\u00e7as\u0131, mebel ba\u015fl\u0131\u011f\u0131 v\u0259 t\u0259mizl\u0259yici m\u0259hlul daxildir.<\/p>","protected":false},"excerpt":{"rendered":"<p>Kompakt v\u0259 istifad\u0259si asan SE 2 Spot Care tozsoran\u0131 mebel v\u0259 tekstil m\u0259hsullar\u0131ndan l\u0259k\u0259l\u0259ri v\u0259 kirl\u0259ri tez v\u0259 d\u0259qiq t\u0259mizl\u0259m\u0259k \u00fc\u00e7\u00fcn ideal k\u00f6m\u0259k\u00e7idir.<\/p>","protected":false},"featured_media":15963,"comment_status":"open","ping_status":"closed","template":"","meta":[],"product_cat":[15,89,96],"product_tag":[],"class_list":{"0":"post-15294","1":"product","2":"type-product","3":"status-publish","4":"has-post-thumbnail","6":"product_cat-home-garden","7":"product_cat-pylesosy","8":"product_cat-moyushhie-pylesosy","10":"first","11":"outofstock","12":"shipping-taxable","13":"purchasable","14":"product-type-simple"},"_links":{"self":[{"href":"https:\/\/karchershop.az\/az\/wp-json\/wp\/v2\/product\/15294","targetHints":{"allow":["GET"]}}],"collection":[{"href":"https:\/\/karchershop.az\/az\/wp-json\/wp\/v2\/product"}],"about":[{"href":"https:\/\/karchershop.az\/az\/wp-json\/wp\/v2\/types\/product"}],"replies":[{"embeddable":true,"href":"https:\/\/karchershop.az\/az\/wp-json\/wp\/v2\/comments?post=15294"}],"wp:featuredmedia":[{"embeddable":true,"href":"https:\/\/karchershop.az\/az\/wp-json\/wp\/v2\/media\/15963"}],"wp:attachment":[{"href":"https:\/\/karchershop.az\/az\/wp-json\/wp\/v2\/media?parent=15294"}],"wp:term":[{"taxonomy":"product_cat","embeddable":true,"href":"https:\/\/karchershop.az\/az\/wp-json\/wp\/v2\/product_cat?post=15294"},{"taxonomy":"product_tag","embeddable":true,"href":"https:\/\/karchershop.az\/az\/wp-json\/wp\/v2\/product_tag?post=15294"}],"curies":[{"name":"wp","href":"https:\/\/api.w.org\/{rel}","templated":true}]}}