{"id":15361,"date":"2025-11-05T15:10:34","date_gmt":"2025-11-05T11:10:34","guid":{"rendered":"https:\/\/karchershop.az\/?post_type=product&#038;p=15361"},"modified":"2026-05-01T21:36:24","modified_gmt":"2026-05-01T17:36:24","slug":"poroshkovoe-sredstvo-dlya-chistki-kovrov-carpetpro-rm-760-classic-10kg","status":"publish","type":"product","link":"https:\/\/karchershop.az\/az\/home-garden\/moyushhie-sredstva-karcher\/poroshkovoe-sredstvo-dlya-chistki-kovrov-carpetpro-rm-760-classic-10kg","title":{"rendered":"Xal\u00e7a t\u0259mizl\u0259yici toz CarpetPro RM 760 Classic, 10 kq"},"content":{"rendered":"<p>Binalarda pe\u015f\u0259kar t\u0259mizl\u0259m\u0259 \u00fc\u00e7\u00fcn s\u00fcbut olunmu\u015f toz m\u0259hsulu: xal\u00e7a t\u0259mizl\u0259yicisi\u00a0<span class=\"fix-spelling\">CarpetPro<\/span>\u00a0\u0130ki m\u0259rh\u0259l\u0259li \u00e7\u0131xarma metodundan istifad\u0259 ed\u0259n RM 760 Classic, h\u0259m RM 760 Classic, h\u0259m d\u0259 RM 760 Classic seriyal\u0131 ya\u015f\/quru tozsoranlarda istifad\u0259 \u00fc\u00e7\u00fcn uy\u011fundur.\u00a0<span class=\"fix-spelling\">Xal\u00e7a yuma aparat\u0131<\/span>, el\u0259c\u0259 d\u0259 xal\u00e7a t\u0259mizl\u0259yici ma\u015f\u0131nlarda istifad\u0259 olunur v\u0259 \u0259la t\u0259mizlik n\u0259tic\u0259l\u0259ri verir. T\u0259mizl\u0259yici vasit\u0259\u00a0<span class=\"fix-spelling\">CarpetPro<\/span>\u00a0RM 760 Classic xal\u00e7alardan v\u0259 dig\u0259r tekstil s\u0259thl\u0259rind\u0259n ya\u011f, piy v\u0259 mineral l\u0259k\u0259l\u0259rini tamamil\u0259 t\u0259mizl\u0259yir. Toz formulu asan v\u0259 t\u0259hl\u00fck\u0259siz istifad\u0259ni, el\u0259c\u0259 d\u0259 d\u0259qiq dozan\u0131 t\u0259min edir. M\u0259hsul s\u0259thl\u0259rin tez bir zamanda yenid\u0259n \u00e7irkl\u0259nm\u0259sinin qar\u015f\u0131s\u0131n\u0131 al\u0131r.<\/p>","protected":false},"excerpt":{"rendered":"<p>Tozsoranla tekstil \u00f6rt\u00fckl\u0259rinin, divar \u00f6rt\u00fckl\u0259rinin v\u0259 yum\u015faq mebell\u0259rin (qar\u0131\u015f\u0131q v\u0259 sintetik lifl\u0259rd\u0259n olanlar da daxil olmaqla) \u00fcmumi t\u0259mizl\u0259nm\u0259si \u00fc\u00e7\u00fcn toz hal\u0131nda m\u0259hsul<\/p>","protected":false},"featured_media":15362,"comment_status":"open","ping_status":"closed","template":"","meta":[],"product_cat":[15,186],"product_tag":[],"class_list":{"0":"post-15361","1":"product","2":"type-product","3":"status-publish","4":"has-post-thumbnail","6":"product_cat-home-garden","7":"product_cat-moyushhie-sredstva-karcher","9":"first","10":"instock","11":"shipping-taxable","12":"purchasable","13":"product-type-simple"},"_links":{"self":[{"href":"https:\/\/karchershop.az\/az\/wp-json\/wp\/v2\/product\/15361","targetHints":{"allow":["GET"]}}],"collection":[{"href":"https:\/\/karchershop.az\/az\/wp-json\/wp\/v2\/product"}],"about":[{"href":"https:\/\/karchershop.az\/az\/wp-json\/wp\/v2\/types\/product"}],"replies":[{"embeddable":true,"href":"https:\/\/karchershop.az\/az\/wp-json\/wp\/v2\/comments?post=15361"}],"wp:featuredmedia":[{"embeddable":true,"href":"https:\/\/karchershop.az\/az\/wp-json\/wp\/v2\/media\/15362"}],"wp:attachment":[{"href":"https:\/\/karchershop.az\/az\/wp-json\/wp\/v2\/media?parent=15361"}],"wp:term":[{"taxonomy":"product_cat","embeddable":true,"href":"https:\/\/karchershop.az\/az\/wp-json\/wp\/v2\/product_cat?post=15361"},{"taxonomy":"product_tag","embeddable":true,"href":"https:\/\/karchershop.az\/az\/wp-json\/wp\/v2\/product_tag?post=15361"}],"curies":[{"name":"wp","href":"https:\/\/api.w.org\/{rel}","templated":true}]}}