{"id":15548,"date":"2025-12-22T14:03:56","date_gmt":"2025-12-22T10:03:56","guid":{"rendered":"https:\/\/karchershop.az\/?post_type=product&#038;p=15548"},"modified":"2026-05-01T21:36:24","modified_gmt":"2026-05-01T17:36:24","slug":"air-purifier-af-50","status":"publish","type":"product","link":"https:\/\/karchershop.az\/az\/home-garden\/vozduhoochistitel-home-garden\/air-purifier-af-50","title":{"rendered":"AF 50"},"content":{"rendered":"<div class=\"flex flex-col text-sm pb-25\">\n<article class=\"text-token-text-primary w-full focus:outline-none [--shadow-height:45px] has-data-writing-block:pointer-events-none has-data-writing-block:-mt-(--shadow-height) has-data-writing-block:pt-(--shadow-height) [&amp;:has([data-writing-block])&gt;*]:pointer-events-auto scroll-mt-[calc(var(--header-height)+min(200px,max(70px,20svh)))]\" dir=\"auto\" tabindex=\"-1\" data-turn-id=\"request-WEB:133eca9d-6354-4b52-9d2e-02c924ed70ae-1\" data-testid=\"conversation-turn-4\" data-scroll-anchor=\"true\" data-turn=\"assistant\">\n<div class=\"text-base my-auto mx-auto pb-10 [--thread-content-margin:--spacing(4)] @w-sm\/main:[--thread-content-margin:--spacing(6)] @w-lg\/main:[--thread-content-margin:--spacing(16)] px-(--thread-content-margin)\">\n<div class=\"[--thread-content-max-width:40rem] @w-lg\/main:[--thread-content-max-width:48rem] mx-auto max-w-(--thread-content-max-width) flex-1 group\/turn-messages focus-visible:outline-hidden relative flex w-full min-w-0 flex-col agent-turn\" tabindex=\"-1\">\n<div class=\"flex max-w-full flex-col grow\">\n<div class=\"min-h-8 text-message relative flex w-full flex-col items-end gap-2 text-start break-words whitespace-normal [.text-message+&amp;]:mt-1\" dir=\"auto\" data-message-author-role=\"assistant\" data-message-id=\"e6727f41-759d-45a3-964f-254205cf7116\" data-message-model-slug=\"gpt-5-2\">\n<div class=\"flex w-full flex-col gap-1 empty:hidden first:pt-[1px]\">\n<div class=\"markdown prose dark:prose-invert w-full break-words dark markdown-new-styling\">\n<p data-start=\"0\" data-end=\"487\">\u0418\u0434\u0435\u0430\u043b\u044c\u043d\u043e\u0435 \u0440\u0435\u0448\u0435\u043d\u0438\u0435 \u0434\u043b\u044f \u043e\u0447\u0438\u0441\u0442\u043a\u0438 \u0432\u043e\u0437\u0434\u0443\u0445\u0430 \u0432 \u0431\u043e\u043b\u044c\u0448\u0438\u0445 \u043f\u043e\u043c\u0435\u0449\u0435\u043d\u0438\u044f\u0445, \u0433\u043e\u0441\u0442\u0438\u043d\u044b\u0445 \u0438 \u0440\u0430\u0431\u043e\u0447\u0438\u0445 \u0437\u043e\u043d\u0430\u0445: \u043e\u0447\u0438\u0441\u0442\u0438\u0442\u0435\u043b\u044c \u0432\u043e\u0437\u0434\u0443\u0445\u0430 AF 50 \u043e\u0447\u0438\u0449\u0430\u0435\u0442 \u0432\u043e\u0437\u0434\u0443\u0445 \u0432 \u043f\u043e\u043c\u0435\u0449\u0435\u043d\u0438\u0438 \u043e\u0442 \u0430\u043b\u043b\u0435\u0440\u0433\u0435\u043d\u043e\u0432, \u0437\u0430\u0433\u0440\u044f\u0437\u043d\u044f\u044e\u0449\u0438\u0445 \u0432\u0435\u0449\u0435\u0441\u0442\u0432 \u0438 \u043f\u0430\u0442\u043e\u0433\u0435\u043d\u043e\u0432 \u0431\u043b\u0430\u0433\u043e\u0434\u0430\u0440\u044f \u043c\u043d\u043e\u0433\u043e\u0441\u043b\u043e\u0439\u043d\u043e\u0439 \u0441\u0438\u0441\u0442\u0435\u043c\u0435 \u0444\u0438\u043b\u044c\u0442\u0440\u0430\u0446\u0438\u0438. \u0421\u0440\u0435\u0434\u0438 \u0434\u043e\u043f\u043e\u043b\u043d\u0438\u0442\u0435\u043b\u044c\u043d\u044b\u0445 \u0444\u0443\u043d\u043a\u0446\u0438\u0439 \u2014 \u043d\u0430\u043f\u043e\u043b\u043d\u0435\u043d\u0438\u0435 \u0438\u0437 \u0430\u043a\u0442\u0438\u0432\u0438\u0440\u043e\u0432\u0430\u043d\u043d\u043e\u0433\u043e \u0443\u0433\u043b\u044f, \u0434\u0438\u0441\u043f\u043b\u0435\u0439 \u0441 \u0430\u043b\u0444\u0430\u0432\u0438\u0442\u043d\u043e-\u0446\u0438\u0444\u0440\u043e\u0432\u043e\u0439 \u0438\u043d\u0434\u0438\u043a\u0430\u0446\u0438\u0435\u0439 \u043a\u0430\u0447\u0435\u0441\u0442\u0432\u0430 \u0432\u043e\u0437\u0434\u0443\u0445\u0430 \u043f\u043e \u043a\u043e\u043d\u0446\u0435\u043d\u0442\u0440\u0430\u0446\u0438\u0438 \u0447\u0430\u0441\u0442\u0438\u0446 PM2.5 \u0432 \u043c\u043a\u0433\/\u043c\u00b3, \u0446\u0432\u0435\u0442\u043e\u0432\u0430\u044f \u0438\u043d\u0434\u0438\u043a\u0430\u0446\u0438\u044f \u043a\u0430\u0447\u0435\u0441\u0442\u0432\u0430 \u0432\u043e\u0437\u0434\u0443\u0445\u0430, \u0430 \u0442\u0430\u043a\u0436\u0435 \u043e\u0442\u043e\u0431\u0440\u0430\u0436\u0435\u043d\u0438\u0435 \u0442\u0435\u043c\u043f\u0435\u0440\u0430\u0442\u0443\u0440\u044b \u0438 \u043e\u0442\u043d\u043e\u0441\u0438\u0442\u0435\u043b\u044c\u043d\u043e\u0439 \u0432\u043b\u0430\u0436\u043d\u043e\u0441\u0442\u0438.<\/p>\n<p data-start=\"489\" data-end=\"1028\" data-is-last-node=\"\" data-is-only-node=\"\">\u041e\u0447\u0438\u0441\u0442\u0438\u0442\u0435\u043b\u044c \u0432\u043e\u0437\u0434\u0443\u0445\u0430 \u0442\u0430\u043a\u0436\u0435 \u044f\u0432\u043b\u044f\u0435\u0442\u0441\u044f \u043e\u0442\u043b\u0438\u0447\u043d\u044b\u043c \u0432\u044b\u0431\u043e\u0440\u043e\u043c \u0431\u043b\u0430\u0433\u043e\u0434\u0430\u0440\u044f \u043d\u0430\u043b\u0438\u0447\u0438\u044e \u0442\u0430\u0439\u043c\u0435\u0440\u0430, \u0431\u043b\u043e\u043a\u0438\u0440\u043e\u0432\u043a\u0438 \u043e\u0442 \u0434\u0435\u0442\u0435\u0439, \u043d\u043e\u0447\u043d\u043e\u0433\u043e \u0440\u0435\u0436\u0438\u043c\u0430 \u0438 \u0441\u0432\u0435\u0440\u0445\u0442\u0438\u0445\u043e\u0439 \u0440\u0430\u0431\u043e\u0442\u0435, \u0430 \u0442\u0430\u043a\u0436\u0435 \u044d\u0444\u0444\u0435\u043a\u0442\u0438\u0432\u043d\u043e\u0441\u0442\u0438 \u0444\u0438\u043b\u044c\u0442\u0440\u0430\u0446\u0438\u0438 99,95 % \u0434\u043b\u044f \u0447\u0430\u0441\u0442\u0438\u0446 \u0440\u0430\u0437\u043c\u0435\u0440\u043e\u043c 0,3 \u043c\u043a\u043c \u0438 \u0432\u044b\u0441\u043e\u043a\u043e\u043a\u0430\u0447\u0435\u0441\u0442\u0432\u0435\u043d\u043d\u043e\u043c\u0443 \u043b\u0430\u0437\u0435\u0440\u043d\u043e\u043c\u0443 \u0434\u0430\u0442\u0447\u0438\u043a\u0443 \u0434\u043b\u044f \u0430\u0432\u0442\u043e\u043c\u0430\u0442\u0438\u0447\u0435\u0441\u043a\u043e\u0433\u043e \u0440\u0435\u0436\u0438\u043c\u0430. \u042d\u0442\u043e \u043e\u0437\u043d\u0430\u0447\u0430\u0435\u0442, \u0447\u0442\u043e \u0432 \u0430\u0432\u0442\u043e\u043c\u0430\u0442\u0438\u0447\u0435\u0441\u043a\u043e\u043c \u0440\u0435\u0436\u0438\u043c\u0435 \u0438 \u0443\u0440\u043e\u0432\u0435\u043d\u044c \u043f\u0440\u043e\u0438\u0437\u0432\u043e\u0434\u0438\u0442\u0435\u043b\u044c\u043d\u043e\u0441\u0442\u0438 \u0430\u0432\u0442\u043e\u043c\u0430\u0442\u0438\u0447\u0435\u0441\u043a\u0438 \u043f\u043e\u0434\u0441\u0442\u0440\u0430\u0438\u0432\u0430\u044e\u0442\u0441\u044f \u043f\u043e\u0434 \u0441\u0442\u0435\u043f\u0435\u043d\u044c \u0437\u0430\u0433\u0440\u044f\u0437\u043d\u0435\u043d\u0438\u044f \u0432\u043e\u0437\u0434\u0443\u0445\u0430. \u041a\u0440\u043e\u043c\u0435 \u0442\u043e\u0433\u043e, \u0441\u0440\u043e\u043a \u0441\u043b\u0443\u0436\u0431\u044b \u0444\u0438\u043b\u044c\u0442\u0440\u0430 \u0441\u043e\u0441\u0442\u0430\u0432\u043b\u044f\u0435\u0442 \u043e\u043a\u043e\u043b\u043e \u043e\u0434\u043d\u043e\u0433\u043e \u0433\u043e\u0434\u0430 \u0438 \u0437\u0430\u0432\u0438\u0441\u0438\u0442 \u043e\u0442 \u0443\u0440\u043e\u0432\u043d\u044f \u0437\u0430\u0433\u0440\u044f\u0437\u043d\u0451\u043d\u043d\u043e\u0441\u0442\u0438 \u0432\u043e\u0437\u0434\u0443\u0445\u0430 \u0438 \u0438\u043d\u0442\u0435\u043d\u0441\u0438\u0432\u043d\u043e\u0441\u0442\u0438 \u0438\u0441\u043f\u043e\u043b\u044c\u0437\u043e\u0432\u0430\u043d\u0438\u044f.<\/p>\n<\/div>\n<\/div>\n<\/div>\n<\/div>\n<div class=\"z-0 flex min-h-[46px] justify-start\"><\/div>\n<div class=\"mt-3 w-full empty:hidden\">\n<div class=\"text-center\"><\/div>\n<\/div>\n<\/div>\n<\/div>\n<\/article>\n<\/div>\n<div class=\"pointer-events-none h-px w-px absolute bottom-0\" aria-hidden=\"true\" data-edge=\"true\"><\/div>\n","protected":false},"excerpt":{"rendered":"<p>AF 50 hava t\u0259mizl\u0259yicisi lazer sensor texnologiyas\u0131, avtomatik rejim, displey, H13 s\u0259viyy\u0259li filtr v\u0259 aktivl\u0259\u015fdirilmi\u015f k\u00f6m\u00fcr filtri il\u0259 50\u201365 m\u00b2 sah\u0259li otaqlarda patogenl\u0259ri, inc\u0259 tozu, allergenl\u0259ri v\u0259 pis qoxular\u0131 aradan qald\u0131r\u0131r.<\/p>","protected":false},"featured_media":15549,"comment_status":"open","ping_status":"closed","template":"","meta":[],"product_cat":[15,573],"product_tag":[],"class_list":{"0":"post-15548","1":"product","2":"type-product","3":"status-publish","4":"has-post-thumbnail","6":"product_cat-home-garden","7":"product_cat-vozduhoochistitel-home-garden","9":"first","10":"instock","11":"shipping-taxable","12":"purchasable","13":"product-type-simple"},"_links":{"self":[{"href":"https:\/\/karchershop.az\/az\/wp-json\/wp\/v2\/product\/15548","targetHints":{"allow":["GET"]}}],"collection":[{"href":"https:\/\/karchershop.az\/az\/wp-json\/wp\/v2\/product"}],"about":[{"href":"https:\/\/karchershop.az\/az\/wp-json\/wp\/v2\/types\/product"}],"replies":[{"embeddable":true,"href":"https:\/\/karchershop.az\/az\/wp-json\/wp\/v2\/comments?post=15548"}],"wp:featuredmedia":[{"embeddable":true,"href":"https:\/\/karchershop.az\/az\/wp-json\/wp\/v2\/media\/15549"}],"wp:attachment":[{"href":"https:\/\/karchershop.az\/az\/wp-json\/wp\/v2\/media?parent=15548"}],"wp:term":[{"taxonomy":"product_cat","embeddable":true,"href":"https:\/\/karchershop.az\/az\/wp-json\/wp\/v2\/product_cat?post=15548"},{"taxonomy":"product_tag","embeddable":true,"href":"https:\/\/karchershop.az\/az\/wp-json\/wp\/v2\/product_tag?post=15548"}],"curies":[{"name":"wp","href":"https:\/\/api.w.org\/{rel}","templated":true}]}}