{"id":15564,"date":"2025-12-24T12:24:06","date_gmt":"2025-12-24T08:24:06","guid":{"rendered":"https:\/\/karchershop.az\/?post_type=product&#038;p=15564"},"modified":"2026-05-01T21:36:25","modified_gmt":"2026-05-01T17:36:25","slug":"oc-3-foldable","status":"publish","type":"product","link":"https:\/\/karchershop.az\/az\/home-garden\/mojki-vysokogo-davleniya\/oc-3-foldable","title":{"rendered":"OC 3 Foldable"},"content":{"rendered":"<p>S\u0259yah\u0259t zaman\u0131 t\u0259mizlik \u00fc\u00e7\u00fcn saxlanma v\u0259 da\u015f\u0131nma zaman\u0131 \u00e7ox az yer tutan h\u0259ll axtaran h\u0259r k\u0259s \u00fc\u00e7\u00fcn: su \u00e7\u0259ni s\u00fcr\u0259tl\u0259 minimum \u00f6l\u00e7\u00fcl\u0259r\u0259 q\u0259d\u0259r qatlanma\u011fa imkan ver\u0259n konstruksiyaya malik y\u00fcng\u00fcl v\u0259 y\u0131\u011fcam K\u00e4rcher OC 3 Foldable portativ yuma aparat\u0131.\n\nLitium-ion akkumulyatoru say\u0259sind\u0259 bu cihaz elektrik \u015f\u0259b\u0259k\u0259sin\u0259 qo\u015fulma t\u0259l\u0259b etmir v\u0259 uzun haz\u0131rl\u0131q olmadan ist\u0259nil\u0259n yerd\u0259 istifad\u0259 oluna bil\u0259r \u2013 sad\u0259c\u0259 \u00e7\u0259n\u0259 su doldurmaq kifay\u0259tdir. LED indikator akkumulyatorun doluluq v\u0259ziyy\u0259ti haqq\u0131nda m\u0259lumat verir, 1,8 m uzunlu\u011funda elastik \u015flanq is\u0259 h\u0259r\u0259k\u0259t \u00fc\u00e7\u00fcn optimal s\u0259rb\u0259stlik t\u0259min edir.\n\nKempinqd\u0259, velosiped g\u0259zintisind\u0259n sonra v\u0259 ya \u015f\u0259xsi ba\u011fda \u2013 ist\u0259nil\u0259n \u015f\u0259raitd\u0259 bu portativ yuma aparat\u0131 s\u00fcr\u0259tli aral\u0131q t\u0259mizliyi t\u0259min edir. Funksional imkanlar\u0131n\u0131 geni\u015fl\u0259ndirm\u0259k \u00fc\u00e7\u00fcn \u00e7oxsayl\u0131 opsional aksessuarlar t\u0259klif olunur.<\/p>","protected":false},"excerpt":{"rendered":"<p>Y\u0131\u011fcam saxlanma v\u0259 da\u015f\u0131nma \u00fc\u00e7\u00fcn qatlanan \u00e7\u0259n say\u0259sind\u0259 mobil v\u0259 rahatd\u0131r: m\u00fcxt\u0259lif t\u0259mizl\u0259m\u0259 tap\u015f\u0131r\u0131qlar\u0131n\u0131n \u00f6hd\u0259sind\u0259n g\u0259lm\u0259k \u00fc\u00e7\u00fcn n\u0259z\u0259rd\u0259 tutulmu\u015f litium-ion akkumulyatorlu OC 3 Foldable portativ yuma aparat\u0131<\/p>","protected":false},"featured_media":15565,"comment_status":"open","ping_status":"closed","template":"","meta":[],"product_cat":[15,20],"product_tag":[],"class_list":{"0":"post-15564","1":"product","2":"type-product","3":"status-publish","4":"has-post-thumbnail","6":"product_cat-home-garden","7":"product_cat-mojki-vysokogo-davleniya","9":"first","10":"instock","11":"shipping-taxable","12":"purchasable","13":"product-type-simple"},"_links":{"self":[{"href":"https:\/\/karchershop.az\/az\/wp-json\/wp\/v2\/product\/15564","targetHints":{"allow":["GET"]}}],"collection":[{"href":"https:\/\/karchershop.az\/az\/wp-json\/wp\/v2\/product"}],"about":[{"href":"https:\/\/karchershop.az\/az\/wp-json\/wp\/v2\/types\/product"}],"replies":[{"embeddable":true,"href":"https:\/\/karchershop.az\/az\/wp-json\/wp\/v2\/comments?post=15564"}],"wp:featuredmedia":[{"embeddable":true,"href":"https:\/\/karchershop.az\/az\/wp-json\/wp\/v2\/media\/15565"}],"wp:attachment":[{"href":"https:\/\/karchershop.az\/az\/wp-json\/wp\/v2\/media?parent=15564"}],"wp:term":[{"taxonomy":"product_cat","embeddable":true,"href":"https:\/\/karchershop.az\/az\/wp-json\/wp\/v2\/product_cat?post=15564"},{"taxonomy":"product_tag","embeddable":true,"href":"https:\/\/karchershop.az\/az\/wp-json\/wp\/v2\/product_tag?post=15564"}],"curies":[{"name":"wp","href":"https:\/\/api.w.org\/{rel}","templated":true}]}}