{"id":15643,"date":"2026-01-05T16:07:13","date_gmt":"2026-01-05T12:07:13","guid":{"rendered":"https:\/\/karchershop.az\/?post_type=product&#038;p=15643"},"modified":"2026-05-01T21:36:25","modified_gmt":"2026-05-01T17:36:25","slug":"robot-pylesos-s-funktsiej-vlazhnoj-uborki-rvc-3-eu","status":"publish","type":"product","link":"https:\/\/karchershop.az\/az\/home-garden\/roboty-pylesosy\/robot-pylesos-s-funktsiej-vlazhnoj-uborki-rvc-3-eu","title":{"rendered":"RVC 3 *EU"},"content":{"rendered":"<div class=\"flex flex-col text-sm pb-25\">\n<article class=\"text-token-text-primary w-full focus:outline-none [--shadow-height:45px] has-data-writing-block:pointer-events-none has-data-writing-block:-mt-(--shadow-height) has-data-writing-block:pt-(--shadow-height) [&amp;:has([data-writing-block])&gt;*]:pointer-events-auto scroll-mt-[calc(var(--header-height)+min(200px,max(70px,20svh)))]\" dir=\"auto\" tabindex=\"-1\" data-turn-id=\"request-WEB:3cd20210-a1c2-4680-96ec-f53178185c1e-1\" data-testid=\"conversation-turn-4\" data-scroll-anchor=\"true\" data-turn=\"assistant\">\n<div class=\"text-base my-auto mx-auto pb-10 [--thread-content-margin:--spacing(4)] @w-sm\/main:[--thread-content-margin:--spacing(6)] @w-lg\/main:[--thread-content-margin:--spacing(16)] px-(--thread-content-margin)\">\n<div class=\"[--thread-content-max-width:40rem] @w-lg\/main:[--thread-content-max-width:48rem] mx-auto max-w-(--thread-content-max-width) flex-1 group\/turn-messages focus-visible:outline-hidden relative flex w-full min-w-0 flex-col agent-turn\" tabindex=\"-1\">\n<div class=\"flex max-w-full flex-col grow\">\n<div class=\"min-h-8 text-message relative flex w-full flex-col items-end gap-2 text-start break-words whitespace-normal [.text-message+&amp;]:mt-1\" dir=\"auto\" data-message-author-role=\"assistant\" data-message-id=\"e1f45aae-f40b-45a6-ad31-32c50c349108\" data-message-model-slug=\"gpt-5-2\">\n<div class=\"flex w-full flex-col gap-1 empty:hidden first:pt-[1px]\">\n<div class=\"markdown prose dark:prose-invert w-full break-words dark markdown-new-styling\">\n<p data-start=\"0\" data-end=\"400\">\u0418\u043d\u0442\u0435\u043b\u043b\u0435\u043a\u0442\u0443\u0430\u043b\u044c\u043d\u044b\u0439 \u0440\u043e\u0431\u043e\u0442-\u043f\u044b\u043b\u0435\u0441\u043e\u0441 RVC 3 \u0431\u0435\u0440\u0451\u0442 \u043d\u0430 \u0441\u0435\u0431\u044f \u0443\u0445\u043e\u0434 \u0437\u0430 \u043f\u043e\u043b\u0430\u043c\u0438, \u0441\u0438\u0441\u0442\u0435\u043c\u0430\u0442\u0438\u0447\u043d\u043e \u0438 \u0441\u0430\u043c\u043e\u0441\u0442\u043e\u044f\u0442\u0435\u043b\u044c\u043d\u043e \u043e\u0447\u0438\u0449\u0430\u044f \u0442\u0432\u0451\u0440\u0434\u044b\u0435 \u043d\u0430\u043f\u043e\u043b\u044c\u043d\u044b\u0435 \u043f\u043e\u043a\u0440\u044b\u0442\u0438\u044f \u0438 \u043a\u043e\u0432\u0440\u044b \u0441 \u043d\u0438\u0437\u043a\u0438\u043c \u0432\u043e\u0440\u0441\u043e\u043c. \u0421\u0443\u0445\u0430\u044f \u0433\u0440\u044f\u0437\u044c \u043d\u0430\u0434\u0451\u0436\u043d\u043e \u0441\u043e\u0431\u0438\u0440\u0430\u0435\u0442\u0441\u044f \u043e\u0441\u043d\u043e\u0432\u043d\u043e\u0439 \u0438 \u0431\u043e\u043a\u043e\u0432\u044b\u043c\u0438 \u0449\u0451\u0442\u043a\u0430\u043c\u0438, \u0430 \u0442\u0430\u043a\u0436\u0435 \u0432\u0441\u0430\u0441\u044b\u0432\u0430\u044e\u0449\u0438\u043c \u043c\u043e\u0434\u0443\u043b\u0435\u043c \u0438 \u0442\u0440\u0430\u043d\u0441\u043f\u043e\u0440\u0442\u0438\u0440\u0443\u0435\u0442\u0441\u044f \u0432\u043e \u0432\u0441\u0442\u0440\u043e\u0435\u043d\u043d\u044b\u0439 \u043f\u044b\u043b\u0435\u0441\u0431\u043e\u0440\u043d\u0438\u043a. \u041f\u0440\u0438 \u043d\u0435\u043e\u0431\u0445\u043e\u0434\u0438\u043c\u043e\u0441\u0442\u0438 RVC 3 \u0432\u044b\u043f\u043e\u043b\u043d\u044f\u0435\u0442 \u043d\u0435 \u0442\u043e\u043b\u044c\u043a\u043e \u0441\u0443\u0445\u0443\u044e, \u043d\u043e \u0438 \u043b\u0451\u0433\u043a\u0443\u044e \u0432\u043b\u0430\u0436\u043d\u0443\u044e \u0443\u0431\u043e\u0440\u043a\u0443, \u0431\u043e\u043b\u0435\u0435 \u044d\u0444\u0444\u0435\u043a\u0442\u0438\u0432\u043d\u043e \u0441\u0432\u044f\u0437\u044b\u0432\u0430\u044f \u043f\u044b\u043b\u044c.<\/p>\n<p data-start=\"402\" data-end=\"830\">\u041f\u0440\u0438 \u0441\u043d\u0438\u0436\u0435\u043d\u0438\u0438 \u0443\u0440\u043e\u0432\u043d\u044f \u0437\u0430\u0440\u044f\u0434\u0430 \u0430\u043a\u043a\u0443\u043c\u0443\u043b\u044f\u0442\u043e\u0440\u0430 RVC 3 \u0430\u0432\u0442\u043e\u043c\u0430\u0442\u0438\u0447\u0435\u0441\u043a\u0438 \u043f\u043e\u0434\u0437\u0430\u0440\u044f\u0436\u0430\u0435\u0442\u0441\u044f \u0438 \u043f\u043e\u0441\u043b\u0435 \u0437\u0430\u0432\u0435\u0440\u0448\u0435\u043d\u0438\u044f \u0440\u0430\u0431\u043e\u0442\u044b \u0432\u0441\u0435\u0433\u0434\u0430 \u0432\u043e\u0437\u0432\u0440\u0430\u0449\u0430\u0435\u0442\u0441\u044f \u043d\u0430 \u0437\u0430\u0440\u044f\u0434\u043d\u0443\u044e \u0441\u0442\u0430\u043d\u0446\u0438\u044e. \u0427\u0435\u0440\u0435\u0437 \u043f\u0440\u0438\u043b\u043e\u0436\u0435\u043d\u0438\u0435 \u0440\u043e\u0431\u043e\u0442 \u043e\u0442\u043f\u0440\u0430\u0432\u043b\u044f\u0435\u0442\u0441\u044f \u043d\u0430 \u00ab\u0440\u0430\u0437\u0432\u0435\u0434\u043a\u0443\u00bb \u0438 \u0430\u0432\u0442\u043e\u043c\u0430\u0442\u0438\u0447\u0435\u0441\u043a\u0438 \u0441\u043e\u0437\u0434\u0430\u0451\u0442 \u043a\u0430\u0440\u0442\u0443 \u043f\u043e\u043c\u0435\u0449\u0435\u043d\u0438\u0439, \u0441\u043a\u0430\u043d\u0438\u0440\u0443\u044f \u043e\u043a\u0440\u0443\u0436\u0430\u044e\u0449\u0435\u0435 \u043f\u0440\u043e\u0441\u0442\u0440\u0430\u043d\u0441\u0442\u0432\u043e \u0441 \u043f\u043e\u043c\u043e\u0449\u044c\u044e LiDAR. \u0414\u043b\u044f \u043a\u0430\u0436\u0434\u043e\u0439 \u043a\u043e\u043c\u043d\u0430\u0442\u044b \u043c\u043e\u0436\u043d\u043e \u0437\u0430\u0434\u0430\u0442\u044c \u0438\u043d\u0434\u0438\u0432\u0438\u0434\u0443\u0430\u043b\u044c\u043d\u044b\u0435 \u043f\u0430\u0440\u0430\u043c\u0435\u0442\u0440\u044b \u0443\u0431\u043e\u0440\u043a\u0438 \u2014 \u043d\u0430\u043f\u0440\u0438\u043c\u0435\u0440, \u0443\u043a\u0430\u0437\u0430\u0442\u044c, \u0433\u0434\u0435 \u0432\u044b\u043f\u043e\u043b\u043d\u044f\u0442\u044c \u0441\u0443\u0445\u0443\u044e \u0438\u043b\u0438 \u0432\u043b\u0430\u0436\u043d\u0443\u044e \u0443\u0431\u043e\u0440\u043a\u0443 \u043b\u0438\u0431\u043e \u043d\u0435 \u0443\u0431\u0438\u0440\u0430\u0442\u044c \u0432\u043e\u0432\u0441\u0435.<\/p>\n<p data-start=\"832\" data-end=\"1154\" data-is-last-node=\"\" data-is-only-node=\"\">\u0414\u043e\u043f\u043e\u043b\u043d\u0438\u0442\u0435\u043b\u044c\u043d\u044b\u0435 \u0434\u0430\u0442\u0447\u0438\u043a\u0438 \u043f\u0440\u0435\u0434\u043e\u0442\u0432\u0440\u0430\u0449\u0430\u044e\u0442 \u043f\u0430\u0434\u0435\u043d\u0438\u0435 \u0443\u0441\u0442\u0440\u043e\u0439\u0441\u0442\u0432\u0430, \u043d\u0430\u043f\u0440\u0438\u043c\u0435\u0440, \u0441\u043e \u0441\u0442\u0443\u043f\u0435\u043d\u0435\u0439. RVC 3 \u043c\u043e\u0436\u043d\u043e \u0443\u0434\u043e\u0431\u043d\u043e \u0437\u0430\u043f\u0443\u0441\u043a\u0430\u0442\u044c \u0447\u0435\u0440\u0435\u0437 \u043f\u0440\u0438\u043b\u043e\u0436\u0435\u043d\u0438\u0435, \u043f\u043e \u0437\u0430\u0440\u0430\u043d\u0435\u0435 \u0443\u0441\u0442\u0430\u043d\u043e\u0432\u043b\u0435\u043d\u043d\u043e\u043c\u0443 \u0438\u043d\u0434\u0438\u0432\u0438\u0434\u0443\u0430\u043b\u044c\u043d\u043e\u043c\u0443 \u0440\u0430\u0441\u043f\u0438\u0441\u0430\u043d\u0438\u044e \u0438\u043b\u0438 \u043d\u0430\u0436\u0430\u0442\u0438\u0435\u043c \u043a\u043d\u043e\u043f\u043a\u0438 \u043d\u0430 \u043a\u043e\u0440\u043f\u0443\u0441\u0435 \u0443\u0441\u0442\u0440\u043e\u0439\u0441\u0442\u0432\u0430. \u0415\u0441\u043b\u0438 \u0440\u043e\u0431\u043e\u0442\u0443-\u043f\u044b\u043b\u0435\u0441\u043e\u0441\u0443 \u043f\u043e\u0442\u0440\u0435\u0431\u0443\u0435\u0442\u0441\u044f \u043f\u043e\u043c\u043e\u0449\u044c, \u043e\u043d \u0447\u0430\u0441\u0442\u043e \u0441\u043e\u043e\u0431\u0449\u0430\u0435\u0442 \u043e\u0431 \u044d\u0442\u043e\u043c \u0441 \u043f\u043e\u043c\u043e\u0449\u044c\u044e \u0433\u043e\u043b\u043e\u0441\u043e\u0432\u044b\u0445 \u0443\u0432\u0435\u0434\u043e\u043c\u043b\u0435\u043d\u0438\u0439.<\/p>\n<\/div>\n<\/div>\n<\/div>\n<\/div>\n<div class=\"z-0 flex min-h-[46px] justify-start\"><\/div>\n<div class=\"mt-3 w-full empty:hidden\">\n<div class=\"text-center\"><\/div>\n<\/div>\n<\/div>\n<\/div>\n<\/article>\n<\/div>\n<div class=\"pointer-events-none h-px w-px absolute bottom-0\" aria-hidden=\"true\" data-edge=\"true\"><\/div>\n","protected":false},"excerpt":{"rendered":"<p>D\u0259qiq LiDAR naviqasiyas\u0131 v\u0259 t\u0259tbiq vasit\u0259sil\u0259 rahat idar\u0259etm\u0259 il\u0259 t\u0259chiz olunmu\u015f intellektual RVC 3 a\u015fa\u011f\u0131 t\u00fckl\u00fc xal\u00e7alar\u0131 v\u0259 s\u0259rt d\u00f6\u015f\u0259m\u0259l\u0259ri sistemli \u015f\u0259kild\u0259 v\u0259 tam avtonom olaraq t\u0259mizl\u0259yir, laz\u0131m g\u0259ldikd\u0259 is\u0259 ya\u015f t\u0259mizl\u0259m\u0259 funksiyas\u0131n\u0131 da yerin\u0259 yetirir.<\/p>","protected":false},"featured_media":15644,"comment_status":"open","ping_status":"closed","template":"","meta":[],"product_cat":[15,564],"product_tag":[],"class_list":{"0":"post-15643","1":"product","2":"type-product","3":"status-publish","4":"has-post-thumbnail","6":"product_cat-home-garden","7":"product_cat-roboty-pylesosy","9":"first","10":"instock","11":"shipping-taxable","12":"purchasable","13":"product-type-simple"},"_links":{"self":[{"href":"https:\/\/karchershop.az\/az\/wp-json\/wp\/v2\/product\/15643","targetHints":{"allow":["GET"]}}],"collection":[{"href":"https:\/\/karchershop.az\/az\/wp-json\/wp\/v2\/product"}],"about":[{"href":"https:\/\/karchershop.az\/az\/wp-json\/wp\/v2\/types\/product"}],"replies":[{"embeddable":true,"href":"https:\/\/karchershop.az\/az\/wp-json\/wp\/v2\/comments?post=15643"}],"wp:featuredmedia":[{"embeddable":true,"href":"https:\/\/karchershop.az\/az\/wp-json\/wp\/v2\/media\/15644"}],"wp:attachment":[{"href":"https:\/\/karchershop.az\/az\/wp-json\/wp\/v2\/media?parent=15643"}],"wp:term":[{"taxonomy":"product_cat","embeddable":true,"href":"https:\/\/karchershop.az\/az\/wp-json\/wp\/v2\/product_cat?post=15643"},{"taxonomy":"product_tag","embeddable":true,"href":"https:\/\/karchershop.az\/az\/wp-json\/wp\/v2\/product_tag?post=15643"}],"curies":[{"name":"wp","href":"https:\/\/api.w.org\/{rel}","templated":true}]}}