{"id":15662,"date":"2026-01-05T17:13:05","date_gmt":"2026-01-05T13:13:05","guid":{"rendered":"https:\/\/karchershop.az\/?post_type=product&#038;p=15662"},"modified":"2026-05-01T21:36:25","modified_gmt":"2026-05-01T17:36:25","slug":"minimojka-vysokogo-davleniya-k-4","status":"publish","type":"product","link":"https:\/\/karchershop.az\/az\/home-garden\/mojki-vysokogo-davleniya\/minimojka-vysokogo-davleniya-k-4","title":{"rendered":"K 4"},"content":{"rendered":"<p>K 4 y\u00fcks\u0259k t\u0259zyiqli yuma cihaz\u0131, n\u0259qliyyat vasit\u0259l\u0259ri v\u0259 sah\u0259 \u0259traf\u0131ndak\u0131 orta \u00f6l\u00e7\u00fcl\u00fc s\u0259thl\u0259r kimi m\u00fcnt\u0259z\u0259m t\u0259mizl\u0259m\u0259 tap\u015f\u0131r\u0131qlar\u0131 v\u0259 orta d\u0259r\u0259c\u0259li \u00e7irkl\u0259rin t\u0259mizl\u0259nm\u0259si \u00fc\u00e7\u00fcn ideal yolda\u015fd\u0131r. X\u00fcsusiyy\u0259tl\u0259rin\u0259 y\u00fcks\u0259k t\u0259zyiqli tapan\u00e7a, 6 metrlik y\u00fcks\u0259k t\u0259zyiqli \u015flanq, **Vario Power (VPS)** p\u00fcsk\u00fcrtm\u0259 borusu, inadkar kirl\u0259ri t\u0259mizl\u0259m\u0259k \u00fc\u00e7\u00fcn f\u0131rlanan n\u00f6qt\u0259vi uclu\u011fa malik kir frezi v\u0259 nasosu x\u0131rda \u00e7irk hiss\u0259cikl\u0259rind\u0259n qoruyan etibarl\u0131 su filtri daxildir. \n\nT\u0259zyiq, VPS borusunu sad\u0259c\u0259 \u00e7evirm\u0259kl\u0259 asanl\u0131qla t\u0259nziml\u0259nir, bu da s\u0259thl\u0259r\u0259 qar\u015f\u0131 z\u0259rif v\u0259 m\u0259qs\u0259dy\u00f6nl\u00fc t\u0259mizl\u0259m\u0259ni t\u0259min edir. F\u0131rlanan n\u00f6qt\u0259vi uclu\u011fa malik kir frezi h\u0259tta \u0259n inadkar kirl\u0259rd\u0259 bel\u0259 m\u00fck\u0259mm\u0259l t\u0259mizl\u0259m\u0259 n\u0259tic\u0259l\u0259rin\u0259 z\u0259man\u0259t verir. D\u0259st\u0259 daxil olan b\u00fct\u00fcn aksesuarlar birba\u015fa cihaz\u0131n \u00fcz\u0259rind\u0259 saxlan\u0131la bil\u0259r.<\/p>","protected":false},"excerpt":{"rendered":"<p>K 4 avtomobill\u0259rin, h\u0259m\u00e7inin sah\u0259 \u0259traf\u0131ndak\u0131 yollar\u0131n v\u0259 dig\u0259r s\u0259thl\u0259rin m\u00fcnt\u0259z\u0259m olaraq orta d\u0259r\u0259c\u0259li \u00e7irkl\u0259rd\u0259n t\u0259mizl\u0259nm\u0259si \u00fc\u00e7\u00fcn ideal se\u00e7imdir.<\/p>","protected":false},"featured_media":15663,"comment_status":"open","ping_status":"closed","template":"","meta":[],"product_cat":[15,20],"product_tag":[],"class_list":{"0":"post-15662","1":"product","2":"type-product","3":"status-publish","4":"has-post-thumbnail","6":"product_cat-home-garden","7":"product_cat-mojki-vysokogo-davleniya","9":"first","10":"instock","11":"shipping-taxable","12":"purchasable","13":"product-type-simple"},"_links":{"self":[{"href":"https:\/\/karchershop.az\/az\/wp-json\/wp\/v2\/product\/15662","targetHints":{"allow":["GET"]}}],"collection":[{"href":"https:\/\/karchershop.az\/az\/wp-json\/wp\/v2\/product"}],"about":[{"href":"https:\/\/karchershop.az\/az\/wp-json\/wp\/v2\/types\/product"}],"replies":[{"embeddable":true,"href":"https:\/\/karchershop.az\/az\/wp-json\/wp\/v2\/comments?post=15662"}],"wp:featuredmedia":[{"embeddable":true,"href":"https:\/\/karchershop.az\/az\/wp-json\/wp\/v2\/media\/15663"}],"wp:attachment":[{"href":"https:\/\/karchershop.az\/az\/wp-json\/wp\/v2\/media?parent=15662"}],"wp:term":[{"taxonomy":"product_cat","embeddable":true,"href":"https:\/\/karchershop.az\/az\/wp-json\/wp\/v2\/product_cat?post=15662"},{"taxonomy":"product_tag","embeddable":true,"href":"https:\/\/karchershop.az\/az\/wp-json\/wp\/v2\/product_tag?post=15662"}],"curies":[{"name":"wp","href":"https:\/\/api.w.org\/{rel}","templated":true}]}}