{"id":15782,"date":"2026-01-22T16:51:49","date_gmt":"2026-01-22T12:51:49","guid":{"rendered":"https:\/\/karchershop.az\/?post_type=product&#038;p=15782"},"modified":"2026-05-01T21:36:28","modified_gmt":"2026-05-01T17:36:28","slug":"rm-503","status":"publish","type":"product","link":"https:\/\/karchershop.az\/az\/home-garden\/moyushhie-sredstva-karcher\/rm-503","title":{"rendered":"RM 503"},"content":{"rendered":"<p>Karcher RM 503 vasit\u0259si praktik qabla\u015fd\u0131rmada t\u0259qdim olunur v\u0259 b\u00fct\u00fcn hamar, suya davaml\u0131 s\u0259thl\u0259rin (p\u0259nc\u0259r\u0259, \u015f\u00fc\u015f\u0259, g\u00fczg\u00fc, du\u015f kabin\u0259l\u0259ri v\u0259 s.) zolaq v\u0259 iz qoymadan t\u0259mizl\u0259nm\u0259si \u00fc\u00e7\u00fcn n\u0259z\u0259rd\u0259 tutulub. S\u0259th\u0259 su it\u0259l\u0259yici effekt verir v\u0259 yenid\u0259n \u00e7irkl\u0259nm\u0259ni l\u0259ngidir.\n\nQabla\u015fd\u0131rman\u0131 a\u00e7\u0131n, konsentratdan (20 ml) p\u00fcsk\u00fcrd\u00fcc\u00fc qaba t\u00f6k\u00fcn v\u0259 \u00fcz\u0259rin\u0259 230 ml su \u0259lav\u0259 ed\u0259r\u0259k durula\u015fd\u0131r\u0131n.<\/p>","protected":false},"excerpt":{"rendered":"<p>B\u00fct\u00fcn hamar v\u0259 suya davaml\u0131 s\u0259thl\u0259rin \u2013 m\u0259s\u0259l\u0259n, \u015f\u00fc\u015f\u0259, p\u0259nc\u0259r\u0259, g\u00fczg\u00fc, du\u015f kabin\u0259l\u0259ri v\u0259 s. \u2013 iz qoymadan t\u0259mizl\u0259nm\u0259si \u00fc\u00e7\u00fcn yuyucu vasit\u0259. Y\u00fcng\u00fcl su it\u0259l\u0259yici effekt yarad\u0131r v\u0259 s\u0259thl\u0259rin daha uzun m\u00fcdd\u0259t t\u0259miz qalmas\u0131n\u0131 t\u0259min edir.<\/p>","protected":false},"featured_media":15785,"comment_status":"open","ping_status":"closed","template":"","meta":[],"product_cat":[15,186],"product_tag":[],"class_list":{"0":"post-15782","1":"product","2":"type-product","3":"status-publish","4":"has-post-thumbnail","6":"product_cat-home-garden","7":"product_cat-moyushhie-sredstva-karcher","9":"first","10":"instock","11":"shipping-taxable","12":"purchasable","13":"product-type-simple"},"_links":{"self":[{"href":"https:\/\/karchershop.az\/az\/wp-json\/wp\/v2\/product\/15782","targetHints":{"allow":["GET"]}}],"collection":[{"href":"https:\/\/karchershop.az\/az\/wp-json\/wp\/v2\/product"}],"about":[{"href":"https:\/\/karchershop.az\/az\/wp-json\/wp\/v2\/types\/product"}],"replies":[{"embeddable":true,"href":"https:\/\/karchershop.az\/az\/wp-json\/wp\/v2\/comments?post=15782"}],"wp:featuredmedia":[{"embeddable":true,"href":"https:\/\/karchershop.az\/az\/wp-json\/wp\/v2\/media\/15785"}],"wp:attachment":[{"href":"https:\/\/karchershop.az\/az\/wp-json\/wp\/v2\/media?parent=15782"}],"wp:term":[{"taxonomy":"product_cat","embeddable":true,"href":"https:\/\/karchershop.az\/az\/wp-json\/wp\/v2\/product_cat?post=15782"},{"taxonomy":"product_tag","embeddable":true,"href":"https:\/\/karchershop.az\/az\/wp-json\/wp\/v2\/product_tag?post=15782"}],"curies":[{"name":"wp","href":"https:\/\/api.w.org\/{rel}","templated":true}]}}