{"id":15813,"date":"2026-01-26T09:47:08","date_gmt":"2026-01-26T05:47:08","guid":{"rendered":"https:\/\/karchershop.az\/?post_type=product&#038;p=15813"},"modified":"2026-05-01T21:36:30","modified_gmt":"2026-05-01T17:36:30","slug":"avtomobilnyj-shampun-3-v-1-rm-610-1l","status":"publish","type":"product","link":"https:\/\/karchershop.az\/az\/home-garden\/moyushhie-sredstva-karcher\/avtomobilnyj-shampun-3-v-1-rm-610-1l","title":{"rendered":"\u0410\u0432\u0442\u043e\u043c\u043e\u0431\u0438\u043b\u044c\u043d\u044b\u0439 \u0448\u0430\u043c\u043f\u0443\u043d\u044c 3 \u0432 1 RM 610, 1\u043b"},"content":{"rendered":"<ul>\n<li>\u042d\u0444\u0444\u0435\u043a\u0442\u0438\u0432\u043d\u043e\u0435 \u0438 \u0434\u0435\u043b\u0438\u043a\u0430\u0442\u043d\u043e\u0435 \u043c\u0443\u043b\u044c\u0442\u0438-\u0444\u0443\u043d\u043a\u0446\u0438\u043e\u043d\u0430\u043b\u044c\u043d\u043e\u0435 \u0447\u0438\u0441\u0442\u044f\u0449\u0435\u0435 \u0441\u0440\u0435\u0434\u0441\u0442\u0432\u043e<\/li>\n<li>\u0414\u043b\u044f \u043e\u0447\u0438\u0441\u0442\u043a\u0438 \u0434\u0435\u043b\u0438\u043a\u0430\u0442\u043d\u044b\u0445 \u0434\u0435\u0442\u0430\u043b\u0435\u0439 \u0430\u0432\u0442\u043e\u043c\u043e\u0431\u0438\u043b\u0435\u0439 \u0438 \u043c\u043e\u0442\u043e\u0446\u0438\u043a\u043b\u043e\u0432<\/li>\n<li>\u0411\u044b\u0441\u0442\u0440\u0430\u044f \u0438 \u044d\u0444\u0444\u0435\u043a\u0442\u0438\u0432\u043d\u0430\u044f \u043e\u0447\u0438\u0441\u0442\u043a\u0430 \u043f\u0440\u0438 \u0438\u0441\u043f\u043e\u043b\u044c\u0437\u043e\u0432\u0430\u043d\u0438\u0438 \u0430\u043f\u043f\u0430\u0440\u0430\u0442\u043e\u0432 \u0432\u044b\u0441\u043e\u043a\u043e\u0433\u043e \u0434\u0430\u0432\u043b\u0435\u043d\u0438\u044f \u041a\u0435\u0440\u0445\u0435\u0440.<\/li>\n<li>\u0424\u043e\u0440\u043c\u0443\u043b\u0430 \u0431\u044b\u0441\u0442\u0440\u043e\u0433\u043e \u0432\u044b\u0441\u044b\u0445\u0430\u043d\u0438\u044f \u0433\u0430\u0440\u0430\u043d\u0442\u0438\u0440\u0443\u0435\u0442 \u043e\u0447\u0438\u0441\u0442\u043a\u0443 \u0431\u0435\u0437 \u0440\u0430\u0437\u0432\u043e\u0434\u043e\u0432 \u0438 \u043d\u0435\u043e\u0431\u0445\u043e\u0434\u0438\u043c\u043e\u0441\u0442\u0438 \u0432\u0440\u0443\u0447\u043d\u0443\u044e \u043f\u043e\u043b\u0438\u0440\u043e\u0432\u0430\u0442\u044c \u043f\u043e\u0432\u0435\u0440\u0445\u043d\u043e\u0441\u0442\u044c<\/li>\n<li>\u0424\u043e\u0440\u043c\u0443\u043b\u0430 \u0443\u043b\u044c\u0442\u0440\u0430 \u0431\u043b\u0435\u0441\u043a\u0430 \u0434\u043b\u044f \u0441\u0438\u044f\u043d\u0438\u044f \u0432\u0441\u0435\u0433\u043e \u0430\u0432\u0442\u043e\u043c\u043e\u0431\u0438\u043b\u044f<\/li>\n<li>\u0421\u0438\u0441\u0442\u0435\u043c\u0430 Plug \u2019n\u2019 Clean &#8211; \u044d\u0442\u043e \u0441\u0430\u043c\u044b\u0439 \u043f\u0440\u043e\u0441\u0442\u043e\u0439 \u0438 \u0443\u0434\u043e\u0431\u043d\u044b\u0439 \u0441\u043f\u043e\u0441\u043e\u0431 \u043f\u0440\u0438\u043c\u0435\u043d\u0435\u043d\u0438\u044f \u043c\u043e\u044e\u0449\u0435\u0433\u043e \u0441\u0440\u0435\u0434\u0441\u0442\u0432\u0430 \u043f\u0440\u0438 \u0438\u0441\u043f\u043e\u043b\u044c\u0437\u043e\u0432\u0430\u043d\u0438\u0438 \u0430\u043f\u043f\u0430\u0440\u0430\u0442\u0430 \u0432\u044b\u0441\u043e\u043a\u043e\u0433\u043e \u0434\u0430\u0432\u043b\u0435\u043d\u0438\u044f K\u00e4rcher<\/li>\n<li>\u0413\u043e\u0442\u043e\u0432\u043e\u0435 \u043a \u0438\u0441\u043f\u043e\u043b\u044c\u0437\u043e\u0432\u0430\u043d\u0438\u044e \u0447\u0438\u0441\u0442\u044f\u0449\u0435\u0435 \u0441\u0440\u0435\u0434\u0441\u0442\u0432\u043e<\/li>\n<li>\u0420\u0430\u0437\u0440\u0430\u0431\u043e\u0442\u0430\u043d\u043e \u0441\u043f\u0435\u0446\u0438\u0430\u043b\u044c\u043d\u043e \u0434\u043b\u044f \u0443\u0441\u0442\u0440\u043e\u0439\u0441\u0442\u0432 K\u00e4rcher \u0441 \u0433\u0430\u0440\u0430\u043d\u0442\u0438\u0440\u043e\u0432\u0430\u043d\u043d\u043e\u0439 \u0441\u043e\u0432\u043c\u0435\u0441\u0442\u0438\u043c\u043e\u0441\u0442\u044c\u044e \u043c\u0430\u0442\u0435\u0440\u0438\u0430\u043b\u043e\u0432.<\/li>\n<li>\u041a\u043e\u0440\u043f\u0443\u0441 \u0431\u0443\u0442\u044b\u043b\u043a\u0438 \u0438\u0437\u0433\u043e\u0442\u043e\u0432\u043b\u0435\u043d \u0438\u0437 100% \u043f\u0435\u0440\u0435\u0440\u0430\u0431\u043e\u0442\u0430\u043d\u043d\u043e\u0433\u043e \u043f\u043b\u0430\u0441\u0442\u0438\u043a\u0430.<\/li>\n<li>\u0421\u0434\u0435\u043b\u0430\u043d\u043e \u0432 \u0413\u0435\u0440\u043c\u0430\u043d\u0438\u0438<\/li>\n<\/ul>","protected":false},"excerpt":{"rendered":"<p>S\u0259thl\u0259rin tez qurudulmas\u0131 \u00fc\u00e7\u00fcn aktiv bir t\u0259mizl\u0259yici komponent v\u0259 komponentl\u0259r daxil olmaqla \u00f6z\u00fcn\u0259m\u0259xsus \"3-\u00fc 1-d\u0259\" formulu olan y\u00fcks\u0259k t\u0259sirli \u015fampun. H\u0259m t\u0259mizliy\u0259, h\u0259m qay\u011f\u0131ya, h\u0259m d\u0259 qorunmaya z\u0259man\u0259t verir.  Ma\u015fin yumaq ucun derman, ma\u015fin yumaq ucun k\u00f6p\u00fck, ma\u015fin dermani. H\u0259r hans\u0131 bir avtomobild\u0259 yum\u015faq yuma t\u0259min edir.<\/p>","protected":false},"featured_media":15814,"comment_status":"open","ping_status":"closed","template":"","meta":[],"product_cat":[15,186],"product_tag":[],"class_list":{"0":"post-15813","1":"product","2":"type-product","3":"status-publish","4":"has-post-thumbnail","6":"product_cat-home-garden","7":"product_cat-moyushhie-sredstva-karcher","9":"first","10":"instock","11":"shipping-taxable","12":"purchasable","13":"product-type-simple"},"_links":{"self":[{"href":"https:\/\/karchershop.az\/az\/wp-json\/wp\/v2\/product\/15813","targetHints":{"allow":["GET"]}}],"collection":[{"href":"https:\/\/karchershop.az\/az\/wp-json\/wp\/v2\/product"}],"about":[{"href":"https:\/\/karchershop.az\/az\/wp-json\/wp\/v2\/types\/product"}],"replies":[{"embeddable":true,"href":"https:\/\/karchershop.az\/az\/wp-json\/wp\/v2\/comments?post=15813"}],"wp:featuredmedia":[{"embeddable":true,"href":"https:\/\/karchershop.az\/az\/wp-json\/wp\/v2\/media\/15814"}],"wp:attachment":[{"href":"https:\/\/karchershop.az\/az\/wp-json\/wp\/v2\/media?parent=15813"}],"wp:term":[{"taxonomy":"product_cat","embeddable":true,"href":"https:\/\/karchershop.az\/az\/wp-json\/wp\/v2\/product_cat?post=15813"},{"taxonomy":"product_tag","embeddable":true,"href":"https:\/\/karchershop.az\/az\/wp-json\/wp\/v2\/product_tag?post=15813"}],"curies":[{"name":"wp","href":"https:\/\/api.w.org\/{rel}","templated":true}]}}