{"id":15826,"date":"2026-01-26T11:52:08","date_gmt":"2026-01-26T07:52:08","guid":{"rendered":"https:\/\/karchershop.az\/?post_type=product&#038;p=15826"},"modified":"2026-05-12T11:00:14","modified_gmt":"2026-05-12T07:00:14","slug":"k-7-comfort-premium-connect","status":"publish","type":"product","link":"https:\/\/karchershop.az\/az\/home-garden\/mojki-vysokogo-davleniya\/k-7-comfort-premium-connect","title":{"rendered":"K 7 Comfort Premium Connect"},"content":{"rendered":"<blockquote><p><strong>Uzun\u00f6m\u00fcrl\u00fc su il\u0259 soyudulan m\u00fch\u0259rrik\u0259 malik K 7 Comfort Premium Connect y\u00fcks\u0259k t\u0259zyiqli yuyucu tez-tez t\u0259mizl\u0259m\u0259 i\u015fl\u0259ri \u00fc\u00e7\u00fcn sabit g\u00fcc t\u0259min edir, daxili \u015flanq sar\u011f\u0131s\u0131 v\u0259 PremiumFlex \u015flanq\u0131 is\u0259 daha b\u00f6y\u00fck elastiklik yarad\u0131r. G 180 Q Comfort Connect p\u00fcsk\u00fcrtm\u0259 tapan\u00e7as\u0131 eco!Mode daxil olmaqla 3 t\u0259zyiq s\u0259viyy\u0259sini v\u0259 2 yuyucu vasit\u0259 \u00f6t\u00fcrm\u0259 s\u0259viyy\u0259sini g\u00f6st\u0259r\u0259n LCD displey il\u0259 t\u0259chiz olunub.\n\nRahat istifad\u0259 \u00fc\u00e7\u00fcn COMFORT!Hold funksiyas\u0131 saxlan\u0131lan t\u0259zyiqi n\u0259z\u0259r\u0259\u00e7arpacaq d\u0259r\u0259c\u0259d\u0259 azald\u0131r, p\u00fcsk\u00fcrtm\u0259 tapan\u00e7as\u0131 \u00fcz\u0259rind\u0259 s\u0259viyy\u0259 t\u0259nziml\u0259nm\u0259si is\u0259 erqonomikan\u0131 xeyli yax\u015f\u0131la\u015fd\u0131r\u0131r. Praktik Quick Connect sistemi y\u00fcks\u0259k t\u0259zyiqli \u015flanq\u0131n asan v\u0259 s\u00fcr\u0259tli qo\u015fulmas\u0131n\u0131 t\u0259min edir, universal 4-\u00fc-1 \u00e7ox\u015f\u0131rnaql\u0131 ba\u015fl\u0131q is\u0259 4 p\u00fcsk\u00fcrtm\u0259 n\u00f6v\u00fcn\u00fc birl\u0259\u015fdirir v\u0259 ba\u015fl\u0131\u011f\u0131n sad\u0259 f\u0131rlad\u0131lmas\u0131 il\u0259 rahat se\u00e7ilir.\n\nPraktik 2-si-1-d\u0259 yuyucu vasit\u0259 verilm\u0259si konsepsiyas\u0131 t\u0259tbiq sah\u0259sind\u0259n as\u0131l\u0131 olaraq yuyucu vasit\u0259nin optimal t\u0259tbiqini t\u0259min edir. Bluetooth vasit\u0259sil\u0259 K\u00e4rcher Home &amp; Garden t\u0259tbiqin\u0259 qo\u015fulma say\u0259sind\u0259 t\u0259zyiqi smartfon vasit\u0259sil\u0259 rahat \u015f\u0259kild\u0259 t\u0259nziml\u0259m\u0259k m\u00fcmk\u00fcnd\u00fcr. T\u0259tbiq h\u0259m\u00e7inin faydal\u0131 istifad\u0259 m\u0259sl\u0259h\u0259t\u00e7isi, el\u0259c\u0259 d\u0259 praktik t\u00f6vsiy\u0259 v\u0259 g\u00f6st\u0259ri\u015fl\u0259r t\u0259qdim edir.<\/strong><\/p>\n<div style=\"width: 980px;\" class=\"wp-video\"><video class=\"wp-video-shortcode\" id=\"video-15826-1\" width=\"980\" height=\"551\" preload=\"metadata\" controls=\"controls\"><source type=\"video\/mp4\" src=\"https:\/\/karchershop.az\/wp-content\/uploads\/2026\/01\/k-7-comfort-premium-connect-pressure-washer.mp4?_=1\" \/><a href=\"https:\/\/karchershop.az\/wp-content\/uploads\/2026\/01\/k-7-comfort-premium-connect-pressure-washer.mp4\">https:\/\/karchershop.az\/wp-content\/uploads\/2026\/01\/k-7-comfort-premium-connect-pressure-washer.mp4<\/a><\/video><\/div><\/blockquote>","protected":false},"excerpt":{"rendered":"<div class=\"gtx-body\">Y\u00fcks\u0259k t\u0259zyiqli yuyucu K 7 Comfort Premium Connect su il\u0259 soyudulan m\u00fch\u0259rriki, PremiumFlex \u015flanq\u0131 v\u0259 \u015flanq sar\u011f\u0131s\u0131 say\u0259sind\u0259 ev v\u0259 avtomobil \u00fc\u00e7\u00fcn 60 m\u00b2\/saat m\u0259hsuldarl\u0131q t\u0259min edir.<\/div>","protected":false},"featured_media":15827,"comment_status":"open","ping_status":"closed","template":"","meta":[],"product_cat":[15,20],"product_tag":[],"class_list":{"0":"post-15826","1":"product","2":"type-product","3":"status-publish","4":"has-post-thumbnail","6":"product_cat-home-garden","7":"product_cat-mojki-vysokogo-davleniya","9":"first","10":"instock","11":"sale","12":"shipping-taxable","13":"purchasable","14":"product-type-simple"},"_links":{"self":[{"href":"https:\/\/karchershop.az\/az\/wp-json\/wp\/v2\/product\/15826","targetHints":{"allow":["GET"]}}],"collection":[{"href":"https:\/\/karchershop.az\/az\/wp-json\/wp\/v2\/product"}],"about":[{"href":"https:\/\/karchershop.az\/az\/wp-json\/wp\/v2\/types\/product"}],"replies":[{"embeddable":true,"href":"https:\/\/karchershop.az\/az\/wp-json\/wp\/v2\/comments?post=15826"}],"wp:featuredmedia":[{"embeddable":true,"href":"https:\/\/karchershop.az\/az\/wp-json\/wp\/v2\/media\/15827"}],"wp:attachment":[{"href":"https:\/\/karchershop.az\/az\/wp-json\/wp\/v2\/media?parent=15826"}],"wp:term":[{"taxonomy":"product_cat","embeddable":true,"href":"https:\/\/karchershop.az\/az\/wp-json\/wp\/v2\/product_cat?post=15826"},{"taxonomy":"product_tag","embeddable":true,"href":"https:\/\/karchershop.az\/az\/wp-json\/wp\/v2\/product_tag?post=15826"}],"curies":[{"name":"wp","href":"https:\/\/api.w.org\/{rel}","templated":true}]}}