{"id":15929,"date":"2026-02-05T11:15:16","date_gmt":"2026-02-05T07:15:16","guid":{"rendered":"https:\/\/karchershop.az\/?post_type=product&#038;p=15929"},"modified":"2026-05-02T23:46:23","modified_gmt":"2026-05-02T19:46:23","slug":"robot-rvf-7-comfort","status":"publish","type":"product","link":"https:\/\/karchershop.az\/az\/home-garden\/roboty-pylesosy\/robot-rvf-7-comfort","title":{"rendered":"Robot RVF 7 Comfort"},"content":{"rendered":"<p>RVF 7 Comfort a\u011f\u0131ll\u0131 tozsoran\u0131 il\u0259 d\u00f6\u015f\u0259m\u0259l\u0259rin t\u0259mizl\u0259nm\u0259sinin n\u0259 q\u0259d\u0259r asan oldu\u011funu d\u0259y\u0259rl\u0259ndirin. Bu innovativ yuyucu robot-tozsoran t\u0259kc\u0259 s\u0259rt \u00f6rt\u00fckl\u00fc d\u00f6\u015f\u0259m\u0259l\u0259ri deyil, h\u0259m d\u0259 a\u015fa\u011f\u0131 xovlu xal\u00e7alar\u0131 t\u0259mizl\u0259yir \u2014 \u00f6z\u00fc d\u0259 tam avtonom \u015f\u0259kild\u0259. LiDAR il\u0259 a\u011f\u0131ll\u0131 naviqasiya say\u0259sind\u0259\u2026<span class=\"fix-spelling\">Robot tozsoran Lidar-<\/span>\u2026videokamera v\u0259 s\u00fcni intellekt texnologiyas\u0131 say\u0259sind\u0259 mane\u0259l\u0259ri tan\u0131y\u0131r v\u0259 b\u00fct\u00fcn otaqlar \u00fczr\u0259 inamla h\u0259r\u0259k\u0259t edir. 10 000 paskala q\u0259d\u0259r soru\u015fdurma g\u00fcc\u00fc il\u0259 quru t\u0259mizl\u0259m\u0259 zaman\u0131 \u00e7irki asanl\u0131qla aradan qald\u0131r\u0131r, K\u00e4rcher-in s\u0131naqdan ke\u00e7mi\u015f silindrik f\u0131r\u00e7a texnologiyas\u0131 is\u0259 y\u00fcks\u0259k s\u0259viyy\u0259d\u0259 ya\u015f t\u0259mizl\u0259m\u0259 t\u0259min edir.\n\nRVF 7 Comfort-un \u00e7oxfunksiyal\u0131 stansiyas\u0131 daha y\u00fcks\u0259k avtonomluq yarad\u0131r. T\u0259miz su bitdikd\u0259 v\u0259 ya \u00e7irkli su v\u0259 quru tullant\u0131 konteynerl\u0259ri dolduqda, RVF 7 Comfort avtomatik olaraq stansiyaya qay\u0131d\u0131r. Orada cihaz t\u0259miz su il\u0259 doldurulur, \u00e7irkli su v\u0259 quru tullant\u0131lar is\u0259 istifad\u0259\u00e7inin i\u015ftirak\u0131 olmadan t\u0259mizl\u0259nir.\n\nRVF 7 Comfort-u rahat t\u0259tbiq vasit\u0259sil\u0259 idar\u0259 edin v\u0259 o, q\u00fcsursuz t\u0259mizlik yaradark\u0259n siz bo\u015f vaxt\u0131n\u0131zdan z\u00f6vq al\u0131n.<\/p>","protected":false},"excerpt":{"rendered":"<p>RVF 7 Comfort \u2014 s\u0259rt d\u00f6\u015f\u0259m\u0259l\u0259rin v\u0259 a\u015fa\u011f\u0131 xovlu xal\u00e7alar\u0131n tam avtonom t\u0259mizl\u0259nm\u0259si \u00fc\u00e7\u00fcn n\u0259z\u0259rd\u0259 tutulmu\u015f a\u011f\u0131ll\u0131, yuyucu robot-tozsorand\u0131r. \u0130ntellektual naviqasiya.\u00a0<span class=\"fix-spelling\">Robot tozsoran Lidar-<\/span>\u00a0Kamera v\u0259 s\u00fcni intellektl\u0259 t\u0259chiz olunaraq d\u0259qiq istiqam\u0259tl\u0259nm\u0259 v\u0259 mane\u0259l\u0259rin yan\u0131ndan ke\u00e7idi t\u0259min edir, 10 000 Pa-ya q\u0259d\u0259r soru\u015fdurma g\u00fcc\u00fc v\u0259 K\u00e4rcher silindrik f\u0131r\u00e7as\u0131 is\u0259 effektiv quru v\u0259 ya\u015f t\u0259mizliy\u0259 z\u0259man\u0259t verir. \u00c7oxfunksiyal\u0131 stansiya su ehtiyat\u0131n\u0131 avtomatik doldurur v\u0259 konteynerl\u0259ri t\u0259mizl\u0259yir, t\u0259tbiq vasit\u0259sil\u0259 idar\u0259etm\u0259 is\u0259 maksimum rahatl\u0131q v\u0259 daha \u00e7ox bo\u015f vaxt t\u0259min edir.<\/p>","protected":false},"featured_media":15930,"comment_status":"open","ping_status":"closed","template":"","meta":[],"product_cat":[15,564],"product_tag":[],"class_list":{"0":"post-15929","1":"product","2":"type-product","3":"status-publish","4":"has-post-thumbnail","6":"product_cat-home-garden","7":"product_cat-roboty-pylesosy","9":"first","10":"instock","11":"shipping-taxable","12":"purchasable","13":"product-type-simple"},"_links":{"self":[{"href":"https:\/\/karchershop.az\/az\/wp-json\/wp\/v2\/product\/15929","targetHints":{"allow":["GET"]}}],"collection":[{"href":"https:\/\/karchershop.az\/az\/wp-json\/wp\/v2\/product"}],"about":[{"href":"https:\/\/karchershop.az\/az\/wp-json\/wp\/v2\/types\/product"}],"replies":[{"embeddable":true,"href":"https:\/\/karchershop.az\/az\/wp-json\/wp\/v2\/comments?post=15929"}],"wp:featuredmedia":[{"embeddable":true,"href":"https:\/\/karchershop.az\/az\/wp-json\/wp\/v2\/media\/15930"}],"wp:attachment":[{"href":"https:\/\/karchershop.az\/az\/wp-json\/wp\/v2\/media?parent=15929"}],"wp:term":[{"taxonomy":"product_cat","embeddable":true,"href":"https:\/\/karchershop.az\/az\/wp-json\/wp\/v2\/product_cat?post=15929"},{"taxonomy":"product_tag","embeddable":true,"href":"https:\/\/karchershop.az\/az\/wp-json\/wp\/v2\/product_tag?post=15929"}],"curies":[{"name":"wp","href":"https:\/\/api.w.org\/{rel}","templated":true}]}}